{"id":1013,"date":"2022-10-24T20:37:10","date_gmt":"2022-10-24T18:37:10","guid":{"rendered":"https:\/\/hakner.eu\/kontakt\/"},"modified":"2023-08-22T11:46:23","modified_gmt":"2023-08-22T09:46:23","slug":"kontakt","status":"publish","type":"page","link":"https:\/\/hakner.eu\/cs\/kontakt\/","title":{"rendered":"Kontakt\u00a0"},"content":{"rendered":"\n<ul class=\"wp-block-list\">\n<li><a href=\"tel:+48 22 511 33 30\" data-type=\"tel\">+48 22 511 33 00<\/a><\/li>\n\n\n\n<li><a href=\"mailto:office@hakner.eu\">office@hakner.eu<\/a><\/li>\n<\/ul>\n\n\n\n<p><strong>Kancel\u00e1\u0159:&nbsp;<\/strong><br>ul. Matuszewska 14 (City Point)<br>03-876 Warszawa<\/p>\n\n\n\n<p><strong>Pracovn\u00ed doba:&nbsp;<\/strong><br>poniedzia\u0142ek \u2013 pi\u0105tek: 8:00 \u2013 16:00<\/p>\n\n\n\n<p>DI\u010c: PL1131279049 <br>I\u010cO: 012845426<\/p>\n","protected":false},"excerpt":{"rendered":"<p>Kancel\u00e1\u0159:&nbsp;ul. Matuszewska 14 (City Point)03-876 Warszawa Pracovn\u00ed doba:&nbsp;poniedzia\u0142ek \u2013 pi\u0105tek: 8:00 \u2013 16:00 DI\u010c: PL1131279049 I\u010cO: 012845426<\/p>\n","protected":false},"author":1,"featured_media":0,"parent":0,"menu_order":41,"comment_status":"closed","ping_status":"closed","template":"template_contact.php","meta":{"_acf_changed":false,"qubely_global_settings":"","qubely_interactions":"","footnotes":""},"class_list":["post-1013","page","type-page","status-publish","hentry"],"acf":[],"yoast_head":"<!-- This site is optimized with the Yoast SEO plugin v27.2 - https:\/\/yoast.com\/product\/yoast-seo-wordpress\/ -->\n<title>Kontakt\u00a0 - Hakner<\/title>\n<meta name=\"robots\" content=\"index, follow, max-snippet:-1, max-image-preview:large, max-video-preview:-1\" \/>\n<link rel=\"canonical\" href=\"https:\/\/hakner.eu\/cs\/kontakt\/\" \/>\n<meta property=\"og:locale\" content=\"cs_CZ\" \/>\n<meta property=\"og:type\" content=\"article\" \/>\n<meta property=\"og:title\" content=\"Kontakt\u00a0 - Hakner\" \/>\n<meta property=\"og:description\" content=\"Kancel\u00e1\u0159:&nbsp;ul. Matuszewska 14 (City Point)03-876 Warszawa Pracovn\u00ed doba:&nbsp;poniedzia\u0142ek \u2013 pi\u0105tek: 8:00 \u2013 16:00 DI\u010c: PL1131279049 I\u010cO: 012845426\" \/>\n<meta property=\"og:url\" content=\"https:\/\/hakner.eu\/cs\/kontakt\/\" \/>\n<meta property=\"og:site_name\" content=\"Hakner\" \/>\n<meta property=\"article:modified_time\" content=\"2023-08-22T09:46:23+00:00\" \/>\n<meta name=\"twitter:card\" content=\"summary_large_image\" \/>\n<meta name=\"twitter:label1\" content=\"Odhadovan\u00e1 doba \u010dten\u00ed\" \/>\n\t<meta name=\"twitter:data1\" content=\"1 minuta\" \/>\n<script type=\"application\/ld+json\" class=\"yoast-schema-graph\">{\"@context\":\"https:\/\/schema.org\",\"@graph\":[{\"@type\":\"WebPage\",\"@id\":\"https:\/\/hakner.eu\/cs\/kontakt\/\",\"url\":\"https:\/\/hakner.eu\/cs\/kontakt\/\",\"name\":\"Kontakt\u00a0 - Hakner\",\"isPartOf\":{\"@id\":\"https:\/\/hakner.eu\/#website\"},\"datePublished\":\"2022-10-24T18:37:10+00:00\",\"dateModified\":\"2023-08-22T09:46:23+00:00\",\"breadcrumb\":{\"@id\":\"https:\/\/hakner.eu\/cs\/kontakt\/#breadcrumb\"},\"inLanguage\":\"cs\",\"potentialAction\":[{\"@type\":\"ReadAction\",\"target\":[\"https:\/\/hakner.eu\/cs\/kontakt\/\"]}]},{\"@type\":\"BreadcrumbList\",\"@id\":\"https:\/\/hakner.eu\/cs\/kontakt\/#breadcrumb\",\"itemListElement\":[{\"@type\":\"ListItem\",\"position\":1,\"name\":\"Home\",\"item\":\"https:\/\/hakner.eu\/cs\/\"},{\"@type\":\"ListItem\",\"position\":2,\"name\":\"Kontakt\u00a0\"}]},{\"@type\":\"WebSite\",\"@id\":\"https:\/\/hakner.eu\/#website\",\"url\":\"https:\/\/hakner.eu\/\",\"name\":\"Hakner\",\"description\":\"Jako\u015b\u0107 Funkcjonalno\u015b\u0107 Design\",\"potentialAction\":[{\"@type\":\"SearchAction\",\"target\":{\"@type\":\"EntryPoint\",\"urlTemplate\":\"https:\/\/hakner.eu\/?s={search_term_string}\"},\"query-input\":{\"@type\":\"PropertyValueSpecification\",\"valueRequired\":true,\"valueName\":\"search_term_string\"}}],\"inLanguage\":\"cs\"}]}<\/script>\n<!-- \/ Yoast SEO plugin. -->","yoast_head_json":{"title":"Kontakt\u00a0 - Hakner","robots":{"index":"index","follow":"follow","max-snippet":"max-snippet:-1","max-image-preview":"max-image-preview:large","max-video-preview":"max-video-preview:-1"},"canonical":"https:\/\/hakner.eu\/cs\/kontakt\/","og_locale":"cs_CZ","og_type":"article","og_title":"Kontakt\u00a0 - Hakner","og_description":"Kancel\u00e1\u0159:&nbsp;ul. Matuszewska 14 (City Point)03-876 Warszawa Pracovn\u00ed doba:&nbsp;poniedzia\u0142ek \u2013 pi\u0105tek: 8:00 \u2013 16:00 DI\u010c: PL1131279049 I\u010cO: 012845426","og_url":"https:\/\/hakner.eu\/cs\/kontakt\/","og_site_name":"Hakner","article_modified_time":"2023-08-22T09:46:23+00:00","twitter_card":"summary_large_image","twitter_misc":{"Odhadovan\u00e1 doba \u010dten\u00ed":"1 minuta"},"schema":{"@context":"https:\/\/schema.org","@graph":[{"@type":"WebPage","@id":"https:\/\/hakner.eu\/cs\/kontakt\/","url":"https:\/\/hakner.eu\/cs\/kontakt\/","name":"Kontakt\u00a0 - Hakner","isPartOf":{"@id":"https:\/\/hakner.eu\/#website"},"datePublished":"2022-10-24T18:37:10+00:00","dateModified":"2023-08-22T09:46:23+00:00","breadcrumb":{"@id":"https:\/\/hakner.eu\/cs\/kontakt\/#breadcrumb"},"inLanguage":"cs","potentialAction":[{"@type":"ReadAction","target":["https:\/\/hakner.eu\/cs\/kontakt\/"]}]},{"@type":"BreadcrumbList","@id":"https:\/\/hakner.eu\/cs\/kontakt\/#breadcrumb","itemListElement":[{"@type":"ListItem","position":1,"name":"Home","item":"https:\/\/hakner.eu\/cs\/"},{"@type":"ListItem","position":2,"name":"Kontakt\u00a0"}]},{"@type":"WebSite","@id":"https:\/\/hakner.eu\/#website","url":"https:\/\/hakner.eu\/","name":"Hakner","description":"Jako\u015b\u0107 Funkcjonalno\u015b\u0107 Design","potentialAction":[{"@type":"SearchAction","target":{"@type":"EntryPoint","urlTemplate":"https:\/\/hakner.eu\/?s={search_term_string}"},"query-input":{"@type":"PropertyValueSpecification","valueRequired":true,"valueName":"search_term_string"}}],"inLanguage":"cs"}]}},"_links":{"self":[{"href":"https:\/\/hakner.eu\/cs\/wp-json\/wp\/v2\/pages\/1013","targetHints":{"allow":["GET"]}}],"collection":[{"href":"https:\/\/hakner.eu\/cs\/wp-json\/wp\/v2\/pages"}],"about":[{"href":"https:\/\/hakner.eu\/cs\/wp-json\/wp\/v2\/types\/page"}],"author":[{"embeddable":true,"href":"https:\/\/hakner.eu\/cs\/wp-json\/wp\/v2\/users\/1"}],"replies":[{"embeddable":true,"href":"https:\/\/hakner.eu\/cs\/wp-json\/wp\/v2\/comments?post=1013"}],"version-history":[{"count":8,"href":"https:\/\/hakner.eu\/cs\/wp-json\/wp\/v2\/pages\/1013\/revisions"}],"predecessor-version":[{"id":1424,"href":"https:\/\/hakner.eu\/cs\/wp-json\/wp\/v2\/pages\/1013\/revisions\/1424"}],"wp:attachment":[{"href":"https:\/\/hakner.eu\/cs\/wp-json\/wp\/v2\/media?parent=1013"}],"curies":[{"name":"wp","href":"https:\/\/api.w.org\/{rel}","templated":true}]}}