{"id":1015,"date":"2022-10-24T20:37:17","date_gmt":"2022-10-24T18:37:17","guid":{"rendered":"https:\/\/hakner.eu\/internetovy-obchod\/"},"modified":"2023-08-18T13:31:39","modified_gmt":"2023-08-18T11:31:39","slug":"sklep-internetowy","status":"publish","type":"page","link":"https:\/\/hakner.eu\/cs\/sklep-internetowy\/","title":{"rendered":"Internetov\u00fd obchod\u00a0"},"content":{"rendered":"\n<p>N\u00e1\u0161 internetov\u00fd obchod je nejlep\u0161\u00ed volbou pro z\u00e1kazn\u00edky, kte\u0159\u00ed pot\u0159ebuj\u00ed n\u00e1bytkov\u00e9 p\u0159\u00edslu\u0161enstv\u00ed k oprav\u011b nebo sestavov\u00e1n\u00ed vlastn\u00edho n\u00e1bytku. \u0160irok\u00e1 nab\u00eddka uspokoj\u00ed pot\u0159eby jak dom\u00e1c\u00edch kutil\u016f, tak profesion\u00e1ln\u00edch truhl\u00e1\u0159\u016f. V na\u0161em obchod\u011b si m\u016f\u017eete zakoupit ve\u0161ker\u00e9 p\u0159\u00edslu\u0161enstv\u00ed, kter\u00e9 pot\u0159ebujete!\u00a0<\/p>\n\n\n\n<ul class=\"wp-block-list\">\n<li>Odborn\u00e9 poradenstv\u00ed\u00a0<\/li>\n\n\n\n<li>22 let zku\u0161enost\u00ed\u00a0<\/li>\n\n\n\n<li>Doprava zdarma nad 300 PLN\u00a0<\/li>\n\n\n\n<li>Zasl\u00e1n\u00ed do 24 hodin\u00a0<\/li>\n\n\n\n<li>Produkty rozd\u011blen\u00e9 do intuitivn\u00edch kategori\u00ed\u00a0<\/li>\n<\/ul>\n\n\n\n<div class=\"wp-block-buttons is-layout-flex wp-block-buttons-is-layout-flex\">\n<div class=\"wp-block-button full\"><a class=\"wp-block-button__link wp-element-button\" href=\"https:\/\/gryc24.pl\/\"><strong>P\u0159ej\u00edt do obchodu\u00a0<\/strong><\/a><\/div>\n<\/div>\n","protected":false},"excerpt":{"rendered":"<p>N\u00e1\u0161 internetov\u00fd obchod je nejlep\u0161\u00ed volbou pro z\u00e1kazn\u00edky, kte\u0159\u00ed pot\u0159ebuj\u00ed n\u00e1bytkov\u00e9 p\u0159\u00edslu\u0161enstv\u00ed k oprav\u011b nebo sestavov\u00e1n\u00ed vlastn\u00edho n\u00e1bytku. \u0160irok\u00e1 nab\u00eddka uspokoj\u00ed pot\u0159eby jak dom\u00e1c\u00edch kutil\u016f, tak profesion\u00e1ln\u00edch truhl\u00e1\u0159\u016f. V na\u0161em obchod\u011b si m\u016f\u017eete zakoupit ve\u0161ker\u00e9 p\u0159\u00edslu\u0161enstv\u00ed, kter\u00e9 pot\u0159ebujete!\u00a0<\/p>\n","protected":false},"author":1,"featured_media":1016,"parent":0,"menu_order":40,"comment_status":"closed","ping_status":"closed","template":"template_ecommerce.php","meta":{"_acf_changed":false,"qubely_global_settings":"","qubely_interactions":"","footnotes":""},"class_list":["post-1015","page","type-page","status-publish","has-post-thumbnail","hentry"],"acf":[],"yoast_head":"<!-- This site is optimized with the Yoast SEO plugin v27.2 - https:\/\/yoast.com\/product\/yoast-seo-wordpress\/ -->\n<title>Internetov\u00fd obchod\u00a0 - Hakner<\/title>\n<meta name=\"robots\" content=\"index, follow, max-snippet:-1, max-image-preview:large, max-video-preview:-1\" \/>\n<link rel=\"canonical\" href=\"https:\/\/hakner.eu\/cs\/sklep-internetowy\/\" \/>\n<meta property=\"og:locale\" content=\"cs_CZ\" \/>\n<meta property=\"og:type\" content=\"article\" \/>\n<meta property=\"og:title\" content=\"Internetov\u00fd obchod\u00a0 - Hakner\" \/>\n<meta property=\"og:description\" content=\"N\u00e1\u0161 internetov\u00fd obchod je nejlep\u0161\u00ed volbou pro z\u00e1kazn\u00edky, kte\u0159\u00ed pot\u0159ebuj\u00ed n\u00e1bytkov\u00e9 p\u0159\u00edslu\u0161enstv\u00ed k oprav\u011b nebo sestavov\u00e1n\u00ed vlastn\u00edho n\u00e1bytku. \u0160irok\u00e1 nab\u00eddka uspokoj\u00ed pot\u0159eby jak dom\u00e1c\u00edch kutil\u016f, tak profesion\u00e1ln\u00edch truhl\u00e1\u0159\u016f. V na\u0161em obchod\u011b si m\u016f\u017eete zakoupit ve\u0161ker\u00e9 p\u0159\u00edslu\u0161enstv\u00ed, kter\u00e9 pot\u0159ebujete!\u00a0\" \/>\n<meta property=\"og:url\" content=\"https:\/\/hakner.eu\/cs\/sklep-internetowy\/\" \/>\n<meta property=\"og:site_name\" content=\"Hakner\" \/>\n<meta property=\"article:modified_time\" content=\"2023-08-18T11:31:39+00:00\" \/>\n<meta property=\"og:image\" content=\"https:\/\/hakner.eu\/wp-content\/uploads\/2022\/10\/image.png\" \/>\n\t<meta property=\"og:image:width\" content=\"650\" \/>\n\t<meta property=\"og:image:height\" content=\"597\" \/>\n\t<meta property=\"og:image:type\" content=\"image\/png\" \/>\n<meta name=\"twitter:card\" content=\"summary_large_image\" \/>\n<meta name=\"twitter:label1\" content=\"Odhadovan\u00e1 doba \u010dten\u00ed\" \/>\n\t<meta name=\"twitter:data1\" content=\"1 minuta\" \/>\n<script type=\"application\/ld+json\" class=\"yoast-schema-graph\">{\"@context\":\"https:\/\/schema.org\",\"@graph\":[{\"@type\":\"WebPage\",\"@id\":\"https:\/\/hakner.eu\/cs\/sklep-internetowy\/\",\"url\":\"https:\/\/hakner.eu\/cs\/sklep-internetowy\/\",\"name\":\"Internetov\u00fd obchod\u00a0 - Hakner\",\"isPartOf\":{\"@id\":\"https:\/\/hakner.eu\/#website\"},\"primaryImageOfPage\":{\"@id\":\"https:\/\/hakner.eu\/cs\/sklep-internetowy\/#primaryimage\"},\"image\":{\"@id\":\"https:\/\/hakner.eu\/cs\/sklep-internetowy\/#primaryimage\"},\"thumbnailUrl\":\"https:\/\/hakner.eu\/wp-content\/uploads\/2022\/10\/image.png\",\"datePublished\":\"2022-10-24T18:37:17+00:00\",\"dateModified\":\"2023-08-18T11:31:39+00:00\",\"breadcrumb\":{\"@id\":\"https:\/\/hakner.eu\/cs\/sklep-internetowy\/#breadcrumb\"},\"inLanguage\":\"cs\",\"potentialAction\":[{\"@type\":\"ReadAction\",\"target\":[\"https:\/\/hakner.eu\/cs\/sklep-internetowy\/\"]}]},{\"@type\":\"ImageObject\",\"inLanguage\":\"cs\",\"@id\":\"https:\/\/hakner.eu\/cs\/sklep-internetowy\/#primaryimage\",\"url\":\"https:\/\/hakner.eu\/wp-content\/uploads\/2022\/10\/image.png\",\"contentUrl\":\"https:\/\/hakner.eu\/wp-content\/uploads\/2022\/10\/image.png\",\"width\":650,\"height\":597},{\"@type\":\"BreadcrumbList\",\"@id\":\"https:\/\/hakner.eu\/cs\/sklep-internetowy\/#breadcrumb\",\"itemListElement\":[{\"@type\":\"ListItem\",\"position\":1,\"name\":\"Home\",\"item\":\"https:\/\/hakner.eu\/cs\/\"},{\"@type\":\"ListItem\",\"position\":2,\"name\":\"Internetov\u00fd obchod\u00a0\"}]},{\"@type\":\"WebSite\",\"@id\":\"https:\/\/hakner.eu\/#website\",\"url\":\"https:\/\/hakner.eu\/\",\"name\":\"Hakner\",\"description\":\"Jako\u015b\u0107 Funkcjonalno\u015b\u0107 Design\",\"potentialAction\":[{\"@type\":\"SearchAction\",\"target\":{\"@type\":\"EntryPoint\",\"urlTemplate\":\"https:\/\/hakner.eu\/?s={search_term_string}\"},\"query-input\":{\"@type\":\"PropertyValueSpecification\",\"valueRequired\":true,\"valueName\":\"search_term_string\"}}],\"inLanguage\":\"cs\"}]}<\/script>\n<!-- \/ Yoast SEO plugin. -->","yoast_head_json":{"title":"Internetov\u00fd obchod\u00a0 - Hakner","robots":{"index":"index","follow":"follow","max-snippet":"max-snippet:-1","max-image-preview":"max-image-preview:large","max-video-preview":"max-video-preview:-1"},"canonical":"https:\/\/hakner.eu\/cs\/sklep-internetowy\/","og_locale":"cs_CZ","og_type":"article","og_title":"Internetov\u00fd obchod\u00a0 - Hakner","og_description":"N\u00e1\u0161 internetov\u00fd obchod je nejlep\u0161\u00ed volbou pro z\u00e1kazn\u00edky, kte\u0159\u00ed pot\u0159ebuj\u00ed n\u00e1bytkov\u00e9 p\u0159\u00edslu\u0161enstv\u00ed k oprav\u011b nebo sestavov\u00e1n\u00ed vlastn\u00edho n\u00e1bytku. \u0160irok\u00e1 nab\u00eddka uspokoj\u00ed pot\u0159eby jak dom\u00e1c\u00edch kutil\u016f, tak profesion\u00e1ln\u00edch truhl\u00e1\u0159\u016f. V na\u0161em obchod\u011b si m\u016f\u017eete zakoupit ve\u0161ker\u00e9 p\u0159\u00edslu\u0161enstv\u00ed, kter\u00e9 pot\u0159ebujete!\u00a0","og_url":"https:\/\/hakner.eu\/cs\/sklep-internetowy\/","og_site_name":"Hakner","article_modified_time":"2023-08-18T11:31:39+00:00","og_image":[{"width":650,"height":597,"url":"https:\/\/hakner.eu\/wp-content\/uploads\/2022\/10\/image.png","type":"image\/png"}],"twitter_card":"summary_large_image","twitter_misc":{"Odhadovan\u00e1 doba \u010dten\u00ed":"1 minuta"},"schema":{"@context":"https:\/\/schema.org","@graph":[{"@type":"WebPage","@id":"https:\/\/hakner.eu\/cs\/sklep-internetowy\/","url":"https:\/\/hakner.eu\/cs\/sklep-internetowy\/","name":"Internetov\u00fd obchod\u00a0 - Hakner","isPartOf":{"@id":"https:\/\/hakner.eu\/#website"},"primaryImageOfPage":{"@id":"https:\/\/hakner.eu\/cs\/sklep-internetowy\/#primaryimage"},"image":{"@id":"https:\/\/hakner.eu\/cs\/sklep-internetowy\/#primaryimage"},"thumbnailUrl":"https:\/\/hakner.eu\/wp-content\/uploads\/2022\/10\/image.png","datePublished":"2022-10-24T18:37:17+00:00","dateModified":"2023-08-18T11:31:39+00:00","breadcrumb":{"@id":"https:\/\/hakner.eu\/cs\/sklep-internetowy\/#breadcrumb"},"inLanguage":"cs","potentialAction":[{"@type":"ReadAction","target":["https:\/\/hakner.eu\/cs\/sklep-internetowy\/"]}]},{"@type":"ImageObject","inLanguage":"cs","@id":"https:\/\/hakner.eu\/cs\/sklep-internetowy\/#primaryimage","url":"https:\/\/hakner.eu\/wp-content\/uploads\/2022\/10\/image.png","contentUrl":"https:\/\/hakner.eu\/wp-content\/uploads\/2022\/10\/image.png","width":650,"height":597},{"@type":"BreadcrumbList","@id":"https:\/\/hakner.eu\/cs\/sklep-internetowy\/#breadcrumb","itemListElement":[{"@type":"ListItem","position":1,"name":"Home","item":"https:\/\/hakner.eu\/cs\/"},{"@type":"ListItem","position":2,"name":"Internetov\u00fd obchod\u00a0"}]},{"@type":"WebSite","@id":"https:\/\/hakner.eu\/#website","url":"https:\/\/hakner.eu\/","name":"Hakner","description":"Jako\u015b\u0107 Funkcjonalno\u015b\u0107 Design","potentialAction":[{"@type":"SearchAction","target":{"@type":"EntryPoint","urlTemplate":"https:\/\/hakner.eu\/?s={search_term_string}"},"query-input":{"@type":"PropertyValueSpecification","valueRequired":true,"valueName":"search_term_string"}}],"inLanguage":"cs"}]}},"_links":{"self":[{"href":"https:\/\/hakner.eu\/cs\/wp-json\/wp\/v2\/pages\/1015","targetHints":{"allow":["GET"]}}],"collection":[{"href":"https:\/\/hakner.eu\/cs\/wp-json\/wp\/v2\/pages"}],"about":[{"href":"https:\/\/hakner.eu\/cs\/wp-json\/wp\/v2\/types\/page"}],"author":[{"embeddable":true,"href":"https:\/\/hakner.eu\/cs\/wp-json\/wp\/v2\/users\/1"}],"replies":[{"embeddable":true,"href":"https:\/\/hakner.eu\/cs\/wp-json\/wp\/v2\/comments?post=1015"}],"version-history":[{"count":3,"href":"https:\/\/hakner.eu\/cs\/wp-json\/wp\/v2\/pages\/1015\/revisions"}],"predecessor-version":[{"id":1175,"href":"https:\/\/hakner.eu\/cs\/wp-json\/wp\/v2\/pages\/1015\/revisions\/1175"}],"wp:featuredmedia":[{"embeddable":true,"href":"https:\/\/hakner.eu\/cs\/wp-json\/wp\/v2\/media\/1016"}],"wp:attachment":[{"href":"https:\/\/hakner.eu\/cs\/wp-json\/wp\/v2\/media?parent=1015"}],"curies":[{"name":"wp","href":"https:\/\/api.w.org\/{rel}","templated":true}]}}