{"id":1432,"date":"2022-10-24T16:34:05","date_gmt":"2022-10-24T14:34:05","guid":{"rendered":"https:\/\/hakner.eu\/zasady-ochrany-osobnich-udaju\/"},"modified":"2024-06-20T15:42:44","modified_gmt":"2024-06-20T13:42:44","slug":"zasady-ochrany-osobnich-udaju","status":"publish","type":"page","link":"https:\/\/hakner.eu\/cs\/zasady-ochrany-osobnich-udaju\/","title":{"rendered":"Z\u00e1sady ochrany osobn\u00edch \u00fadaj\u016f"},"content":{"rendered":"\n<p>Tyto z\u00e1sady se t\u00fdkaj\u00ed soubor\u016f cookie a vztahuj\u00ed se na webov\u00e9 str\u00e1nky hakner.eu, kter\u00e9 provozuje spole\u010dnost Firma Gryc Tomasz Gryc se s\u00eddlem ve Var\u0161av\u011b Matuszewska 14, 03-876 Warszawa<\/p>\n\n<p>Webov\u00e9 str\u00e1nky hakner.eu zaru\u010duj\u00ed v\u0161em u\u017eivatel\u016fm pr\u00e1vo rozhodnout se sd\u00edlet informace, kter\u00e9 se jich t\u00fdkaj\u00ed. Webov\u00e9 str\u00e1nky hakner.eu zaru\u010duj\u00ed v\u0161em u\u017eivatel\u016fm pr\u00e1vo rozhodnout se sd\u00edlet informace, kter\u00e9 se jich t\u00fdkaj\u00ed. Hakner.eu informuje, \u017ee na sv\u00fdch webov\u00fdch str\u00e1nk\u00e1ch pou\u017e\u00edv\u00e1 technologii <strong>cookies<\/strong>, tzv. soubory cookie, kter\u00e9 zaznamen\u00e1vaj\u00ed informace o tom, kter\u00e9 str\u00e1nky u\u017eivatel nav\u0161t\u00edvil a jak\u00e9 akce na nich provedl. <\/p>\n\n<p>Soubory <strong>cookies <\/strong>a dal\u0161\u00ed podobn\u00e9 technologie pou\u017e\u00edv\u00e1me za \u00fa\u010delem:<br\/>\u2013 poskytov\u00e1n\u00ed a vy\u0159izov\u00e1n\u00ed objedn\u00e1vek a slu\u017eeb;<br\/>\u2013 vytv\u00e1\u0159en\u00ed statistik, kter\u00e9 n\u00e1m pom\u00e1haj\u00ed pochopit, jak u\u017eivatel\u00e9 pou\u017e\u00edvaj\u00ed na\u0161e webov\u00e9 str\u00e1nky, co\u017e n\u00e1m umo\u017e\u0148uje zlep\u0161ovat jejich strukturu a obsah.<\/p>\n\n<p>V mnoha p\u0159\u00edpadech software pro prohl\u00ed\u017een\u00ed webov\u00fdch str\u00e1nek (webov\u00fd prohl\u00ed\u017ee\u010d) standardn\u011b umo\u017e\u0148uje ukl\u00e1d\u00e1n\u00ed informac\u00ed ve form\u011b soubor\u016f <strong>cookies<\/strong> a jin\u00fdch podobn\u00fdch technologi\u00ed v koncov\u00e9m za\u0159\u00edzen\u00ed u\u017eivatele. U\u017eivatel v\u0161ak m\u016f\u017ee tato nastaven\u00ed kdykoli zm\u011bnit. Neproveden\u00ed zm\u011bn znamen\u00e1, \u017ee v\u00fd\u0161e uveden\u00e9 informace mohou b\u00fdt nahr\u00e1ny a ulo\u017eeny ve va\u0161em koncov\u00e9m za\u0159\u00edzen\u00ed a \u017ee tedy budeme ukl\u00e1dat informace ve va\u0161em koncov\u00e9m za\u0159\u00edzen\u00ed a budeme m\u00edt k t\u011bmto informac\u00edm p\u0159\u00edstup.<br\/>Soubory <strong>cookies<\/strong>.m\u016f\u017eete nap\u0159\u00edklad spravovat sami v prohl\u00ed\u017ee\u010di, kter\u00fd pou\u017e\u00edv\u00e1te. V nejobl\u00edben\u011bj\u0161\u00edch prohl\u00ed\u017ee\u010d\u00edch existuje mimo jin\u00e9 mo\u017enost:<\/p>\n\n<p>souhlasit s pou\u017e\u00edv\u00e1n\u00edm soubor\u016f <strong>cookies<\/strong> co\u017e u\u017eivateli umo\u017e\u0148uje pln\u011b vyu\u017e\u00edvat mo\u017enosti nab\u00edzen\u00e9 webov\u00fdmi str\u00e1nkami;<br\/>\u2013 spr\u00e1va soubor\u016f <strong>cookies<\/strong> na \u00farovni jednotliv\u00fdch str\u00e1nek vybran\u00fdch u\u017eivatelem;<br\/>\u2013 ur\u010den\u00ed nastaven\u00ed pro r\u016fzn\u00e9 typy soubor\u016f <strong>cookie<\/strong>, nap\u0159\u00edklad p\u0159ij\u00edm\u00e1n\u00ed trval\u00fdch soubor\u016f jako soubor\u016f relace atd.;<br\/>&#8211; blokov\u00e1n\u00ed nebo maz\u00e1n\u00ed soubor\u016f <strong>cookies<\/strong>.<\/p>\n\n<p>Komplexn\u00ed informace jsou k dispozici v nastaven\u00ed softwaru (prohl\u00ed\u017ee\u010de). Podrobnosti pro ty, kte\u0159\u00ed pou\u017e\u00edvaj\u00ed konkr\u00e9tn\u00ed webov\u00e9 prohl\u00ed\u017ee\u010de, v\u010detn\u011b: <br\/><a href=\"http:\/\/support.microsoft.com\/kb\/196955\/pl\" target=\"_blank\" rel=\"noreferrer noopener\">Internet Explorer<\/a><br\/><a href=\"http:\/\/support.mozilla.org\/pl\/products\/firefox\/cookies\" target=\"_blank\" rel=\"noreferrer noopener\">Mozilla Firefox<\/a><br\/><a href=\"http:\/\/support.google.com\/chrome\/bin\/answer.py?hl=pl&amp;answer=95647\" target=\"_blank\" rel=\"noreferrer noopener\">Chrome<\/a><br\/><a href=\"http:\/\/help.opera.com\/Linux\/9.22\/pl\/cookies.html\" target=\"_blank\" rel=\"noreferrer noopener\">Opera<\/a><br\/><a href=\"http:\/\/support.apple.com\/kb\/ph5042\" target=\"_blank\" rel=\"noreferrer noopener\">Safari<\/a><br\/>atd.<\/p>\n\n<p><strong>Upozor\u0148ujeme, \u017ee omezen\u00ed nebo zak\u00e1z\u00e1n\u00ed pou\u017e\u00edv\u00e1n\u00ed soubor\u016f cookie a dal\u0161\u00edch podobn\u00fdch technologi\u00ed m\u016f\u017ee ovlivnit n\u011bkter\u00e9 funkce dostupn\u00e9 na na\u0161ich webov\u00fdch str\u00e1nk\u00e1ch.<\/strong><\/p>\n\n<p>Dal\u0161\u00ed informace o souborech <strong>cookies<\/strong> a jin\u00fdch technologi\u00edch naleznete . mimo jin\u00e9 na adrese <a href=\"http:\/\/wszystkoociasteczkach.pl\/\" target=\"_blank\" rel=\"noreferrer noopener\">wszystkoociasteczkach.pl <\/a>l nebo v \u010d\u00e1sti N\u00e1pov\u011bda v nab\u00eddce internetov\u00e9ho prohl\u00ed\u017ee\u010de, kter\u00fd pou\u017e\u00edv\u00e1te.<\/p>\n","protected":false},"excerpt":{"rendered":"<p>Tyto z\u00e1sady se t\u00fdkaj\u00ed soubor\u016f cookie a vztahuj\u00ed se na webov\u00e9 str\u00e1nky hakner.eu, kter\u00e9 provozuje spole\u010dnost Firma Gryc Tomasz Gryc se s\u00eddlem ve Var\u0161av\u011b Matuszewska 14, 03-876 Warszawa Webov\u00e9 str\u00e1nky hakner.eu zaru\u010duj\u00ed v\u0161em u\u017eivatel\u016fm pr\u00e1vo rozhodnout se sd\u00edlet informace, kter\u00e9 se jich t\u00fdkaj\u00ed. Webov\u00e9 str\u00e1nky hakner.eu zaru\u010duj\u00ed v\u0161em u\u017eivatel\u016fm pr\u00e1vo rozhodnout se sd\u00edlet informace, kter\u00e9 [&hellip;]<\/p>\n","protected":false},"author":1,"featured_media":0,"parent":0,"menu_order":68,"comment_status":"closed","ping_status":"open","template":"","meta":{"_acf_changed":false,"qubely_global_settings":"","qubely_interactions":"","footnotes":""},"class_list":["post-1432","page","type-page","status-publish","hentry"],"acf":[],"yoast_head":"<!-- This site is optimized with the Yoast SEO plugin v27.2 - https:\/\/yoast.com\/product\/yoast-seo-wordpress\/ -->\n<title>Z\u00e1sady ochrany osobn\u00edch \u00fadaj\u016f - Hakner<\/title>\n<meta name=\"robots\" content=\"index, follow, max-snippet:-1, max-image-preview:large, max-video-preview:-1\" \/>\n<link rel=\"canonical\" href=\"https:\/\/hakner.eu\/cs\/zasady-ochrany-osobnich-udaju\/\" \/>\n<meta property=\"og:locale\" content=\"cs_CZ\" \/>\n<meta property=\"og:type\" content=\"article\" \/>\n<meta property=\"og:title\" content=\"Z\u00e1sady ochrany osobn\u00edch \u00fadaj\u016f - Hakner\" \/>\n<meta property=\"og:description\" content=\"Tyto z\u00e1sady se t\u00fdkaj\u00ed soubor\u016f cookie a vztahuj\u00ed se na webov\u00e9 str\u00e1nky hakner.eu, kter\u00e9 provozuje spole\u010dnost Firma Gryc Tomasz Gryc se s\u00eddlem ve Var\u0161av\u011b Matuszewska 14, 03-876 Warszawa Webov\u00e9 str\u00e1nky hakner.eu zaru\u010duj\u00ed v\u0161em u\u017eivatel\u016fm pr\u00e1vo rozhodnout se sd\u00edlet informace, kter\u00e9 se jich t\u00fdkaj\u00ed. Webov\u00e9 str\u00e1nky hakner.eu zaru\u010duj\u00ed v\u0161em u\u017eivatel\u016fm pr\u00e1vo rozhodnout se sd\u00edlet informace, kter\u00e9 [&hellip;]\" \/>\n<meta property=\"og:url\" content=\"https:\/\/hakner.eu\/cs\/zasady-ochrany-osobnich-udaju\/\" \/>\n<meta property=\"og:site_name\" content=\"Hakner\" \/>\n<meta property=\"article:modified_time\" content=\"2024-06-20T13:42:44+00:00\" \/>\n<meta name=\"twitter:card\" content=\"summary_large_image\" \/>\n<meta name=\"twitter:label1\" content=\"Odhadovan\u00e1 doba \u010dten\u00ed\" \/>\n\t<meta name=\"twitter:data1\" content=\"2 minuty\" \/>\n<script type=\"application\/ld+json\" class=\"yoast-schema-graph\">{\"@context\":\"https:\/\/schema.org\",\"@graph\":[{\"@type\":\"WebPage\",\"@id\":\"https:\/\/hakner.eu\/cs\/zasady-ochrany-osobnich-udaju\/\",\"url\":\"https:\/\/hakner.eu\/cs\/zasady-ochrany-osobnich-udaju\/\",\"name\":\"Z\u00e1sady ochrany osobn\u00edch \u00fadaj\u016f - Hakner\",\"isPartOf\":{\"@id\":\"https:\/\/hakner.eu\/#website\"},\"datePublished\":\"2022-10-24T14:34:05+00:00\",\"dateModified\":\"2024-06-20T13:42:44+00:00\",\"breadcrumb\":{\"@id\":\"https:\/\/hakner.eu\/cs\/zasady-ochrany-osobnich-udaju\/#breadcrumb\"},\"inLanguage\":\"cs\",\"potentialAction\":[{\"@type\":\"ReadAction\",\"target\":[\"https:\/\/hakner.eu\/cs\/zasady-ochrany-osobnich-udaju\/\"]}]},{\"@type\":\"BreadcrumbList\",\"@id\":\"https:\/\/hakner.eu\/cs\/zasady-ochrany-osobnich-udaju\/#breadcrumb\",\"itemListElement\":[{\"@type\":\"ListItem\",\"position\":1,\"name\":\"Home\",\"item\":\"https:\/\/hakner.eu\/cs\/\"},{\"@type\":\"ListItem\",\"position\":2,\"name\":\"Z\u00e1sady ochrany osobn\u00edch \u00fadaj\u016f\"}]},{\"@type\":\"WebSite\",\"@id\":\"https:\/\/hakner.eu\/#website\",\"url\":\"https:\/\/hakner.eu\/\",\"name\":\"Hakner\",\"description\":\"Jako\u015b\u0107 Funkcjonalno\u015b\u0107 Design\",\"potentialAction\":[{\"@type\":\"SearchAction\",\"target\":{\"@type\":\"EntryPoint\",\"urlTemplate\":\"https:\/\/hakner.eu\/?s={search_term_string}\"},\"query-input\":{\"@type\":\"PropertyValueSpecification\",\"valueRequired\":true,\"valueName\":\"search_term_string\"}}],\"inLanguage\":\"cs\"}]}<\/script>\n<!-- \/ Yoast SEO plugin. -->","yoast_head_json":{"title":"Z\u00e1sady ochrany osobn\u00edch \u00fadaj\u016f - Hakner","robots":{"index":"index","follow":"follow","max-snippet":"max-snippet:-1","max-image-preview":"max-image-preview:large","max-video-preview":"max-video-preview:-1"},"canonical":"https:\/\/hakner.eu\/cs\/zasady-ochrany-osobnich-udaju\/","og_locale":"cs_CZ","og_type":"article","og_title":"Z\u00e1sady ochrany osobn\u00edch \u00fadaj\u016f - Hakner","og_description":"Tyto z\u00e1sady se t\u00fdkaj\u00ed soubor\u016f cookie a vztahuj\u00ed se na webov\u00e9 str\u00e1nky hakner.eu, kter\u00e9 provozuje spole\u010dnost Firma Gryc Tomasz Gryc se s\u00eddlem ve Var\u0161av\u011b Matuszewska 14, 03-876 Warszawa Webov\u00e9 str\u00e1nky hakner.eu zaru\u010duj\u00ed v\u0161em u\u017eivatel\u016fm pr\u00e1vo rozhodnout se sd\u00edlet informace, kter\u00e9 se jich t\u00fdkaj\u00ed. Webov\u00e9 str\u00e1nky hakner.eu zaru\u010duj\u00ed v\u0161em u\u017eivatel\u016fm pr\u00e1vo rozhodnout se sd\u00edlet informace, kter\u00e9 [&hellip;]","og_url":"https:\/\/hakner.eu\/cs\/zasady-ochrany-osobnich-udaju\/","og_site_name":"Hakner","article_modified_time":"2024-06-20T13:42:44+00:00","twitter_card":"summary_large_image","twitter_misc":{"Odhadovan\u00e1 doba \u010dten\u00ed":"2 minuty"},"schema":{"@context":"https:\/\/schema.org","@graph":[{"@type":"WebPage","@id":"https:\/\/hakner.eu\/cs\/zasady-ochrany-osobnich-udaju\/","url":"https:\/\/hakner.eu\/cs\/zasady-ochrany-osobnich-udaju\/","name":"Z\u00e1sady ochrany osobn\u00edch \u00fadaj\u016f - Hakner","isPartOf":{"@id":"https:\/\/hakner.eu\/#website"},"datePublished":"2022-10-24T14:34:05+00:00","dateModified":"2024-06-20T13:42:44+00:00","breadcrumb":{"@id":"https:\/\/hakner.eu\/cs\/zasady-ochrany-osobnich-udaju\/#breadcrumb"},"inLanguage":"cs","potentialAction":[{"@type":"ReadAction","target":["https:\/\/hakner.eu\/cs\/zasady-ochrany-osobnich-udaju\/"]}]},{"@type":"BreadcrumbList","@id":"https:\/\/hakner.eu\/cs\/zasady-ochrany-osobnich-udaju\/#breadcrumb","itemListElement":[{"@type":"ListItem","position":1,"name":"Home","item":"https:\/\/hakner.eu\/cs\/"},{"@type":"ListItem","position":2,"name":"Z\u00e1sady ochrany osobn\u00edch \u00fadaj\u016f"}]},{"@type":"WebSite","@id":"https:\/\/hakner.eu\/#website","url":"https:\/\/hakner.eu\/","name":"Hakner","description":"Jako\u015b\u0107 Funkcjonalno\u015b\u0107 Design","potentialAction":[{"@type":"SearchAction","target":{"@type":"EntryPoint","urlTemplate":"https:\/\/hakner.eu\/?s={search_term_string}"},"query-input":{"@type":"PropertyValueSpecification","valueRequired":true,"valueName":"search_term_string"}}],"inLanguage":"cs"}]}},"_links":{"self":[{"href":"https:\/\/hakner.eu\/cs\/wp-json\/wp\/v2\/pages\/1432","targetHints":{"allow":["GET"]}}],"collection":[{"href":"https:\/\/hakner.eu\/cs\/wp-json\/wp\/v2\/pages"}],"about":[{"href":"https:\/\/hakner.eu\/cs\/wp-json\/wp\/v2\/types\/page"}],"author":[{"embeddable":true,"href":"https:\/\/hakner.eu\/cs\/wp-json\/wp\/v2\/users\/1"}],"replies":[{"embeddable":true,"href":"https:\/\/hakner.eu\/cs\/wp-json\/wp\/v2\/comments?post=1432"}],"version-history":[{"count":3,"href":"https:\/\/hakner.eu\/cs\/wp-json\/wp\/v2\/pages\/1432\/revisions"}],"predecessor-version":[{"id":1435,"href":"https:\/\/hakner.eu\/cs\/wp-json\/wp\/v2\/pages\/1432\/revisions\/1435"}],"wp:attachment":[{"href":"https:\/\/hakner.eu\/cs\/wp-json\/wp\/v2\/media?parent=1432"}],"curies":[{"name":"wp","href":"https:\/\/api.w.org\/{rel}","templated":true}]}}