{"id":925,"date":"2022-10-26T15:23:04","date_gmt":"2022-10-26T13:23:04","guid":{"rendered":"https:\/\/hakner.eu\/o-marce\/"},"modified":"2025-02-03T08:43:18","modified_gmt":"2025-02-03T07:43:18","slug":"ueber-die-marke","status":"publish","type":"page","link":"https:\/\/hakner.eu\/de\/ueber-die-marke\/","title":{"rendered":"\u00dcber die Marke"},"content":{"rendered":"\n<p>Erfahrung, Qualit\u00e4t der Produkte und deren Funktionalit\u00e4t sind die Genesis der Marke HAKNER. Heute sind wir ein f\u00fchrender Partner und Lieferant von Beschl\u00e4gen f\u00fcr die Herstellung von M\u00f6beln, Sanit\u00e4reinrichtungen und Accessoires, die die Funktionalit\u00e4t von M\u00f6beln unterst\u00fctzen. Die unter der Marke HAKNER angebotenen Produkte gew\u00e4hrleisten durch die hohe Qualit\u00e4t Bedienkomfort und \u00c4sthetik und werden zudem den hohen Anspr\u00fcchen unserer Kunden gerecht.<\/p>\n\n\n\n<p>Bei der Innenarchitektur kommt es auf Details an. Sie wirken sich immer auf den Endeffekt aus, daher lohnt es sich, nur qualitative und funktionale Elemente zu verwenden, um die h\u00f6chste \u00c4sthetik zu erreichen. Alle Produkte der Marke HAKNER vereinen zeitlose Klassiker, h\u00f6chste Verarbeitungsqualit\u00e4t mit perfekter Funktionalit\u00e4t. Dank ihnen werden allt\u00e4gliche Aktivit\u00e4ten einfacher und noch komfortabler. <\/p>\n\n\n\n<p>Das Ziel der Marke HAKNER ist es, Waren anzubieten, die sich positiv auf die Zufriedenheit unserer Kunden auswirken und die besten Voraussetzungen f\u00fcr eine komfortable Nutzung der Produkte schaffen.<\/p>\n\n\n\n<p><strong>EU-Markenzertifikat<\/strong><\/p>\n\n\n\n<p>Die Eintragung unserer Marke beim Amt der Europ\u00e4ischen Union f\u00fcr geistiges Eigentum (EUIPO) wurde am 8. Januar 2025 im Markenblatt der Europ\u00e4ischen Union Nr. 2025\/003 ver\u00f6ffentlicht. Dies ist ein wichtiger Schritt in der Entwicklung unserer Marke und ein weiterer Beweis daf\u00fcr, dass Hakner legt gro\u00dfen Wert auf Professionalit\u00e4t und Sicherheit.<\/p>\n\n\n\n<p><strong>Was bedeutet ein EU-Markenzertifikat?<\/strong><\/p>\n\n\n\n<p>Das EU-Markenzertifikat best\u00e4tigt, dass unsere Marke in der gesamten Europ\u00e4ischen Union gesch\u00fctzt ist. Das heisst:<\/p>\n\n\n\n<p>\u2022 <strong>Glaubw\u00fcrdigkeit <\/strong>\u2013 Unsere Marke wurde vom EUIPO gepr\u00fcft und registriert.<\/p>\n\n\n\n<p>\u2022 <strong>Rechtlicher Schutz<\/strong> \u2013 Die Marke Hakner ist rechtlich gesch\u00fctzt, was unsere Position auf dem Markt st\u00e4rkt und es uns erm\u00f6glicht, noch effektiver zu agieren.<\/p>\n\n\n\n<p>\u2022 <strong>Vertrauen<\/strong> \u2013 F\u00fcr Kunden, Partner und Auftragnehmer ist das Zertifikat ein echter Beweis daf\u00fcr, dass wir in Qualit\u00e4t und Markenentwicklung investieren.<\/p>\n\n\n\n<p>Die Registrierungsbescheinigung steht in elektronischer Form zur Verf\u00fcgung und kann \u00fcber die EUIPO-Website heruntergeladen und \u00fcberpr\u00fcft werden.<\/p>\n\n\n\n<div style=\"height:51px\" aria-hidden=\"true\" class=\"wp-block-spacer\"><\/div>\n\n\n\n<div class=\"wp-block-stackable-button-group stk-block-button-group stk-block stk-8225aa8\" data-block-id=\"8225aa8\"><style>.stk-8225aa8 .stk-button-group{flex-direction:row !important;}.stk-8225aa8 {min-height:0px !important;padding-top:0px !important;padding-right:0px !important;padding-bottom:0px !important;padding-left:0px !important;margin-bottom:0px !important;}.stk-8225aa8:hover{padding-top:0px !important;padding-right:0px !important;padding-bottom:0px !important;padding-left:0px !important;}@media screen and (max-width: 1023px){.stk-8225aa8 .stk-button-group{flex-direction:row !important;}}@media screen and (max-width: 767px){.stk-8225aa8 .stk-button-group{flex-direction:row !important;}}<\/style><div class=\"stk-row stk-inner-blocks has-text-align-center stk-block-content stk-button-group\">\n<div class=\"wp-block-stackable-button stk-block-button stk-block-expand__show-button stk-block stk-d01e2ba\" data-block-id=\"d01e2ba\"><style>.stk-d01e2ba .stk-button{padding-top:21px !important;padding-right:40px !important;padding-bottom:21px !important;padding-left:40px !important;background:#e63946 !important;}.stk-d01e2ba .stk-button:hover:after{background:#192e4c !important;opacity:1 !important;}.stk-d01e2ba .stk-button .stk--inner-svg svg:last-child{height:36px !important;width:36px !important;}.stk-d01e2ba .stk-button .stk--inner-svg svg:last-child, .stk-d01e2ba .stk-button .stk--inner-svg svg:last-child :is(g, path, rect, polygon, ellipse){fill:#ffffff !important;}.stk-d01e2ba .stk-button__inner-text{font-size:21px !important;color:#ffffff !important;}@media screen and (max-width: 1023px){.stk-d01e2ba .stk-button__inner-text{font-size:21px !important;}}<\/style><a aria-hidden=\"false\" role=\"button\" aria-expanded=\"false\" class=\"stk-link stk-button stk--hover-effect-darken\" href=\"https:\/\/gryc24.pl\/res\/files\/euipo.pdf\" target=\"_blank\" rel=\"noreferrer noopener\"><span class=\"stk--svg-wrapper\"><div class=\"stk--inner-svg\"><svg xmlns=\"http:\/\/www.w3.org\/2000\/svg\" viewBox=\"0 0 512 512\" aria-hidden=\"true\" width=\"32\" height=\"32\"><path d=\"M0 64C0 28.7 28.7 0 64 0L224 0l0 128c0 17.7 14.3 32 32 32l128 0 0 144-208 0c-35.3 0-64 28.7-64 64l0 144-48 0c-35.3 0-64-28.7-64-64L0 64zm384 64l-128 0L256 0 384 128zM176 352l32 0c30.9 0 56 25.1 56 56s-25.1 56-56 56l-16 0 0 32c0 8.8-7.2 16-16 16s-16-7.2-16-16l0-48 0-80c0-8.8 7.2-16 16-16zm32 80c13.3 0 24-10.7 24-24s-10.7-24-24-24l-16 0 0 48 16 0zm96-80l32 0c26.5 0 48 21.5 48 48l0 64c0 26.5-21.5 48-48 48l-32 0c-8.8 0-16-7.2-16-16l0-128c0-8.8 7.2-16 16-16zm32 128c8.8 0 16-7.2 16-16l0-64c0-8.8-7.2-16-16-16l-16 0 0 96 16 0zm80-112c0-8.8 7.2-16 16-16l48 0c8.8 0 16 7.2 16 16s-7.2 16-16 16l-32 0 0 32 32 0c8.8 0 16 7.2 16 16s-7.2 16-16 16l-32 0 0 48c0 8.8-7.2 16-16 16s-16-7.2-16-16l0-64 0-64z\"><\/path><\/svg><\/div><\/span><span class=\"has-text-color stk-button__inner-text\">Siehe Zertifikat<\/span><\/a><\/div>\n<\/div><\/div>\n","protected":false},"excerpt":{"rendered":"<p>Erfahrung, Qualit\u00e4t der Produkte und deren Funktionalit\u00e4t sind die Genesis der Marke HAKNER. Heute sind wir ein f\u00fchrender Partner und Lieferant von Beschl\u00e4gen f\u00fcr die Herstellung von M\u00f6beln, Sanit\u00e4reinrichtungen und Accessoires, die die Funktionalit\u00e4t von M\u00f6beln unterst\u00fctzen. Die unter der Marke HAKNER angebotenen Produkte gew\u00e4hrleisten durch die hohe Qualit\u00e4t Bedienkomfort und \u00c4sthetik und werden zudem [&hellip;]<\/p>\n","protected":false},"author":1,"featured_media":0,"parent":0,"menu_order":52,"comment_status":"closed","ping_status":"closed","template":"","meta":{"_acf_changed":false,"qubely_global_settings":"","qubely_interactions":"","footnotes":""},"class_list":["post-925","page","type-page","status-publish","hentry"],"acf":[],"yoast_head":"<!-- This site is optimized with the Yoast SEO plugin v27.2 - https:\/\/yoast.com\/product\/yoast-seo-wordpress\/ -->\n<title>\u00dcber die Marke - Hakner<\/title>\n<meta name=\"robots\" content=\"index, follow, max-snippet:-1, max-image-preview:large, max-video-preview:-1\" \/>\n<link rel=\"canonical\" href=\"https:\/\/hakner.eu\/de\/ueber-die-marke\/\" \/>\n<meta property=\"og:locale\" content=\"de_DE\" \/>\n<meta property=\"og:type\" content=\"article\" \/>\n<meta property=\"og:title\" content=\"\u00dcber die Marke - Hakner\" \/>\n<meta property=\"og:description\" content=\"Erfahrung, Qualit\u00e4t der Produkte und deren Funktionalit\u00e4t sind die Genesis der Marke HAKNER. Heute sind wir ein f\u00fchrender Partner und Lieferant von Beschl\u00e4gen f\u00fcr die Herstellung von M\u00f6beln, Sanit\u00e4reinrichtungen und Accessoires, die die Funktionalit\u00e4t von M\u00f6beln unterst\u00fctzen. Die unter der Marke HAKNER angebotenen Produkte gew\u00e4hrleisten durch die hohe Qualit\u00e4t Bedienkomfort und \u00c4sthetik und werden zudem [&hellip;]\" \/>\n<meta property=\"og:url\" content=\"https:\/\/hakner.eu\/de\/ueber-die-marke\/\" \/>\n<meta property=\"og:site_name\" content=\"Hakner\" \/>\n<meta property=\"article:modified_time\" content=\"2025-02-03T07:43:18+00:00\" \/>\n<meta name=\"twitter:card\" content=\"summary_large_image\" \/>\n<meta name=\"twitter:label1\" content=\"Gesch\u00e4tzte Lesezeit\" \/>\n\t<meta name=\"twitter:data1\" content=\"2\u00a0Minuten\" \/>\n<script type=\"application\/ld+json\" class=\"yoast-schema-graph\">{\"@context\":\"https:\/\/schema.org\",\"@graph\":[{\"@type\":\"WebPage\",\"@id\":\"https:\/\/hakner.eu\/de\/ueber-die-marke\/\",\"url\":\"https:\/\/hakner.eu\/de\/ueber-die-marke\/\",\"name\":\"\u00dcber die Marke - Hakner\",\"isPartOf\":{\"@id\":\"https:\/\/hakner.eu\/#website\"},\"datePublished\":\"2022-10-26T13:23:04+00:00\",\"dateModified\":\"2025-02-03T07:43:18+00:00\",\"breadcrumb\":{\"@id\":\"https:\/\/hakner.eu\/de\/ueber-die-marke\/#breadcrumb\"},\"inLanguage\":\"de\",\"potentialAction\":[{\"@type\":\"ReadAction\",\"target\":[\"https:\/\/hakner.eu\/de\/ueber-die-marke\/\"]}]},{\"@type\":\"BreadcrumbList\",\"@id\":\"https:\/\/hakner.eu\/de\/ueber-die-marke\/#breadcrumb\",\"itemListElement\":[{\"@type\":\"ListItem\",\"position\":1,\"name\":\"Home\",\"item\":\"https:\/\/hakner.eu\/de\/\"},{\"@type\":\"ListItem\",\"position\":2,\"name\":\"\u00dcber die Marke\"}]},{\"@type\":\"WebSite\",\"@id\":\"https:\/\/hakner.eu\/#website\",\"url\":\"https:\/\/hakner.eu\/\",\"name\":\"Hakner\",\"description\":\"Jako\u015b\u0107 Funkcjonalno\u015b\u0107 Design\",\"potentialAction\":[{\"@type\":\"SearchAction\",\"target\":{\"@type\":\"EntryPoint\",\"urlTemplate\":\"https:\/\/hakner.eu\/?s={search_term_string}\"},\"query-input\":{\"@type\":\"PropertyValueSpecification\",\"valueRequired\":true,\"valueName\":\"search_term_string\"}}],\"inLanguage\":\"de\"}]}<\/script>\n<!-- \/ Yoast SEO plugin. -->","yoast_head_json":{"title":"\u00dcber die Marke - Hakner","robots":{"index":"index","follow":"follow","max-snippet":"max-snippet:-1","max-image-preview":"max-image-preview:large","max-video-preview":"max-video-preview:-1"},"canonical":"https:\/\/hakner.eu\/de\/ueber-die-marke\/","og_locale":"de_DE","og_type":"article","og_title":"\u00dcber die Marke - Hakner","og_description":"Erfahrung, Qualit\u00e4t der Produkte und deren Funktionalit\u00e4t sind die Genesis der Marke HAKNER. Heute sind wir ein f\u00fchrender Partner und Lieferant von Beschl\u00e4gen f\u00fcr die Herstellung von M\u00f6beln, Sanit\u00e4reinrichtungen und Accessoires, die die Funktionalit\u00e4t von M\u00f6beln unterst\u00fctzen. Die unter der Marke HAKNER angebotenen Produkte gew\u00e4hrleisten durch die hohe Qualit\u00e4t Bedienkomfort und \u00c4sthetik und werden zudem [&hellip;]","og_url":"https:\/\/hakner.eu\/de\/ueber-die-marke\/","og_site_name":"Hakner","article_modified_time":"2025-02-03T07:43:18+00:00","twitter_card":"summary_large_image","twitter_misc":{"Gesch\u00e4tzte Lesezeit":"2\u00a0Minuten"},"schema":{"@context":"https:\/\/schema.org","@graph":[{"@type":"WebPage","@id":"https:\/\/hakner.eu\/de\/ueber-die-marke\/","url":"https:\/\/hakner.eu\/de\/ueber-die-marke\/","name":"\u00dcber die Marke - Hakner","isPartOf":{"@id":"https:\/\/hakner.eu\/#website"},"datePublished":"2022-10-26T13:23:04+00:00","dateModified":"2025-02-03T07:43:18+00:00","breadcrumb":{"@id":"https:\/\/hakner.eu\/de\/ueber-die-marke\/#breadcrumb"},"inLanguage":"de","potentialAction":[{"@type":"ReadAction","target":["https:\/\/hakner.eu\/de\/ueber-die-marke\/"]}]},{"@type":"BreadcrumbList","@id":"https:\/\/hakner.eu\/de\/ueber-die-marke\/#breadcrumb","itemListElement":[{"@type":"ListItem","position":1,"name":"Home","item":"https:\/\/hakner.eu\/de\/"},{"@type":"ListItem","position":2,"name":"\u00dcber die Marke"}]},{"@type":"WebSite","@id":"https:\/\/hakner.eu\/#website","url":"https:\/\/hakner.eu\/","name":"Hakner","description":"Jako\u015b\u0107 Funkcjonalno\u015b\u0107 Design","potentialAction":[{"@type":"SearchAction","target":{"@type":"EntryPoint","urlTemplate":"https:\/\/hakner.eu\/?s={search_term_string}"},"query-input":{"@type":"PropertyValueSpecification","valueRequired":true,"valueName":"search_term_string"}}],"inLanguage":"de"}]}},"_links":{"self":[{"href":"https:\/\/hakner.eu\/de\/wp-json\/wp\/v2\/pages\/925","targetHints":{"allow":["GET"]}}],"collection":[{"href":"https:\/\/hakner.eu\/de\/wp-json\/wp\/v2\/pages"}],"about":[{"href":"https:\/\/hakner.eu\/de\/wp-json\/wp\/v2\/types\/page"}],"author":[{"embeddable":true,"href":"https:\/\/hakner.eu\/de\/wp-json\/wp\/v2\/users\/1"}],"replies":[{"embeddable":true,"href":"https:\/\/hakner.eu\/de\/wp-json\/wp\/v2\/comments?post=925"}],"version-history":[{"count":4,"href":"https:\/\/hakner.eu\/de\/wp-json\/wp\/v2\/pages\/925\/revisions"}],"predecessor-version":[{"id":7003,"href":"https:\/\/hakner.eu\/de\/wp-json\/wp\/v2\/pages\/925\/revisions\/7003"}],"wp:attachment":[{"href":"https:\/\/hakner.eu\/de\/wp-json\/wp\/v2\/media?parent=925"}],"curies":[{"name":"wp","href":"https:\/\/api.w.org\/{rel}","templated":true}]}}