{"id":932,"date":"2022-10-24T20:37:17","date_gmt":"2022-10-24T18:37:17","guid":{"rendered":"https:\/\/hakner.eu\/sklep-internetowy\/"},"modified":"2023-01-18T17:52:33","modified_gmt":"2023-01-18T16:52:33","slug":"online-shop","status":"publish","type":"page","link":"https:\/\/hakner.eu\/de\/online-shop\/","title":{"rendered":"Online \u2013 Shop"},"content":{"rendered":"\n<p>Unser Online-Shop ist die beste Wahl f\u00fcr Kunden, die M\u00f6belzubeh\u00f6r ben\u00f6tigen, um ihre eigenen M\u00f6bel zu reparieren oder zusammenzubauen. Ein breites Sortiment befriedigt sowohl die Bed\u00fcrfnisse von Heimwerkern als auch von professionellen Schreinern. Alle notwendigen Zubeh\u00f6rteile k\u00f6nnen Sie in unserem Shop kaufen!<\/p>\n\n\n\n<ul class=\"wp-block-list\">\n<li>Fachkompetente Beratung<\/li>\n\n\n\n<li>22 Jahre Erfahrung<\/li>\n\n\n\n<li>Kostenlose Lieferung \u00fcber 300 PLN<\/li>\n\n\n\n<li>Versand innerhalb von 24 Stunden<\/li>\n\n\n\n<li>Produkte in intuitive Kategorien eingeteilt<\/li>\n<\/ul>\n\n\n\n<div class=\"wp-block-buttons is-layout-flex wp-block-buttons-is-layout-flex\">\n<div class=\"wp-block-button full\"><a class=\"wp-block-button__link wp-element-button\" href=\"https:\/\/gryc24.pl\/\">Hier geht es zum Online &#8211; Shop<\/a><\/div>\n<\/div>\n","protected":false},"excerpt":{"rendered":"<p>Unser Online-Shop ist die beste Wahl f\u00fcr Kunden, die M\u00f6belzubeh\u00f6r ben\u00f6tigen, um ihre eigenen M\u00f6bel zu reparieren oder zusammenzubauen. Ein breites Sortiment befriedigt sowohl die Bed\u00fcrfnisse von Heimwerkern als auch von professionellen Schreinern. Alle notwendigen Zubeh\u00f6rteile k\u00f6nnen Sie in unserem Shop kaufen!<\/p>\n","protected":false},"author":1,"featured_media":704,"parent":0,"menu_order":57,"comment_status":"closed","ping_status":"closed","template":"template_ecommerce.php","meta":{"_acf_changed":false,"qubely_global_settings":"","qubely_interactions":"","footnotes":""},"class_list":["post-932","page","type-page","status-publish","has-post-thumbnail","hentry"],"acf":[],"yoast_head":"<!-- This site is optimized with the Yoast SEO plugin v27.2 - https:\/\/yoast.com\/product\/yoast-seo-wordpress\/ -->\n<title>Online \u2013 Shop - Hakner<\/title>\n<meta name=\"robots\" content=\"index, follow, max-snippet:-1, max-image-preview:large, max-video-preview:-1\" \/>\n<link rel=\"canonical\" href=\"https:\/\/hakner.eu\/de\/online-shop\/\" \/>\n<meta property=\"og:locale\" content=\"de_DE\" \/>\n<meta property=\"og:type\" content=\"article\" \/>\n<meta property=\"og:title\" content=\"Online \u2013 Shop - Hakner\" \/>\n<meta property=\"og:description\" content=\"Unser Online-Shop ist die beste Wahl f\u00fcr Kunden, die M\u00f6belzubeh\u00f6r ben\u00f6tigen, um ihre eigenen M\u00f6bel zu reparieren oder zusammenzubauen. Ein breites Sortiment befriedigt sowohl die Bed\u00fcrfnisse von Heimwerkern als auch von professionellen Schreinern. Alle notwendigen Zubeh\u00f6rteile k\u00f6nnen Sie in unserem Shop kaufen!\" \/>\n<meta property=\"og:url\" content=\"https:\/\/hakner.eu\/de\/online-shop\/\" \/>\n<meta property=\"og:site_name\" content=\"Hakner\" \/>\n<meta property=\"article:modified_time\" content=\"2023-01-18T16:52:33+00:00\" \/>\n<meta property=\"og:image\" content=\"https:\/\/hakner.eu\/wp-content\/uploads\/2022\/10\/image.png\" \/>\n\t<meta property=\"og:image:width\" content=\"650\" \/>\n\t<meta property=\"og:image:height\" content=\"597\" \/>\n\t<meta property=\"og:image:type\" content=\"image\/png\" \/>\n<meta name=\"twitter:card\" content=\"summary_large_image\" \/>\n<script type=\"application\/ld+json\" class=\"yoast-schema-graph\">{\"@context\":\"https:\/\/schema.org\",\"@graph\":[{\"@type\":\"WebPage\",\"@id\":\"https:\/\/hakner.eu\/de\/online-shop\/\",\"url\":\"https:\/\/hakner.eu\/de\/online-shop\/\",\"name\":\"Online \u2013 Shop - Hakner\",\"isPartOf\":{\"@id\":\"https:\/\/hakner.eu\/#website\"},\"primaryImageOfPage\":{\"@id\":\"https:\/\/hakner.eu\/de\/online-shop\/#primaryimage\"},\"image\":{\"@id\":\"https:\/\/hakner.eu\/de\/online-shop\/#primaryimage\"},\"thumbnailUrl\":\"https:\/\/hakner.eu\/wp-content\/uploads\/2022\/10\/image.png\",\"datePublished\":\"2022-10-24T18:37:17+00:00\",\"dateModified\":\"2023-01-18T16:52:33+00:00\",\"breadcrumb\":{\"@id\":\"https:\/\/hakner.eu\/de\/online-shop\/#breadcrumb\"},\"inLanguage\":\"de\",\"potentialAction\":[{\"@type\":\"ReadAction\",\"target\":[\"https:\/\/hakner.eu\/de\/online-shop\/\"]}]},{\"@type\":\"ImageObject\",\"inLanguage\":\"de\",\"@id\":\"https:\/\/hakner.eu\/de\/online-shop\/#primaryimage\",\"url\":\"https:\/\/hakner.eu\/wp-content\/uploads\/2022\/10\/image.png\",\"contentUrl\":\"https:\/\/hakner.eu\/wp-content\/uploads\/2022\/10\/image.png\",\"width\":650,\"height\":597},{\"@type\":\"BreadcrumbList\",\"@id\":\"https:\/\/hakner.eu\/de\/online-shop\/#breadcrumb\",\"itemListElement\":[{\"@type\":\"ListItem\",\"position\":1,\"name\":\"Home\",\"item\":\"https:\/\/hakner.eu\/de\/\"},{\"@type\":\"ListItem\",\"position\":2,\"name\":\"Online \u2013 Shop\"}]},{\"@type\":\"WebSite\",\"@id\":\"https:\/\/hakner.eu\/#website\",\"url\":\"https:\/\/hakner.eu\/\",\"name\":\"Hakner\",\"description\":\"Jako\u015b\u0107 Funkcjonalno\u015b\u0107 Design\",\"potentialAction\":[{\"@type\":\"SearchAction\",\"target\":{\"@type\":\"EntryPoint\",\"urlTemplate\":\"https:\/\/hakner.eu\/?s={search_term_string}\"},\"query-input\":{\"@type\":\"PropertyValueSpecification\",\"valueRequired\":true,\"valueName\":\"search_term_string\"}}],\"inLanguage\":\"de\"}]}<\/script>\n<!-- \/ Yoast SEO plugin. -->","yoast_head_json":{"title":"Online \u2013 Shop - Hakner","robots":{"index":"index","follow":"follow","max-snippet":"max-snippet:-1","max-image-preview":"max-image-preview:large","max-video-preview":"max-video-preview:-1"},"canonical":"https:\/\/hakner.eu\/de\/online-shop\/","og_locale":"de_DE","og_type":"article","og_title":"Online \u2013 Shop - Hakner","og_description":"Unser Online-Shop ist die beste Wahl f\u00fcr Kunden, die M\u00f6belzubeh\u00f6r ben\u00f6tigen, um ihre eigenen M\u00f6bel zu reparieren oder zusammenzubauen. Ein breites Sortiment befriedigt sowohl die Bed\u00fcrfnisse von Heimwerkern als auch von professionellen Schreinern. Alle notwendigen Zubeh\u00f6rteile k\u00f6nnen Sie in unserem Shop kaufen!","og_url":"https:\/\/hakner.eu\/de\/online-shop\/","og_site_name":"Hakner","article_modified_time":"2023-01-18T16:52:33+00:00","og_image":[{"width":650,"height":597,"url":"https:\/\/hakner.eu\/wp-content\/uploads\/2022\/10\/image.png","type":"image\/png"}],"twitter_card":"summary_large_image","schema":{"@context":"https:\/\/schema.org","@graph":[{"@type":"WebPage","@id":"https:\/\/hakner.eu\/de\/online-shop\/","url":"https:\/\/hakner.eu\/de\/online-shop\/","name":"Online \u2013 Shop - Hakner","isPartOf":{"@id":"https:\/\/hakner.eu\/#website"},"primaryImageOfPage":{"@id":"https:\/\/hakner.eu\/de\/online-shop\/#primaryimage"},"image":{"@id":"https:\/\/hakner.eu\/de\/online-shop\/#primaryimage"},"thumbnailUrl":"https:\/\/hakner.eu\/wp-content\/uploads\/2022\/10\/image.png","datePublished":"2022-10-24T18:37:17+00:00","dateModified":"2023-01-18T16:52:33+00:00","breadcrumb":{"@id":"https:\/\/hakner.eu\/de\/online-shop\/#breadcrumb"},"inLanguage":"de","potentialAction":[{"@type":"ReadAction","target":["https:\/\/hakner.eu\/de\/online-shop\/"]}]},{"@type":"ImageObject","inLanguage":"de","@id":"https:\/\/hakner.eu\/de\/online-shop\/#primaryimage","url":"https:\/\/hakner.eu\/wp-content\/uploads\/2022\/10\/image.png","contentUrl":"https:\/\/hakner.eu\/wp-content\/uploads\/2022\/10\/image.png","width":650,"height":597},{"@type":"BreadcrumbList","@id":"https:\/\/hakner.eu\/de\/online-shop\/#breadcrumb","itemListElement":[{"@type":"ListItem","position":1,"name":"Home","item":"https:\/\/hakner.eu\/de\/"},{"@type":"ListItem","position":2,"name":"Online \u2013 Shop"}]},{"@type":"WebSite","@id":"https:\/\/hakner.eu\/#website","url":"https:\/\/hakner.eu\/","name":"Hakner","description":"Jako\u015b\u0107 Funkcjonalno\u015b\u0107 Design","potentialAction":[{"@type":"SearchAction","target":{"@type":"EntryPoint","urlTemplate":"https:\/\/hakner.eu\/?s={search_term_string}"},"query-input":{"@type":"PropertyValueSpecification","valueRequired":true,"valueName":"search_term_string"}}],"inLanguage":"de"}]}},"_links":{"self":[{"href":"https:\/\/hakner.eu\/de\/wp-json\/wp\/v2\/pages\/932","targetHints":{"allow":["GET"]}}],"collection":[{"href":"https:\/\/hakner.eu\/de\/wp-json\/wp\/v2\/pages"}],"about":[{"href":"https:\/\/hakner.eu\/de\/wp-json\/wp\/v2\/types\/page"}],"author":[{"embeddable":true,"href":"https:\/\/hakner.eu\/de\/wp-json\/wp\/v2\/users\/1"}],"replies":[{"embeddable":true,"href":"https:\/\/hakner.eu\/de\/wp-json\/wp\/v2\/comments?post=932"}],"version-history":[{"count":3,"href":"https:\/\/hakner.eu\/de\/wp-json\/wp\/v2\/pages\/932\/revisions"}],"predecessor-version":[{"id":938,"href":"https:\/\/hakner.eu\/de\/wp-json\/wp\/v2\/pages\/932\/revisions\/938"}],"wp:featuredmedia":[{"embeddable":true,"href":"https:\/\/hakner.eu\/de\/wp-json\/wp\/v2\/media\/704"}],"wp:attachment":[{"href":"https:\/\/hakner.eu\/de\/wp-json\/wp\/v2\/media?parent=932"}],"curies":[{"name":"wp","href":"https:\/\/api.w.org\/{rel}","templated":true}]}}