{"id":934,"date":"2022-10-26T15:22:38","date_gmt":"2022-10-26T13:22:38","guid":{"rendered":"https:\/\/hakner.eu\/strefa-b2b\/"},"modified":"2023-01-18T17:54:56","modified_gmt":"2023-01-18T16:54:56","slug":"b2b-bereich","status":"publish","type":"page","link":"https:\/\/hakner.eu\/de\/b2b-bereich\/","title":{"rendered":"B2B Bereich"},"content":{"rendered":"\n<p>Wir haben ein spezielles B2B-Angebot f\u00fcr professionelle Kunden vorbereitet, das nach dem Einloggen in die B2B-Zone verf\u00fcgbar ist.<\/p>\n\n\n\n<h4 class=\"wp-block-heading\">Vorteile, die Ihr Unternehmen im B2B-Bereich erwarten:<\/h4>\n\n\n\n<p><\/p>\n\n\n\n<ul class=\"wp-block-list\">\n<li>feste Rabatte, je nach Umsatz<\/li>\n\n\n\n<li>Darstellung von Nettopreisen unter Ber\u00fccksichtigung Ihres Rabatts<\/li>\n\n\n\n<li>die M\u00f6glichkeit der Nutzung von Handelskrediten und Zahlungsaufsch\u00fcben<\/li>\n\n\n\n<li>Preisaktionen nur f\u00fcr Gro\u00dfhandelskunden<\/li>\n\n\n\n<li>einfache Definition von Liefer- und Rechnungsadressen<\/li>\n\n\n\n<li>Auftr\u00e4ge aus dem B2B &#8211; Bereich haben die h\u00f6chste Ausf\u00fchrungspriorit\u00e4t<\/li>\n\n\n\n<li>die M\u00f6glichkeit, Bestellungen im \u201ePreorder\u201c-System aufzugeben<\/li>\n\n\n\n<li>erweitertes Produktangebot<\/li>\n\n\n\n<li>kostenlose elektronische und gedruckte Kataloge<\/li>\n\n\n\n<li>Hilfe von unseren Beratern<\/li>\n<\/ul>\n\n\n\n<div class=\"wp-block-buttons is-layout-flex wp-block-buttons-is-layout-flex\">\n<div class=\"wp-block-button full\"><a class=\"wp-block-button__link wp-element-button\" href=\"https:\/\/gryc24.pl\/strefa-b2b.html\">Hier geht es zum B2B-Bereich<\/a><\/div>\n<\/div>\n","protected":false},"excerpt":{"rendered":"<p>Wir haben ein spezielles B2B-Angebot f\u00fcr professionelle Kunden vorbereitet, das nach dem Einloggen in die B2B-Zone verf\u00fcgbar ist. Vorteile, die Ihr Unternehmen im B2B-Bereich erwarten:<\/p>\n","protected":false},"author":1,"featured_media":749,"parent":0,"menu_order":25,"comment_status":"closed","ping_status":"closed","template":"template_ecommerce.php","meta":{"_acf_changed":false,"qubely_global_settings":"","qubely_interactions":"","footnotes":""},"class_list":["post-934","page","type-page","status-publish","has-post-thumbnail","hentry"],"acf":[],"yoast_head":"<!-- This site is optimized with the Yoast SEO plugin v27.2 - https:\/\/yoast.com\/product\/yoast-seo-wordpress\/ -->\n<title>B2B Bereich - Hakner<\/title>\n<meta name=\"robots\" content=\"index, follow, max-snippet:-1, max-image-preview:large, max-video-preview:-1\" \/>\n<link rel=\"canonical\" href=\"https:\/\/hakner.eu\/de\/b2b-bereich\/\" \/>\n<meta property=\"og:locale\" content=\"de_DE\" \/>\n<meta property=\"og:type\" content=\"article\" \/>\n<meta property=\"og:title\" content=\"B2B Bereich - Hakner\" \/>\n<meta property=\"og:description\" content=\"Wir haben ein spezielles B2B-Angebot f\u00fcr professionelle Kunden vorbereitet, das nach dem Einloggen in die B2B-Zone verf\u00fcgbar ist. Vorteile, die Ihr Unternehmen im B2B-Bereich erwarten:\" \/>\n<meta property=\"og:url\" content=\"https:\/\/hakner.eu\/de\/b2b-bereich\/\" \/>\n<meta property=\"og:site_name\" content=\"Hakner\" \/>\n<meta property=\"article:modified_time\" content=\"2023-01-18T16:54:56+00:00\" \/>\n<meta property=\"og:image\" content=\"https:\/\/hakner.eu\/wp-content\/uploads\/2022\/12\/b2b.png\" \/>\n\t<meta property=\"og:image:width\" content=\"650\" \/>\n\t<meta property=\"og:image:height\" content=\"597\" \/>\n\t<meta property=\"og:image:type\" content=\"image\/png\" \/>\n<meta name=\"twitter:card\" content=\"summary_large_image\" \/>\n<meta name=\"twitter:label1\" content=\"Gesch\u00e4tzte Lesezeit\" \/>\n\t<meta name=\"twitter:data1\" content=\"1\u00a0Minute\" \/>\n<script type=\"application\/ld+json\" class=\"yoast-schema-graph\">{\"@context\":\"https:\/\/schema.org\",\"@graph\":[{\"@type\":\"WebPage\",\"@id\":\"https:\/\/hakner.eu\/de\/b2b-bereich\/\",\"url\":\"https:\/\/hakner.eu\/de\/b2b-bereich\/\",\"name\":\"B2B Bereich - Hakner\",\"isPartOf\":{\"@id\":\"https:\/\/hakner.eu\/#website\"},\"primaryImageOfPage\":{\"@id\":\"https:\/\/hakner.eu\/de\/b2b-bereich\/#primaryimage\"},\"image\":{\"@id\":\"https:\/\/hakner.eu\/de\/b2b-bereich\/#primaryimage\"},\"thumbnailUrl\":\"https:\/\/hakner.eu\/wp-content\/uploads\/2022\/12\/b2b.png\",\"datePublished\":\"2022-10-26T13:22:38+00:00\",\"dateModified\":\"2023-01-18T16:54:56+00:00\",\"breadcrumb\":{\"@id\":\"https:\/\/hakner.eu\/de\/b2b-bereich\/#breadcrumb\"},\"inLanguage\":\"de\",\"potentialAction\":[{\"@type\":\"ReadAction\",\"target\":[\"https:\/\/hakner.eu\/de\/b2b-bereich\/\"]}]},{\"@type\":\"ImageObject\",\"inLanguage\":\"de\",\"@id\":\"https:\/\/hakner.eu\/de\/b2b-bereich\/#primaryimage\",\"url\":\"https:\/\/hakner.eu\/wp-content\/uploads\/2022\/12\/b2b.png\",\"contentUrl\":\"https:\/\/hakner.eu\/wp-content\/uploads\/2022\/12\/b2b.png\",\"width\":650,\"height\":597},{\"@type\":\"BreadcrumbList\",\"@id\":\"https:\/\/hakner.eu\/de\/b2b-bereich\/#breadcrumb\",\"itemListElement\":[{\"@type\":\"ListItem\",\"position\":1,\"name\":\"Home\",\"item\":\"https:\/\/hakner.eu\/de\/\"},{\"@type\":\"ListItem\",\"position\":2,\"name\":\"B2B Bereich\"}]},{\"@type\":\"WebSite\",\"@id\":\"https:\/\/hakner.eu\/#website\",\"url\":\"https:\/\/hakner.eu\/\",\"name\":\"Hakner\",\"description\":\"Jako\u015b\u0107 Funkcjonalno\u015b\u0107 Design\",\"potentialAction\":[{\"@type\":\"SearchAction\",\"target\":{\"@type\":\"EntryPoint\",\"urlTemplate\":\"https:\/\/hakner.eu\/?s={search_term_string}\"},\"query-input\":{\"@type\":\"PropertyValueSpecification\",\"valueRequired\":true,\"valueName\":\"search_term_string\"}}],\"inLanguage\":\"de\"}]}<\/script>\n<!-- \/ Yoast SEO plugin. -->","yoast_head_json":{"title":"B2B Bereich - Hakner","robots":{"index":"index","follow":"follow","max-snippet":"max-snippet:-1","max-image-preview":"max-image-preview:large","max-video-preview":"max-video-preview:-1"},"canonical":"https:\/\/hakner.eu\/de\/b2b-bereich\/","og_locale":"de_DE","og_type":"article","og_title":"B2B Bereich - Hakner","og_description":"Wir haben ein spezielles B2B-Angebot f\u00fcr professionelle Kunden vorbereitet, das nach dem Einloggen in die B2B-Zone verf\u00fcgbar ist. Vorteile, die Ihr Unternehmen im B2B-Bereich erwarten:","og_url":"https:\/\/hakner.eu\/de\/b2b-bereich\/","og_site_name":"Hakner","article_modified_time":"2023-01-18T16:54:56+00:00","og_image":[{"width":650,"height":597,"url":"https:\/\/hakner.eu\/wp-content\/uploads\/2022\/12\/b2b.png","type":"image\/png"}],"twitter_card":"summary_large_image","twitter_misc":{"Gesch\u00e4tzte Lesezeit":"1\u00a0Minute"},"schema":{"@context":"https:\/\/schema.org","@graph":[{"@type":"WebPage","@id":"https:\/\/hakner.eu\/de\/b2b-bereich\/","url":"https:\/\/hakner.eu\/de\/b2b-bereich\/","name":"B2B Bereich - Hakner","isPartOf":{"@id":"https:\/\/hakner.eu\/#website"},"primaryImageOfPage":{"@id":"https:\/\/hakner.eu\/de\/b2b-bereich\/#primaryimage"},"image":{"@id":"https:\/\/hakner.eu\/de\/b2b-bereich\/#primaryimage"},"thumbnailUrl":"https:\/\/hakner.eu\/wp-content\/uploads\/2022\/12\/b2b.png","datePublished":"2022-10-26T13:22:38+00:00","dateModified":"2023-01-18T16:54:56+00:00","breadcrumb":{"@id":"https:\/\/hakner.eu\/de\/b2b-bereich\/#breadcrumb"},"inLanguage":"de","potentialAction":[{"@type":"ReadAction","target":["https:\/\/hakner.eu\/de\/b2b-bereich\/"]}]},{"@type":"ImageObject","inLanguage":"de","@id":"https:\/\/hakner.eu\/de\/b2b-bereich\/#primaryimage","url":"https:\/\/hakner.eu\/wp-content\/uploads\/2022\/12\/b2b.png","contentUrl":"https:\/\/hakner.eu\/wp-content\/uploads\/2022\/12\/b2b.png","width":650,"height":597},{"@type":"BreadcrumbList","@id":"https:\/\/hakner.eu\/de\/b2b-bereich\/#breadcrumb","itemListElement":[{"@type":"ListItem","position":1,"name":"Home","item":"https:\/\/hakner.eu\/de\/"},{"@type":"ListItem","position":2,"name":"B2B Bereich"}]},{"@type":"WebSite","@id":"https:\/\/hakner.eu\/#website","url":"https:\/\/hakner.eu\/","name":"Hakner","description":"Jako\u015b\u0107 Funkcjonalno\u015b\u0107 Design","potentialAction":[{"@type":"SearchAction","target":{"@type":"EntryPoint","urlTemplate":"https:\/\/hakner.eu\/?s={search_term_string}"},"query-input":{"@type":"PropertyValueSpecification","valueRequired":true,"valueName":"search_term_string"}}],"inLanguage":"de"}]}},"_links":{"self":[{"href":"https:\/\/hakner.eu\/de\/wp-json\/wp\/v2\/pages\/934","targetHints":{"allow":["GET"]}}],"collection":[{"href":"https:\/\/hakner.eu\/de\/wp-json\/wp\/v2\/pages"}],"about":[{"href":"https:\/\/hakner.eu\/de\/wp-json\/wp\/v2\/types\/page"}],"author":[{"embeddable":true,"href":"https:\/\/hakner.eu\/de\/wp-json\/wp\/v2\/users\/1"}],"replies":[{"embeddable":true,"href":"https:\/\/hakner.eu\/de\/wp-json\/wp\/v2\/comments?post=934"}],"version-history":[{"count":2,"href":"https:\/\/hakner.eu\/de\/wp-json\/wp\/v2\/pages\/934\/revisions"}],"predecessor-version":[{"id":940,"href":"https:\/\/hakner.eu\/de\/wp-json\/wp\/v2\/pages\/934\/revisions\/940"}],"wp:featuredmedia":[{"embeddable":true,"href":"https:\/\/hakner.eu\/de\/wp-json\/wp\/v2\/media\/749"}],"wp:attachment":[{"href":"https:\/\/hakner.eu\/de\/wp-json\/wp\/v2\/media?parent=934"}],"curies":[{"name":"wp","href":"https:\/\/api.w.org\/{rel}","templated":true}]}}