{"id":949,"date":"2022-10-24T16:34:05","date_gmt":"2022-10-24T14:34:05","guid":{"rendered":"https:\/\/hakner.eu\/polityka-prywatnosci\/"},"modified":"2023-01-25T12:11:21","modified_gmt":"2023-01-25T11:11:21","slug":"polityka-prywatnosci","status":"publish","type":"page","link":"https:\/\/hakner.eu\/de\/polityka-prywatnosci\/","title":{"rendered":"Datenschutzrichtlinie"},"content":{"rendered":"\n<p>Diese Richtlinie gilt f\u00fcr <strong>Cookies<\/strong> und bezieht sich auf die Webseite hakner.eu, betrieben von Gryc Tomasz Gryc mit Sitz in Warschau, Str. Matuszewska 14, PLZ 03-876 Warschau.<\/p>\n\n\n\n<p>Die Webseite <a href=\"http:\/\/hakner.eu\">hakner.eu<\/a> garantiert allen Nutzern das Recht, hinsichtlich der Bereitstellung, die sie betreffenden Informationen im bestimmten Bereich zu w\u00e4hlen. <a href=\"http:\/\/hakner.eu\">hakner.eu<\/a> informiert, dass es auf seinen Seiten die <strong>Cookies <\/strong>verwendet. Dies, um dar\u00fcber informiert zu werden, welche Seiten der Benutzer besucht hat und was er auf ihnen unternommen hat.<\/p>\n\n\n\n<p>Wir verwenden <strong>Cookies<\/strong> und andere \u00e4hnliche Technologien zu folgenden Zwecken:<br>\u2013 Bereitstellung und Ausf\u00fchrung von Bestellungen und Dienstleistungen<br>\u2013 Statistikerstellung, die uns hilft zu verstehen, wie Benutzer unsere Webseite nutzen, dadurch k\u00f6nnen wir ihre Struktur und ihren Inhalt verbessern.<\/p>\n\n\n\n<p>In vielen F\u00e4llen erlaubt die zum Durchsuchen von Webseites verwendete Software (Browser) standardmassig das Speichern von Informationen in Form von <strong>Cookies<\/strong> und derartigen Technologien auf dem Ger\u00e4t des Nutzers. Der Benutzer kann allerdings die Einstellungen jede Zeit \u00e4ndern. Die Nichtvornahme von \u00c4nderungen hat zur Folge, dass die oben genannten Informationen auf seinem Ger\u00e4t gespeichert werden k\u00f6nnen, wodurch wir auf dem Ger\u00e4t des Nutzers Informationen speichern k\u00f6nnen und auf sie Zugriff erhalten.<\/p>\n\n\n\n<p>Auf der Ebene des vom Nutzer benutztem Browser ist es zum Beispiel m\u00f6glich, die <strong>Cookies <\/strong>selbst\u00e4ndig zu verwalten. In den am meisten bekannten Browsers gibt\u2019s die M\u00f6glichkeit:<\/p>\n\n\n\n<p>\u2013 Erlaub von <strong>Cookies<\/strong>, die dazu dienen, die von den Webseites angebotenen Optionen voll auszusch\u00f6pfen;<br>\u2013 Verwaltung von <strong>Cookie<\/strong>-Dateien auf der Ebene der vom Benutzer einzeln gew\u00e4hlten Webseite;<br>\u2013 Festlegen von Einstellungen f\u00fcr verschiedene <strong>Cookie<\/strong>-Dateien, z.B. Erlaub von permanenten Dateien als Sitzungsdateien usw.;<br>\u2013 Blockieren oder L\u00f6schen von<strong> Cookies<\/strong>.<\/p>\n\n\n\n<p>Umfassende Informationen sind in den Einstellungen der Software (Webbrowser) verf\u00fcgbar. Details f\u00fcr diejenigen, die einzelne Browsers verwenden, darunter:<br><a rel=\"noreferrer noopener\" href=\"http:\/\/support.microsoft.com\/kb\/196955\/pl\" target=\"_blank\">Internet Explorer<\/a><br><a rel=\"noreferrer noopener\" href=\"http:\/\/support.mozilla.org\/pl\/products\/firefox\/cookies\" target=\"_blank\">Mozilla Firefox<\/a><br><a rel=\"noreferrer noopener\" href=\"http:\/\/support.google.com\/chrome\/bin\/answer.py?hl=pl&amp;answer=95647\" target=\"_blank\">Chrome<\/a><br><a rel=\"noreferrer noopener\" href=\"http:\/\/help.opera.com\/Linux\/9.22\/pl\/cookies.html\" target=\"_blank\">Opera<\/a><br><a rel=\"noreferrer noopener\" href=\"http:\/\/support.apple.com\/kb\/ph5042\" target=\"_blank\">Safari<\/a><br>usw.<\/p>\n\n\n\n<p><strong>Bitte beachten Sie, dass Einschr\u00e4nkungen oder Ausschl\u00fcsse der Benutzung von Cookies und derartigen Technologien die auf unserer Webseite verf\u00fcgbaren Funktionen beeintr\u00e4chtigen k\u00f6nnen.<\/strong><\/p>\n\n\n\n<p>Weitere Informationen zu <strong>Cookies<\/strong> und anderen Technologien finden Sie z.B. auf der Webseite wszystkoociasteczkach.pl oder im Absatz \u201eHilfe\u201d im Men\u00fc des von Ihnen benutzten Browsers.<\/p>\n","protected":false},"excerpt":{"rendered":"<p>Diese Richtlinie gilt f\u00fcr Cookies und bezieht sich auf die Webseite hakner.eu, betrieben von Gryc Tomasz Gryc mit Sitz in Warschau, Str. Matuszewska 14, PLZ 03-876 Warschau. Die Webseite hakner.eu garantiert allen Nutzern das Recht, hinsichtlich der Bereitstellung, die sie betreffenden Informationen im bestimmten Bereich zu w\u00e4hlen. hakner.eu informiert, dass es auf seinen Seiten die [&hellip;]<\/p>\n","protected":false},"author":1,"featured_media":0,"parent":0,"menu_order":32,"comment_status":"closed","ping_status":"open","template":"","meta":{"_acf_changed":false,"qubely_global_settings":"","qubely_interactions":"","footnotes":""},"class_list":["post-949","page","type-page","status-publish","hentry"],"acf":[],"yoast_head":"<!-- This site is optimized with the Yoast SEO plugin v27.2 - https:\/\/yoast.com\/product\/yoast-seo-wordpress\/ -->\n<title>Datenschutzrichtlinie - Hakner<\/title>\n<meta name=\"robots\" content=\"index, follow, max-snippet:-1, max-image-preview:large, max-video-preview:-1\" \/>\n<link rel=\"canonical\" href=\"https:\/\/hakner.eu\/de\/polityka-prywatnosci\/\" \/>\n<meta property=\"og:locale\" content=\"de_DE\" \/>\n<meta property=\"og:type\" content=\"article\" \/>\n<meta property=\"og:title\" content=\"Datenschutzrichtlinie - Hakner\" \/>\n<meta property=\"og:description\" content=\"Diese Richtlinie gilt f\u00fcr Cookies und bezieht sich auf die Webseite hakner.eu, betrieben von Gryc Tomasz Gryc mit Sitz in Warschau, Str. Matuszewska 14, PLZ 03-876 Warschau. Die Webseite hakner.eu garantiert allen Nutzern das Recht, hinsichtlich der Bereitstellung, die sie betreffenden Informationen im bestimmten Bereich zu w\u00e4hlen. hakner.eu informiert, dass es auf seinen Seiten die [&hellip;]\" \/>\n<meta property=\"og:url\" content=\"https:\/\/hakner.eu\/de\/polityka-prywatnosci\/\" \/>\n<meta property=\"og:site_name\" content=\"Hakner\" \/>\n<meta property=\"article:modified_time\" content=\"2023-01-25T11:11:21+00:00\" \/>\n<meta name=\"twitter:card\" content=\"summary_large_image\" \/>\n<meta name=\"twitter:label1\" content=\"Gesch\u00e4tzte Lesezeit\" \/>\n\t<meta name=\"twitter:data1\" content=\"2\u00a0Minuten\" \/>\n<script type=\"application\/ld+json\" class=\"yoast-schema-graph\">{\"@context\":\"https:\/\/schema.org\",\"@graph\":[{\"@type\":\"WebPage\",\"@id\":\"https:\/\/hakner.eu\/de\/polityka-prywatnosci\/\",\"url\":\"https:\/\/hakner.eu\/de\/polityka-prywatnosci\/\",\"name\":\"Datenschutzrichtlinie - Hakner\",\"isPartOf\":{\"@id\":\"https:\/\/hakner.eu\/#website\"},\"datePublished\":\"2022-10-24T14:34:05+00:00\",\"dateModified\":\"2023-01-25T11:11:21+00:00\",\"breadcrumb\":{\"@id\":\"https:\/\/hakner.eu\/de\/polityka-prywatnosci\/#breadcrumb\"},\"inLanguage\":\"de\",\"potentialAction\":[{\"@type\":\"ReadAction\",\"target\":[\"https:\/\/hakner.eu\/de\/polityka-prywatnosci\/\"]}]},{\"@type\":\"BreadcrumbList\",\"@id\":\"https:\/\/hakner.eu\/de\/polityka-prywatnosci\/#breadcrumb\",\"itemListElement\":[{\"@type\":\"ListItem\",\"position\":1,\"name\":\"Home\",\"item\":\"https:\/\/hakner.eu\/de\/\"},{\"@type\":\"ListItem\",\"position\":2,\"name\":\"Datenschutzrichtlinie\"}]},{\"@type\":\"WebSite\",\"@id\":\"https:\/\/hakner.eu\/#website\",\"url\":\"https:\/\/hakner.eu\/\",\"name\":\"Hakner\",\"description\":\"Jako\u015b\u0107 Funkcjonalno\u015b\u0107 Design\",\"potentialAction\":[{\"@type\":\"SearchAction\",\"target\":{\"@type\":\"EntryPoint\",\"urlTemplate\":\"https:\/\/hakner.eu\/?s={search_term_string}\"},\"query-input\":{\"@type\":\"PropertyValueSpecification\",\"valueRequired\":true,\"valueName\":\"search_term_string\"}}],\"inLanguage\":\"de\"}]}<\/script>\n<!-- \/ Yoast SEO plugin. -->","yoast_head_json":{"title":"Datenschutzrichtlinie - Hakner","robots":{"index":"index","follow":"follow","max-snippet":"max-snippet:-1","max-image-preview":"max-image-preview:large","max-video-preview":"max-video-preview:-1"},"canonical":"https:\/\/hakner.eu\/de\/polityka-prywatnosci\/","og_locale":"de_DE","og_type":"article","og_title":"Datenschutzrichtlinie - Hakner","og_description":"Diese Richtlinie gilt f\u00fcr Cookies und bezieht sich auf die Webseite hakner.eu, betrieben von Gryc Tomasz Gryc mit Sitz in Warschau, Str. Matuszewska 14, PLZ 03-876 Warschau. Die Webseite hakner.eu garantiert allen Nutzern das Recht, hinsichtlich der Bereitstellung, die sie betreffenden Informationen im bestimmten Bereich zu w\u00e4hlen. hakner.eu informiert, dass es auf seinen Seiten die [&hellip;]","og_url":"https:\/\/hakner.eu\/de\/polityka-prywatnosci\/","og_site_name":"Hakner","article_modified_time":"2023-01-25T11:11:21+00:00","twitter_card":"summary_large_image","twitter_misc":{"Gesch\u00e4tzte Lesezeit":"2\u00a0Minuten"},"schema":{"@context":"https:\/\/schema.org","@graph":[{"@type":"WebPage","@id":"https:\/\/hakner.eu\/de\/polityka-prywatnosci\/","url":"https:\/\/hakner.eu\/de\/polityka-prywatnosci\/","name":"Datenschutzrichtlinie - Hakner","isPartOf":{"@id":"https:\/\/hakner.eu\/#website"},"datePublished":"2022-10-24T14:34:05+00:00","dateModified":"2023-01-25T11:11:21+00:00","breadcrumb":{"@id":"https:\/\/hakner.eu\/de\/polityka-prywatnosci\/#breadcrumb"},"inLanguage":"de","potentialAction":[{"@type":"ReadAction","target":["https:\/\/hakner.eu\/de\/polityka-prywatnosci\/"]}]},{"@type":"BreadcrumbList","@id":"https:\/\/hakner.eu\/de\/polityka-prywatnosci\/#breadcrumb","itemListElement":[{"@type":"ListItem","position":1,"name":"Home","item":"https:\/\/hakner.eu\/de\/"},{"@type":"ListItem","position":2,"name":"Datenschutzrichtlinie"}]},{"@type":"WebSite","@id":"https:\/\/hakner.eu\/#website","url":"https:\/\/hakner.eu\/","name":"Hakner","description":"Jako\u015b\u0107 Funkcjonalno\u015b\u0107 Design","potentialAction":[{"@type":"SearchAction","target":{"@type":"EntryPoint","urlTemplate":"https:\/\/hakner.eu\/?s={search_term_string}"},"query-input":{"@type":"PropertyValueSpecification","valueRequired":true,"valueName":"search_term_string"}}],"inLanguage":"de"}]}},"_links":{"self":[{"href":"https:\/\/hakner.eu\/de\/wp-json\/wp\/v2\/pages\/949","targetHints":{"allow":["GET"]}}],"collection":[{"href":"https:\/\/hakner.eu\/de\/wp-json\/wp\/v2\/pages"}],"about":[{"href":"https:\/\/hakner.eu\/de\/wp-json\/wp\/v2\/types\/page"}],"author":[{"embeddable":true,"href":"https:\/\/hakner.eu\/de\/wp-json\/wp\/v2\/users\/1"}],"replies":[{"embeddable":true,"href":"https:\/\/hakner.eu\/de\/wp-json\/wp\/v2\/comments?post=949"}],"version-history":[{"count":4,"href":"https:\/\/hakner.eu\/de\/wp-json\/wp\/v2\/pages\/949\/revisions"}],"predecessor-version":[{"id":965,"href":"https:\/\/hakner.eu\/de\/wp-json\/wp\/v2\/pages\/949\/revisions\/965"}],"wp:attachment":[{"href":"https:\/\/hakner.eu\/de\/wp-json\/wp\/v2\/media?parent=949"}],"curies":[{"name":"wp","href":"https:\/\/api.w.org\/{rel}","templated":true}]}}