{"id":188,"date":"2022-10-24T20:37:24","date_gmt":"2022-10-24T18:37:24","guid":{"rendered":"http:\/\/hakner.eu\/oferta\/"},"modified":"2023-01-18T10:48:46","modified_gmt":"2023-01-18T09:48:46","slug":"our-offer","status":"publish","type":"page","link":"https:\/\/hakner.eu\/en\/our-offer\/","title":{"rendered":"Our offer"},"content":{"rendered":"\n<p>The HAKNER brand offers numerous furniture fittings: slides made acc. to a simple and reliable design, lifts increasing furniture ergonomics, sanitary and toilet fittings combining top quality and excellent functionality, upholstered furniture fittings characterized by strength and comfort, innovative accessories for office furniture and a wide range of furniture locks &#8211; mechanical and electronic combination locks, as well as standard key locks.<\/p>\n\n\n\n<p>We are prepared to deliver unusual orders and we continue expanding our catalog in response to market needs for the best customer satisfaction.<\/p>\n","protected":false},"excerpt":{"rendered":"<p>The HAKNER brand offers numerous furniture fittings: slides made acc. to a simple and reliable design, lifts increasing furniture ergonomics, sanitary and toilet fittings combining top quality and excellent functionality, upholstered furniture fittings characterized by strength and comfort, innovative accessories for office furniture and a wide range of furniture locks &#8211; mechanical and electronic combination [&hellip;]<\/p>\n","protected":false},"author":1,"featured_media":0,"parent":0,"menu_order":50,"comment_status":"closed","ping_status":"closed","template":"template_offer.php","meta":{"_acf_changed":false,"qubely_global_settings":"","qubely_interactions":"","footnotes":""},"class_list":["post-188","page","type-page","status-publish","hentry"],"acf":[],"yoast_head":"<!-- This site is optimized with the Yoast SEO plugin v27.2 - https:\/\/yoast.com\/product\/yoast-seo-wordpress\/ -->\n<title>Our offer - Hakner<\/title>\n<meta name=\"robots\" content=\"index, follow, max-snippet:-1, max-image-preview:large, max-video-preview:-1\" \/>\n<link rel=\"canonical\" href=\"https:\/\/hakner.eu\/en\/our-offer\/\" \/>\n<meta property=\"og:locale\" content=\"en_US\" \/>\n<meta property=\"og:type\" content=\"article\" \/>\n<meta property=\"og:title\" content=\"Our offer - Hakner\" \/>\n<meta property=\"og:description\" content=\"The HAKNER brand offers numerous furniture fittings: slides made acc. to a simple and reliable design, lifts increasing furniture ergonomics, sanitary and toilet fittings combining top quality and excellent functionality, upholstered furniture fittings characterized by strength and comfort, innovative accessories for office furniture and a wide range of furniture locks &#8211; mechanical and electronic combination [&hellip;]\" \/>\n<meta property=\"og:url\" content=\"https:\/\/hakner.eu\/en\/our-offer\/\" \/>\n<meta property=\"og:site_name\" content=\"Hakner\" \/>\n<meta property=\"article:modified_time\" content=\"2023-01-18T09:48:46+00:00\" \/>\n<meta name=\"twitter:card\" content=\"summary_large_image\" \/>\n<script type=\"application\/ld+json\" class=\"yoast-schema-graph\">{\"@context\":\"https:\/\/schema.org\",\"@graph\":[{\"@type\":\"WebPage\",\"@id\":\"https:\/\/hakner.eu\/en\/our-offer\/\",\"url\":\"https:\/\/hakner.eu\/en\/our-offer\/\",\"name\":\"Our offer - Hakner\",\"isPartOf\":{\"@id\":\"https:\/\/hakner.eu\/#website\"},\"datePublished\":\"2022-10-24T18:37:24+00:00\",\"dateModified\":\"2023-01-18T09:48:46+00:00\",\"breadcrumb\":{\"@id\":\"https:\/\/hakner.eu\/en\/our-offer\/#breadcrumb\"},\"inLanguage\":\"en-US\",\"potentialAction\":[{\"@type\":\"ReadAction\",\"target\":[\"https:\/\/hakner.eu\/en\/our-offer\/\"]}]},{\"@type\":\"BreadcrumbList\",\"@id\":\"https:\/\/hakner.eu\/en\/our-offer\/#breadcrumb\",\"itemListElement\":[{\"@type\":\"ListItem\",\"position\":1,\"name\":\"Home\",\"item\":\"https:\/\/hakner.eu\/en\/\"},{\"@type\":\"ListItem\",\"position\":2,\"name\":\"Our offer\"}]},{\"@type\":\"WebSite\",\"@id\":\"https:\/\/hakner.eu\/#website\",\"url\":\"https:\/\/hakner.eu\/\",\"name\":\"Hakner\",\"description\":\"Jako\u015b\u0107 Funkcjonalno\u015b\u0107 Design\",\"potentialAction\":[{\"@type\":\"SearchAction\",\"target\":{\"@type\":\"EntryPoint\",\"urlTemplate\":\"https:\/\/hakner.eu\/?s={search_term_string}\"},\"query-input\":{\"@type\":\"PropertyValueSpecification\",\"valueRequired\":true,\"valueName\":\"search_term_string\"}}],\"inLanguage\":\"en-US\"}]}<\/script>\n<!-- \/ Yoast SEO plugin. -->","yoast_head_json":{"title":"Our offer - Hakner","robots":{"index":"index","follow":"follow","max-snippet":"max-snippet:-1","max-image-preview":"max-image-preview:large","max-video-preview":"max-video-preview:-1"},"canonical":"https:\/\/hakner.eu\/en\/our-offer\/","og_locale":"en_US","og_type":"article","og_title":"Our offer - Hakner","og_description":"The HAKNER brand offers numerous furniture fittings: slides made acc. to a simple and reliable design, lifts increasing furniture ergonomics, sanitary and toilet fittings combining top quality and excellent functionality, upholstered furniture fittings characterized by strength and comfort, innovative accessories for office furniture and a wide range of furniture locks &#8211; mechanical and electronic combination [&hellip;]","og_url":"https:\/\/hakner.eu\/en\/our-offer\/","og_site_name":"Hakner","article_modified_time":"2023-01-18T09:48:46+00:00","twitter_card":"summary_large_image","schema":{"@context":"https:\/\/schema.org","@graph":[{"@type":"WebPage","@id":"https:\/\/hakner.eu\/en\/our-offer\/","url":"https:\/\/hakner.eu\/en\/our-offer\/","name":"Our offer - Hakner","isPartOf":{"@id":"https:\/\/hakner.eu\/#website"},"datePublished":"2022-10-24T18:37:24+00:00","dateModified":"2023-01-18T09:48:46+00:00","breadcrumb":{"@id":"https:\/\/hakner.eu\/en\/our-offer\/#breadcrumb"},"inLanguage":"en-US","potentialAction":[{"@type":"ReadAction","target":["https:\/\/hakner.eu\/en\/our-offer\/"]}]},{"@type":"BreadcrumbList","@id":"https:\/\/hakner.eu\/en\/our-offer\/#breadcrumb","itemListElement":[{"@type":"ListItem","position":1,"name":"Home","item":"https:\/\/hakner.eu\/en\/"},{"@type":"ListItem","position":2,"name":"Our offer"}]},{"@type":"WebSite","@id":"https:\/\/hakner.eu\/#website","url":"https:\/\/hakner.eu\/","name":"Hakner","description":"Jako\u015b\u0107 Funkcjonalno\u015b\u0107 Design","potentialAction":[{"@type":"SearchAction","target":{"@type":"EntryPoint","urlTemplate":"https:\/\/hakner.eu\/?s={search_term_string}"},"query-input":{"@type":"PropertyValueSpecification","valueRequired":true,"valueName":"search_term_string"}}],"inLanguage":"en-US"}]}},"_links":{"self":[{"href":"https:\/\/hakner.eu\/en\/wp-json\/wp\/v2\/pages\/188","targetHints":{"allow":["GET"]}}],"collection":[{"href":"https:\/\/hakner.eu\/en\/wp-json\/wp\/v2\/pages"}],"about":[{"href":"https:\/\/hakner.eu\/en\/wp-json\/wp\/v2\/types\/page"}],"author":[{"embeddable":true,"href":"https:\/\/hakner.eu\/en\/wp-json\/wp\/v2\/users\/1"}],"replies":[{"embeddable":true,"href":"https:\/\/hakner.eu\/en\/wp-json\/wp\/v2\/comments?post=188"}],"version-history":[{"count":2,"href":"https:\/\/hakner.eu\/en\/wp-json\/wp\/v2\/pages\/188\/revisions"}],"predecessor-version":[{"id":646,"href":"https:\/\/hakner.eu\/en\/wp-json\/wp\/v2\/pages\/188\/revisions\/646"}],"wp:attachment":[{"href":"https:\/\/hakner.eu\/en\/wp-json\/wp\/v2\/media?parent=188"}],"curies":[{"name":"wp","href":"https:\/\/api.w.org\/{rel}","templated":true}]}}