{"id":607,"date":"2022-10-26T15:23:04","date_gmt":"2022-10-26T13:23:04","guid":{"rendered":"http:\/\/hakner.eu\/o-marce\/"},"modified":"2025-02-03T08:28:23","modified_gmt":"2025-02-03T07:28:23","slug":"o-marce","status":"publish","type":"page","link":"https:\/\/hakner.eu\/en\/o-marce\/","title":{"rendered":"About the brand"},"content":{"rendered":"\n<p>Experience, product quality and their functionality are the genesis of the HAKNER brand. Today, we are a leading partner and supplier of fittings for the production of furniture, sanitary facilities and accessories supporting the functionality of furniture. Thanks to high quality, the products offered under the HAKNER brand ensure comfort of use and aesthetics, and also meet the high requirements of our customers.\n\nIn interior design, details count. They always influence the final effect, so to achieve the highest aesthetics it is worth using only qualitative and functional elements. All HAKNER products combine timeless classics, the highest quality of workmanship with excellent functionality. Thanks to them, everyday activities become easier and even more convenient.\n\nThe goal of the HAKNER brand is to provide goods that will positively affect the satisfaction of our customers and create the best conditions for comfortable use of the products.<\/p>\n\n\n\n<p><strong>EUTM Certificate<\/strong><\/p>\n\n\n\n<p>The registration of our trademark with the European Union Intellectual Property Office (EUIPO) was published in the European Union Trademark Bulletin No. 2025\/003 on 8 January 2025. This is an important step in the development of our brand and further proof that Hakner is committed to professionalism and security.<strong><br><br>What does an EUTM certificate mean?<span lang=\"EN-GB\"><\/span><br><\/strong><br>The EUTM certificate is a confirmation that our trademark is protected throughout the European Union. This means:<\/p>\n\n\n\n<ul class=\"wp-block-list\">\n<li><strong>Credibility<\/strong> \u2013 Our brand has been verified and registered by EUIPO.<\/li>\n\n\n\n<li><strong>Legal protection<\/strong> \u2013 The Hakner trademark is legally protected, which strengthens our position in the market and allows us to operate even more effectively.<\/li>\n\n\n\n<li><strong>Trust<\/strong> \u2013 For customers, partners and contractors the certificate is real proof that we invest in quality and brand development.<\/li>\n<\/ul>\n\n\n\n<p>The registration certificate is available electronically and can<a href=\"https:\/\/euipo.europa.eu\/eSearch\/#details\/trademarks\/019075168\"> be downloaded and verified<\/a> via the EUIPO website.<\/p>\n\n\n\n<div class=\"wp-block-qubely-divider qubely-block-4a04ea\"><div class=\"qubely-block-divider \"><div class=\"qubely-block-divider-style-fill\"><\/div><\/div><\/div>\n\n\n\n<div style=\"height:20px\" aria-hidden=\"true\" class=\"wp-block-spacer\"><\/div>\n\n\n\n<div class=\"wp-block-stackable-button-group stk-block-button-group stk-block stk-8225aa8\" data-block-id=\"8225aa8\"><style>.stk-8225aa8 .stk-button-group{flex-direction:row !important;}.stk-8225aa8 {min-height:0px !important;padding-top:0px !important;padding-right:0px !important;padding-bottom:0px !important;padding-left:0px !important;margin-bottom:0px !important;}.stk-8225aa8:hover{padding-top:0px !important;padding-right:0px !important;padding-bottom:0px !important;padding-left:0px !important;}@media screen and (max-width: 1023px){.stk-8225aa8 .stk-button-group{flex-direction:row !important;}}@media screen and (max-width: 767px){.stk-8225aa8 .stk-button-group{flex-direction:row !important;}}<\/style><div class=\"stk-row stk-inner-blocks has-text-align-center stk-block-content stk-button-group\">\n<div class=\"wp-block-stackable-button stk-block-button stk-block-expand__show-button stk-block stk-d01e2ba\" data-block-id=\"d01e2ba\"><style>.stk-d01e2ba .stk-button{padding-top:21px !important;padding-right:40px !important;padding-bottom:21px !important;padding-left:40px !important;background:#e63946 !important;}.stk-d01e2ba .stk-button:hover:after{background:#192e4c !important;opacity:1 !important;}.stk-d01e2ba .stk-button .stk--inner-svg svg:last-child{height:36px !important;width:36px !important;}.stk-d01e2ba .stk-button .stk--inner-svg svg:last-child, .stk-d01e2ba .stk-button .stk--inner-svg svg:last-child :is(g, path, rect, polygon, ellipse){fill:#ffffff !important;}.stk-d01e2ba .stk-button__inner-text{font-size:21px !important;color:#ffffff !important;}@media screen and (max-width: 1023px){.stk-d01e2ba .stk-button__inner-text{font-size:21px !important;}}<\/style><a aria-hidden=\"false\" role=\"button\" aria-expanded=\"false\" class=\"stk-link stk-button stk--hover-effect-darken\" href=\"https:\/\/gryc24.pl\/res\/files\/euipo.pdf\" target=\"_blank\" rel=\"noreferrer noopener\"><span class=\"stk--svg-wrapper\"><div class=\"stk--inner-svg\"><svg xmlns=\"http:\/\/www.w3.org\/2000\/svg\" viewBox=\"0 0 512 512\" aria-hidden=\"true\" width=\"32\" height=\"32\"><path d=\"M0 64C0 28.7 28.7 0 64 0L224 0l0 128c0 17.7 14.3 32 32 32l128 0 0 144-208 0c-35.3 0-64 28.7-64 64l0 144-48 0c-35.3 0-64-28.7-64-64L0 64zm384 64l-128 0L256 0 384 128zM176 352l32 0c30.9 0 56 25.1 56 56s-25.1 56-56 56l-16 0 0 32c0 8.8-7.2 16-16 16s-16-7.2-16-16l0-48 0-80c0-8.8 7.2-16 16-16zm32 80c13.3 0 24-10.7 24-24s-10.7-24-24-24l-16 0 0 48 16 0zm96-80l32 0c26.5 0 48 21.5 48 48l0 64c0 26.5-21.5 48-48 48l-32 0c-8.8 0-16-7.2-16-16l0-128c0-8.8 7.2-16 16-16zm32 128c8.8 0 16-7.2 16-16l0-64c0-8.8-7.2-16-16-16l-16 0 0 96 16 0zm80-112c0-8.8 7.2-16 16-16l48 0c8.8 0 16 7.2 16 16s-7.2 16-16 16l-32 0 0 32 32 0c8.8 0 16 7.2 16 16s-7.2 16-16 16l-32 0 0 48c0 8.8-7.2 16-16 16s-16-7.2-16-16l0-64 0-64z\"><\/path><\/svg><\/div><\/span><span class=\"has-text-color stk-button__inner-text\">View the certificate<\/span><\/a><\/div>\n<\/div><\/div>\n\n\n\n<div style=\"height:11px\" aria-hidden=\"true\" class=\"wp-block-spacer\"><\/div>\n\n\n\n<div class=\"wp-block-qubely-divider qubely-block-b69159\"><div class=\"qubely-block-divider \"><div class=\"qubely-block-divider-style-fill\"><\/div><\/div><\/div>\n\n\n\n<p><\/p>\n","protected":false},"excerpt":{"rendered":"<p>Experience, product quality and their functionality are the genesis of the HAKNER brand. Today, we are a leading partner and supplier of fittings for the production of furniture, sanitary facilities and accessories supporting the functionality of furniture. Thanks to high quality, the products offered under the HAKNER brand ensure comfort of use and aesthetics, and [&hellip;]<\/p>\n","protected":false},"author":1,"featured_media":0,"parent":0,"menu_order":52,"comment_status":"closed","ping_status":"closed","template":"","meta":{"_acf_changed":false,"qubely_global_settings":"","qubely_interactions":"","footnotes":""},"class_list":["post-607","page","type-page","status-publish","hentry"],"acf":[],"yoast_head":"<!-- This site is optimized with the Yoast SEO plugin v27.2 - https:\/\/yoast.com\/product\/yoast-seo-wordpress\/ -->\n<title>About the brand - Hakner<\/title>\n<meta name=\"robots\" content=\"index, follow, max-snippet:-1, max-image-preview:large, max-video-preview:-1\" \/>\n<link rel=\"canonical\" href=\"https:\/\/hakner.eu\/en\/o-marce\/\" \/>\n<meta property=\"og:locale\" content=\"en_US\" \/>\n<meta property=\"og:type\" content=\"article\" \/>\n<meta property=\"og:title\" content=\"About the brand - Hakner\" \/>\n<meta property=\"og:description\" content=\"Experience, product quality and their functionality are the genesis of the HAKNER brand. Today, we are a leading partner and supplier of fittings for the production of furniture, sanitary facilities and accessories supporting the functionality of furniture. Thanks to high quality, the products offered under the HAKNER brand ensure comfort of use and aesthetics, and [&hellip;]\" \/>\n<meta property=\"og:url\" content=\"https:\/\/hakner.eu\/en\/o-marce\/\" \/>\n<meta property=\"og:site_name\" content=\"Hakner\" \/>\n<meta property=\"article:modified_time\" content=\"2025-02-03T07:28:23+00:00\" \/>\n<meta name=\"twitter:card\" content=\"summary_large_image\" \/>\n<meta name=\"twitter:label1\" content=\"Est. reading time\" \/>\n\t<meta name=\"twitter:data1\" content=\"2 minutes\" \/>\n<script type=\"application\/ld+json\" class=\"yoast-schema-graph\">{\"@context\":\"https:\/\/schema.org\",\"@graph\":[{\"@type\":\"WebPage\",\"@id\":\"https:\/\/hakner.eu\/en\/o-marce\/\",\"url\":\"https:\/\/hakner.eu\/en\/o-marce\/\",\"name\":\"About the brand - Hakner\",\"isPartOf\":{\"@id\":\"https:\/\/hakner.eu\/#website\"},\"datePublished\":\"2022-10-26T13:23:04+00:00\",\"dateModified\":\"2025-02-03T07:28:23+00:00\",\"breadcrumb\":{\"@id\":\"https:\/\/hakner.eu\/en\/o-marce\/#breadcrumb\"},\"inLanguage\":\"en-US\",\"potentialAction\":[{\"@type\":\"ReadAction\",\"target\":[\"https:\/\/hakner.eu\/en\/o-marce\/\"]}]},{\"@type\":\"BreadcrumbList\",\"@id\":\"https:\/\/hakner.eu\/en\/o-marce\/#breadcrumb\",\"itemListElement\":[{\"@type\":\"ListItem\",\"position\":1,\"name\":\"Home\",\"item\":\"https:\/\/hakner.eu\/en\/\"},{\"@type\":\"ListItem\",\"position\":2,\"name\":\"About the brand\"}]},{\"@type\":\"WebSite\",\"@id\":\"https:\/\/hakner.eu\/#website\",\"url\":\"https:\/\/hakner.eu\/\",\"name\":\"Hakner\",\"description\":\"Jako\u015b\u0107 Funkcjonalno\u015b\u0107 Design\",\"potentialAction\":[{\"@type\":\"SearchAction\",\"target\":{\"@type\":\"EntryPoint\",\"urlTemplate\":\"https:\/\/hakner.eu\/?s={search_term_string}\"},\"query-input\":{\"@type\":\"PropertyValueSpecification\",\"valueRequired\":true,\"valueName\":\"search_term_string\"}}],\"inLanguage\":\"en-US\"}]}<\/script>\n<!-- \/ Yoast SEO plugin. -->","yoast_head_json":{"title":"About the brand - Hakner","robots":{"index":"index","follow":"follow","max-snippet":"max-snippet:-1","max-image-preview":"max-image-preview:large","max-video-preview":"max-video-preview:-1"},"canonical":"https:\/\/hakner.eu\/en\/o-marce\/","og_locale":"en_US","og_type":"article","og_title":"About the brand - Hakner","og_description":"Experience, product quality and their functionality are the genesis of the HAKNER brand. Today, we are a leading partner and supplier of fittings for the production of furniture, sanitary facilities and accessories supporting the functionality of furniture. Thanks to high quality, the products offered under the HAKNER brand ensure comfort of use and aesthetics, and [&hellip;]","og_url":"https:\/\/hakner.eu\/en\/o-marce\/","og_site_name":"Hakner","article_modified_time":"2025-02-03T07:28:23+00:00","twitter_card":"summary_large_image","twitter_misc":{"Est. reading time":"2 minutes"},"schema":{"@context":"https:\/\/schema.org","@graph":[{"@type":"WebPage","@id":"https:\/\/hakner.eu\/en\/o-marce\/","url":"https:\/\/hakner.eu\/en\/o-marce\/","name":"About the brand - Hakner","isPartOf":{"@id":"https:\/\/hakner.eu\/#website"},"datePublished":"2022-10-26T13:23:04+00:00","dateModified":"2025-02-03T07:28:23+00:00","breadcrumb":{"@id":"https:\/\/hakner.eu\/en\/o-marce\/#breadcrumb"},"inLanguage":"en-US","potentialAction":[{"@type":"ReadAction","target":["https:\/\/hakner.eu\/en\/o-marce\/"]}]},{"@type":"BreadcrumbList","@id":"https:\/\/hakner.eu\/en\/o-marce\/#breadcrumb","itemListElement":[{"@type":"ListItem","position":1,"name":"Home","item":"https:\/\/hakner.eu\/en\/"},{"@type":"ListItem","position":2,"name":"About the brand"}]},{"@type":"WebSite","@id":"https:\/\/hakner.eu\/#website","url":"https:\/\/hakner.eu\/","name":"Hakner","description":"Jako\u015b\u0107 Funkcjonalno\u015b\u0107 Design","potentialAction":[{"@type":"SearchAction","target":{"@type":"EntryPoint","urlTemplate":"https:\/\/hakner.eu\/?s={search_term_string}"},"query-input":{"@type":"PropertyValueSpecification","valueRequired":true,"valueName":"search_term_string"}}],"inLanguage":"en-US"}]}},"_links":{"self":[{"href":"https:\/\/hakner.eu\/en\/wp-json\/wp\/v2\/pages\/607","targetHints":{"allow":["GET"]}}],"collection":[{"href":"https:\/\/hakner.eu\/en\/wp-json\/wp\/v2\/pages"}],"about":[{"href":"https:\/\/hakner.eu\/en\/wp-json\/wp\/v2\/types\/page"}],"author":[{"embeddable":true,"href":"https:\/\/hakner.eu\/en\/wp-json\/wp\/v2\/users\/1"}],"replies":[{"embeddable":true,"href":"https:\/\/hakner.eu\/en\/wp-json\/wp\/v2\/comments?post=607"}],"version-history":[{"count":6,"href":"https:\/\/hakner.eu\/en\/wp-json\/wp\/v2\/pages\/607\/revisions"}],"predecessor-version":[{"id":6989,"href":"https:\/\/hakner.eu\/en\/wp-json\/wp\/v2\/pages\/607\/revisions\/6989"}],"wp:attachment":[{"href":"https:\/\/hakner.eu\/en\/wp-json\/wp\/v2\/media?parent=607"}],"curies":[{"name":"wp","href":"https:\/\/api.w.org\/{rel}","templated":true}]}}