{"id":681,"date":"2022-10-26T15:22:38","date_gmt":"2022-10-26T13:22:38","guid":{"rendered":"https:\/\/hakner.eu\/strefa-b2b\/"},"modified":"2023-01-17T14:26:44","modified_gmt":"2023-01-17T13:26:44","slug":"b2b-zone","status":"publish","type":"page","link":"https:\/\/hakner.eu\/en\/b2b-zone\/","title":{"rendered":"B2B zone"},"content":{"rendered":"\n<p>For professional clients we have prepared a special B2B offer, available after logging into the B2B Zone.<\/p>\n\n\n\n<h4 class=\"wp-block-heading\">Benefits awaiting your company in the B2B Zone:<\/h4>\n\n\n\n<p><\/p>\n\n\n\n<ul class=\"wp-block-list\">\n<li>fixed discounts, depending on the turnover<\/li>\n\n\n\n<li>net prices presentation, along with your discount<\/li>\n\n\n\n<li>possibility to use trade credit and deferred payments<\/li>\n\n\n\n<li>price promotions available only to wholesale customers<\/li>\n\n\n\n<li>easy definition of delivery and billing addresses<\/li>\n\n\n\n<li>orders from the B2B Zone have the highest priority for completion<\/li>\n\n\n\n<li>possibility to place orders in the pre-order system<\/li>\n\n\n\n<li>expanded product offering<\/li>\n\n\n\n<li>free electronic and paper catalogs<\/li>\n\n\n\n<li>assistance of our advisors<\/li>\n<\/ul>\n\n\n\n<div class=\"wp-block-buttons is-layout-flex wp-block-buttons-is-layout-flex\">\n<div class=\"wp-block-button full\"><a class=\"wp-block-button__link wp-element-button\" href=\"https:\/\/gryc24.pl\/strefa-b2b.html\">Go to B2B zone<\/a><\/div>\n<\/div>\n","protected":false},"excerpt":{"rendered":"<p>For professional clients we have prepared a special B2B offer, available after logging into the B2B Zone. Benefits awaiting your company in the B2B Zone:<\/p>\n","protected":false},"author":1,"featured_media":293,"parent":0,"menu_order":27,"comment_status":"closed","ping_status":"closed","template":"template_ecommerce.php","meta":{"_acf_changed":false,"qubely_global_settings":"","qubely_interactions":"","footnotes":""},"class_list":["post-681","page","type-page","status-publish","has-post-thumbnail","hentry"],"acf":[],"yoast_head":"<!-- This site is optimized with the Yoast SEO plugin v27.2 - https:\/\/yoast.com\/product\/yoast-seo-wordpress\/ -->\n<title>B2B zone - Hakner<\/title>\n<meta name=\"robots\" content=\"index, follow, max-snippet:-1, max-image-preview:large, max-video-preview:-1\" \/>\n<link rel=\"canonical\" href=\"https:\/\/hakner.eu\/en\/b2b-zone\/\" \/>\n<meta property=\"og:locale\" content=\"en_US\" \/>\n<meta property=\"og:type\" content=\"article\" \/>\n<meta property=\"og:title\" content=\"B2B zone - Hakner\" \/>\n<meta property=\"og:description\" content=\"For professional clients we have prepared a special B2B offer, available after logging into the B2B Zone. Benefits awaiting your company in the B2B Zone:\" \/>\n<meta property=\"og:url\" content=\"https:\/\/hakner.eu\/en\/b2b-zone\/\" \/>\n<meta property=\"og:site_name\" content=\"Hakner\" \/>\n<meta property=\"article:modified_time\" content=\"2023-01-17T13:26:44+00:00\" \/>\n<meta property=\"og:image\" content=\"https:\/\/hakner.eu\/wp-content\/uploads\/2022\/12\/b2b.png\" \/>\n\t<meta property=\"og:image:width\" content=\"650\" \/>\n\t<meta property=\"og:image:height\" content=\"597\" \/>\n\t<meta property=\"og:image:type\" content=\"image\/png\" \/>\n<meta name=\"twitter:card\" content=\"summary_large_image\" \/>\n<meta name=\"twitter:label1\" content=\"Est. reading time\" \/>\n\t<meta name=\"twitter:data1\" content=\"1 minute\" \/>\n<script type=\"application\/ld+json\" class=\"yoast-schema-graph\">{\"@context\":\"https:\/\/schema.org\",\"@graph\":[{\"@type\":\"WebPage\",\"@id\":\"https:\/\/hakner.eu\/en\/b2b-zone\/\",\"url\":\"https:\/\/hakner.eu\/en\/b2b-zone\/\",\"name\":\"B2B zone - Hakner\",\"isPartOf\":{\"@id\":\"https:\/\/hakner.eu\/#website\"},\"primaryImageOfPage\":{\"@id\":\"https:\/\/hakner.eu\/en\/b2b-zone\/#primaryimage\"},\"image\":{\"@id\":\"https:\/\/hakner.eu\/en\/b2b-zone\/#primaryimage\"},\"thumbnailUrl\":\"https:\/\/hakner.eu\/wp-content\/uploads\/2022\/12\/b2b.png\",\"datePublished\":\"2022-10-26T13:22:38+00:00\",\"dateModified\":\"2023-01-17T13:26:44+00:00\",\"breadcrumb\":{\"@id\":\"https:\/\/hakner.eu\/en\/b2b-zone\/#breadcrumb\"},\"inLanguage\":\"en-US\",\"potentialAction\":[{\"@type\":\"ReadAction\",\"target\":[\"https:\/\/hakner.eu\/en\/b2b-zone\/\"]}]},{\"@type\":\"ImageObject\",\"inLanguage\":\"en-US\",\"@id\":\"https:\/\/hakner.eu\/en\/b2b-zone\/#primaryimage\",\"url\":\"https:\/\/hakner.eu\/wp-content\/uploads\/2022\/12\/b2b.png\",\"contentUrl\":\"https:\/\/hakner.eu\/wp-content\/uploads\/2022\/12\/b2b.png\",\"width\":650,\"height\":597},{\"@type\":\"BreadcrumbList\",\"@id\":\"https:\/\/hakner.eu\/en\/b2b-zone\/#breadcrumb\",\"itemListElement\":[{\"@type\":\"ListItem\",\"position\":1,\"name\":\"Home\",\"item\":\"https:\/\/hakner.eu\/en\/\"},{\"@type\":\"ListItem\",\"position\":2,\"name\":\"B2B zone\"}]},{\"@type\":\"WebSite\",\"@id\":\"https:\/\/hakner.eu\/#website\",\"url\":\"https:\/\/hakner.eu\/\",\"name\":\"Hakner\",\"description\":\"Jako\u015b\u0107 Funkcjonalno\u015b\u0107 Design\",\"potentialAction\":[{\"@type\":\"SearchAction\",\"target\":{\"@type\":\"EntryPoint\",\"urlTemplate\":\"https:\/\/hakner.eu\/?s={search_term_string}\"},\"query-input\":{\"@type\":\"PropertyValueSpecification\",\"valueRequired\":true,\"valueName\":\"search_term_string\"}}],\"inLanguage\":\"en-US\"}]}<\/script>\n<!-- \/ Yoast SEO plugin. -->","yoast_head_json":{"title":"B2B zone - Hakner","robots":{"index":"index","follow":"follow","max-snippet":"max-snippet:-1","max-image-preview":"max-image-preview:large","max-video-preview":"max-video-preview:-1"},"canonical":"https:\/\/hakner.eu\/en\/b2b-zone\/","og_locale":"en_US","og_type":"article","og_title":"B2B zone - Hakner","og_description":"For professional clients we have prepared a special B2B offer, available after logging into the B2B Zone. Benefits awaiting your company in the B2B Zone:","og_url":"https:\/\/hakner.eu\/en\/b2b-zone\/","og_site_name":"Hakner","article_modified_time":"2023-01-17T13:26:44+00:00","og_image":[{"width":650,"height":597,"url":"https:\/\/hakner.eu\/wp-content\/uploads\/2022\/12\/b2b.png","type":"image\/png"}],"twitter_card":"summary_large_image","twitter_misc":{"Est. reading time":"1 minute"},"schema":{"@context":"https:\/\/schema.org","@graph":[{"@type":"WebPage","@id":"https:\/\/hakner.eu\/en\/b2b-zone\/","url":"https:\/\/hakner.eu\/en\/b2b-zone\/","name":"B2B zone - Hakner","isPartOf":{"@id":"https:\/\/hakner.eu\/#website"},"primaryImageOfPage":{"@id":"https:\/\/hakner.eu\/en\/b2b-zone\/#primaryimage"},"image":{"@id":"https:\/\/hakner.eu\/en\/b2b-zone\/#primaryimage"},"thumbnailUrl":"https:\/\/hakner.eu\/wp-content\/uploads\/2022\/12\/b2b.png","datePublished":"2022-10-26T13:22:38+00:00","dateModified":"2023-01-17T13:26:44+00:00","breadcrumb":{"@id":"https:\/\/hakner.eu\/en\/b2b-zone\/#breadcrumb"},"inLanguage":"en-US","potentialAction":[{"@type":"ReadAction","target":["https:\/\/hakner.eu\/en\/b2b-zone\/"]}]},{"@type":"ImageObject","inLanguage":"en-US","@id":"https:\/\/hakner.eu\/en\/b2b-zone\/#primaryimage","url":"https:\/\/hakner.eu\/wp-content\/uploads\/2022\/12\/b2b.png","contentUrl":"https:\/\/hakner.eu\/wp-content\/uploads\/2022\/12\/b2b.png","width":650,"height":597},{"@type":"BreadcrumbList","@id":"https:\/\/hakner.eu\/en\/b2b-zone\/#breadcrumb","itemListElement":[{"@type":"ListItem","position":1,"name":"Home","item":"https:\/\/hakner.eu\/en\/"},{"@type":"ListItem","position":2,"name":"B2B zone"}]},{"@type":"WebSite","@id":"https:\/\/hakner.eu\/#website","url":"https:\/\/hakner.eu\/","name":"Hakner","description":"Jako\u015b\u0107 Funkcjonalno\u015b\u0107 Design","potentialAction":[{"@type":"SearchAction","target":{"@type":"EntryPoint","urlTemplate":"https:\/\/hakner.eu\/?s={search_term_string}"},"query-input":{"@type":"PropertyValueSpecification","valueRequired":true,"valueName":"search_term_string"}}],"inLanguage":"en-US"}]}},"_links":{"self":[{"href":"https:\/\/hakner.eu\/en\/wp-json\/wp\/v2\/pages\/681","targetHints":{"allow":["GET"]}}],"collection":[{"href":"https:\/\/hakner.eu\/en\/wp-json\/wp\/v2\/pages"}],"about":[{"href":"https:\/\/hakner.eu\/en\/wp-json\/wp\/v2\/types\/page"}],"author":[{"embeddable":true,"href":"https:\/\/hakner.eu\/en\/wp-json\/wp\/v2\/users\/1"}],"replies":[{"embeddable":true,"href":"https:\/\/hakner.eu\/en\/wp-json\/wp\/v2\/comments?post=681"}],"version-history":[{"count":2,"href":"https:\/\/hakner.eu\/en\/wp-json\/wp\/v2\/pages\/681\/revisions"}],"predecessor-version":[{"id":685,"href":"https:\/\/hakner.eu\/en\/wp-json\/wp\/v2\/pages\/681\/revisions\/685"}],"wp:featuredmedia":[{"embeddable":true,"href":"https:\/\/hakner.eu\/en\/wp-json\/wp\/v2\/media\/293"}],"wp:attachment":[{"href":"https:\/\/hakner.eu\/en\/wp-json\/wp\/v2\/media?parent=681"}],"curies":[{"name":"wp","href":"https:\/\/api.w.org\/{rel}","templated":true}]}}