{"id":7553,"date":"2025-12-05T09:38:23","date_gmt":"2025-12-05T08:38:23","guid":{"rendered":"https:\/\/hakner.eu\/?page_id=7553"},"modified":"2026-01-07T14:52:20","modified_gmt":"2026-01-07T13:52:20","slug":"hakner-intelligent-locking-system-2","status":"publish","type":"page","link":"https:\/\/hakner.eu\/en\/hakner-intelligent-locking-system-2\/","title":{"rendered":"Hakner Intelligent Locking System"},"content":{"rendered":"\n<figure class=\"wp-block-image size-full\"><img loading=\"lazy\" decoding=\"async\" width=\"996\" height=\"739\" src=\"https:\/\/hakner.eu\/wp-content\/uploads\/2025\/11\/4.png\" alt=\"\" class=\"wp-image-7725\" srcset=\"https:\/\/hakner.eu\/wp-content\/uploads\/2025\/11\/4.png 996w, https:\/\/hakner.eu\/wp-content\/uploads\/2025\/11\/4-800x594.png 800w, https:\/\/hakner.eu\/wp-content\/uploads\/2025\/11\/4-768x570.png 768w\" sizes=\"auto, (max-width: 996px) 100vw, 996px\" \/><\/figure>\n\n\n\n<div class=\"wp-block-qubely-heading qubely-block-4ed4b2\"><div class=\"qubely-block-heading  qubely-has-separator qubely-separator-position-top\"><div class=\"qubely-heading-container\"><div class=\"qubely-separator qubely-separator-before\"><span class=\"qubely-separator-type-css qubely-separator-solid\"><\/span><\/div><h2 class=\"qubely-heading-selector\">Access Management<br><\/h2><\/div><\/div><\/div>\n\n\n\n<div id=\"section-g-j7nf77b\" class=\"wp-block-gutentor-e0 section-g-j7nf77b gutentor-element gutentor-element-advanced-text\"><div class=\"gutentor-text-wrap\"><p class=\"gutentor-text\">The Hakner Intelligent Locking System was designed to facilitate access management for lockers in offices, hotels, medical facilities, sports venues, and other locations where personalized access is required. The system enables efficient management of storage space, significantly reducing the time needed to assign permissions. Thanks to an intuitive interface and modern technologies, using the system is extremely simple and convenient for both administrators and users.<\/p><\/div><\/div>\n\n\n\n<div style=\"height:23px\" aria-hidden=\"true\" class=\"wp-block-spacer\"><\/div>\n\n\n\n<div class=\"wp-block-qubely-heading qubely-block-1a52f2\"><div class=\"qubely-block-heading  qubely-has-separator qubely-separator-position-top\"><div class=\"qubely-heading-container\"><div class=\"qubely-separator qubely-separator-before\"><span class=\"qubely-separator-type-css qubely-separator-solid\"><\/span><\/div><h2 class=\"qubely-heading-selector\"><strong>Discover the Future<\/strong><\/h2><\/div><\/div><\/div>\n\n\n\n<div style=\"height:19px\" aria-hidden=\"true\" class=\"wp-block-spacer\"><\/div>\n\n\n\n<div id=\"section-g-8t8o18l\" class=\"wp-block-gutentor-e11 section-g-8t8o18l gutentor-element gutentor-element-video-popup wow slideInRight g-pos-f-desktop g-pos-d-tablet g-pos-d-mobile g-pos-custom-desktop  d-md-none d-lg-block d-none text-align-center-mobile\" data-wow-animation=\"slideInRight\"><div class=\"gutentor-element-video-popup-wrap\"><a class=\"gutentor-video-popup-holder\" href=\"https:\/\/www.youtube.com\/watch?v=bGMi7L78hVk\"><span class=\"video-popup-icon-box\"><i class=\"fas fa-play\"><\/i><\/span><\/a><\/div><\/div>\n\n\n\n<section id=\"g-uzrrwk5\" class=\"wp-block-gutentor-m2 section-g-uzrrwk5 gutentor-module gutentor-dynamic-columns\"><div class=\"grid-container\"><div class=\"grid-row\">\n<div id=\"col-g-ajjhhq5\" class=\"wp-block-gutentor-m2-col col-g-ajjhhq5 gutentor-module gutentor-dynamic-single-column grid-lg-4 grid-md-4 grid-12\"><div id=\"section-g-ajjhhq5\" class=\"section-g-ajjhhq5 gutentor-single-col\">\n<figure class=\"wp-block-image size-large\"><img loading=\"lazy\" decoding=\"async\" width=\"563\" height=\"1024\" src=\"https:\/\/hakner.eu\/wp-content\/uploads\/2025\/11\/1-9-563x1024.png\" alt=\"\" class=\"wp-image-7756\" srcset=\"https:\/\/hakner.eu\/wp-content\/uploads\/2025\/11\/1-9-563x1024.png 563w, https:\/\/hakner.eu\/wp-content\/uploads\/2025\/11\/1-9-330x600.png 330w, https:\/\/hakner.eu\/wp-content\/uploads\/2025\/11\/1-9-768x1396.png 768w, https:\/\/hakner.eu\/wp-content\/uploads\/2025\/11\/1-9-845x1536.png 845w, https:\/\/hakner.eu\/wp-content\/uploads\/2025\/11\/1-9.png 996w\" sizes=\"auto, (max-width: 563px) 100vw, 563px\" \/><\/figure>\n<\/div><\/div>\n\n\n\n<div id=\"col-g-lbl3gfz\" class=\"wp-block-gutentor-m2-col col-g-lbl3gfz gutentor-module gutentor-dynamic-single-column grid-lg-4 grid-md-4 grid-12\"><div id=\"section-g-lbl3gfz\" class=\"section-g-lbl3gfz gutentor-single-col\">\n<div id=\"section-g-r7k4j9n\" class=\"wp-block-gutentor-e0 section-g-r7k4j9n gutentor-element gutentor-element-advanced-text\"><div class=\"gutentor-text-wrap\"><p class=\"gutentor-text\">Thanks to its isolation from internal networks, H.I.L.S. ensures the security of systems within your organization.<\/p><\/div><\/div>\n<\/div><\/div>\n<\/div><\/div><\/section>\n\n\n\n<div class=\"wp-block-qubely-heading qubely-block-b77a30\"><div class=\"qubely-block-heading  qubely-has-separator qubely-separator-position-top\"><div class=\"qubely-heading-container\"><div class=\"qubely-separator qubely-separator-before\"><span class=\"qubely-separator-type-css qubely-separator-solid\"><\/span><\/div><h2 class=\"qubely-heading-selector\"><strong>The most common use cases of the system:<\/strong><\/h2><\/div><\/div><\/div>\n\n\n\n<div class=\"wp-block-qubely-image aligncenter qubely-block-cccc0e\"><div class=\"qubely-block-image  qubely-image-layout-simple\"><div class=\"qubely-image-media qubely-vertical-alignment-center qubely-horizontal-alignment-center\"><figure><div class=\"qubely-image-container\"><img decoding=\"async\" class=\"qubely-image-image\" src=\"https:\/\/hakner.eu\/wp-content\/uploads\/2025\/11\/Bez-nazwy-1.png\" alt=\"\"\/><\/div><\/figure><\/div><\/div><\/div>\n\n\n\n<p><\/p>\n","protected":false},"excerpt":{"rendered":"","protected":false},"author":6,"featured_media":0,"parent":0,"menu_order":19,"comment_status":"closed","ping_status":"closed","template":"","meta":{"_acf_changed":false,"qubely_global_settings":"","qubely_interactions":"","footnotes":""},"class_list":["post-7553","page","type-page","status-publish","hentry"],"acf":[],"yoast_head":"<!-- This site is optimized with the Yoast SEO plugin v27.2 - https:\/\/yoast.com\/product\/yoast-seo-wordpress\/ -->\n<title>Hakner Intelligent Locking System - Hakner HILS - space management system<\/title>\n<meta name=\"description\" content=\"Choose a system for access management in corporations, government offices or service facilities. Operating electronic locks has never been easier!\" \/>\n<meta name=\"robots\" content=\"index, follow, max-snippet:-1, max-image-preview:large, max-video-preview:-1\" \/>\n<link rel=\"canonical\" href=\"https:\/\/hakner.eu\/en\/hakner-intelligent-locking-system-2\/\" \/>\n<meta property=\"og:locale\" content=\"en_US\" \/>\n<meta property=\"og:type\" content=\"article\" \/>\n<meta property=\"og:title\" content=\"Hakner Intelligent Locking System - Hakner HILS - space management system\" \/>\n<meta property=\"og:description\" content=\"Choose a system for access management in corporations, government offices or service facilities. Operating electronic locks has never been easier!\" \/>\n<meta property=\"og:url\" content=\"https:\/\/hakner.eu\/en\/hakner-intelligent-locking-system-2\/\" \/>\n<meta property=\"og:site_name\" content=\"Hakner\" \/>\n<meta property=\"article:modified_time\" content=\"2026-01-07T13:52:20+00:00\" \/>\n<meta property=\"og:image\" content=\"https:\/\/hakner.eu\/wp-content\/uploads\/2025\/11\/4.png\" \/>\n\t<meta property=\"og:image:width\" content=\"996\" \/>\n\t<meta property=\"og:image:height\" content=\"739\" \/>\n\t<meta property=\"og:image:type\" content=\"image\/png\" \/>\n<meta name=\"twitter:card\" content=\"summary_large_image\" \/>\n<meta name=\"twitter:label1\" content=\"Est. reading time\" \/>\n\t<meta name=\"twitter:data1\" content=\"2 minutes\" \/>\n<script type=\"application\/ld+json\" class=\"yoast-schema-graph\">{\"@context\":\"https:\/\/schema.org\",\"@graph\":[{\"@type\":\"WebPage\",\"@id\":\"https:\/\/hakner.eu\/en\/hakner-intelligent-locking-system-2\/\",\"url\":\"https:\/\/hakner.eu\/en\/hakner-intelligent-locking-system-2\/\",\"name\":\"Hakner Intelligent Locking System - Hakner HILS - space management system\",\"isPartOf\":{\"@id\":\"https:\/\/hakner.eu\/#website\"},\"primaryImageOfPage\":{\"@id\":\"https:\/\/hakner.eu\/en\/hakner-intelligent-locking-system-2\/#primaryimage\"},\"image\":{\"@id\":\"https:\/\/hakner.eu\/en\/hakner-intelligent-locking-system-2\/#primaryimage\"},\"thumbnailUrl\":\"https:\/\/hakner.eu\/wp-content\/uploads\/2025\/11\/4.png\",\"datePublished\":\"2025-12-05T08:38:23+00:00\",\"dateModified\":\"2026-01-07T13:52:20+00:00\",\"description\":\"Choose a system for access management in corporations, government offices or service facilities. Operating electronic locks has never been easier!\",\"breadcrumb\":{\"@id\":\"https:\/\/hakner.eu\/en\/hakner-intelligent-locking-system-2\/#breadcrumb\"},\"inLanguage\":\"en-US\",\"potentialAction\":[{\"@type\":\"ReadAction\",\"target\":[\"https:\/\/hakner.eu\/en\/hakner-intelligent-locking-system-2\/\"]}]},{\"@type\":\"ImageObject\",\"inLanguage\":\"en-US\",\"@id\":\"https:\/\/hakner.eu\/en\/hakner-intelligent-locking-system-2\/#primaryimage\",\"url\":\"https:\/\/hakner.eu\/wp-content\/uploads\/2025\/11\/4.png\",\"contentUrl\":\"https:\/\/hakner.eu\/wp-content\/uploads\/2025\/11\/4.png\"},{\"@type\":\"BreadcrumbList\",\"@id\":\"https:\/\/hakner.eu\/en\/hakner-intelligent-locking-system-2\/#breadcrumb\",\"itemListElement\":[{\"@type\":\"ListItem\",\"position\":1,\"name\":\"Home\",\"item\":\"https:\/\/hakner.eu\/en\/\"},{\"@type\":\"ListItem\",\"position\":2,\"name\":\"Hakner Intelligent Locking System\"}]},{\"@type\":\"WebSite\",\"@id\":\"https:\/\/hakner.eu\/#website\",\"url\":\"https:\/\/hakner.eu\/\",\"name\":\"Hakner\",\"description\":\"Jako\u015b\u0107 Funkcjonalno\u015b\u0107 Design\",\"potentialAction\":[{\"@type\":\"SearchAction\",\"target\":{\"@type\":\"EntryPoint\",\"urlTemplate\":\"https:\/\/hakner.eu\/?s={search_term_string}\"},\"query-input\":{\"@type\":\"PropertyValueSpecification\",\"valueRequired\":true,\"valueName\":\"search_term_string\"}}],\"inLanguage\":\"en-US\"}]}<\/script>\n<!-- \/ Yoast SEO plugin. -->","yoast_head_json":{"title":"Hakner Intelligent Locking System - Hakner HILS - space management system","description":"Choose a system for access management in corporations, government offices or service facilities. Operating electronic locks has never been easier!","robots":{"index":"index","follow":"follow","max-snippet":"max-snippet:-1","max-image-preview":"max-image-preview:large","max-video-preview":"max-video-preview:-1"},"canonical":"https:\/\/hakner.eu\/en\/hakner-intelligent-locking-system-2\/","og_locale":"en_US","og_type":"article","og_title":"Hakner Intelligent Locking System - Hakner HILS - space management system","og_description":"Choose a system for access management in corporations, government offices or service facilities. Operating electronic locks has never been easier!","og_url":"https:\/\/hakner.eu\/en\/hakner-intelligent-locking-system-2\/","og_site_name":"Hakner","article_modified_time":"2026-01-07T13:52:20+00:00","og_image":[{"width":996,"height":739,"url":"https:\/\/hakner.eu\/wp-content\/uploads\/2025\/11\/4.png","type":"image\/png"}],"twitter_card":"summary_large_image","twitter_misc":{"Est. reading time":"2 minutes"},"schema":{"@context":"https:\/\/schema.org","@graph":[{"@type":"WebPage","@id":"https:\/\/hakner.eu\/en\/hakner-intelligent-locking-system-2\/","url":"https:\/\/hakner.eu\/en\/hakner-intelligent-locking-system-2\/","name":"Hakner Intelligent Locking System - Hakner HILS - space management system","isPartOf":{"@id":"https:\/\/hakner.eu\/#website"},"primaryImageOfPage":{"@id":"https:\/\/hakner.eu\/en\/hakner-intelligent-locking-system-2\/#primaryimage"},"image":{"@id":"https:\/\/hakner.eu\/en\/hakner-intelligent-locking-system-2\/#primaryimage"},"thumbnailUrl":"https:\/\/hakner.eu\/wp-content\/uploads\/2025\/11\/4.png","datePublished":"2025-12-05T08:38:23+00:00","dateModified":"2026-01-07T13:52:20+00:00","description":"Choose a system for access management in corporations, government offices or service facilities. Operating electronic locks has never been easier!","breadcrumb":{"@id":"https:\/\/hakner.eu\/en\/hakner-intelligent-locking-system-2\/#breadcrumb"},"inLanguage":"en-US","potentialAction":[{"@type":"ReadAction","target":["https:\/\/hakner.eu\/en\/hakner-intelligent-locking-system-2\/"]}]},{"@type":"ImageObject","inLanguage":"en-US","@id":"https:\/\/hakner.eu\/en\/hakner-intelligent-locking-system-2\/#primaryimage","url":"https:\/\/hakner.eu\/wp-content\/uploads\/2025\/11\/4.png","contentUrl":"https:\/\/hakner.eu\/wp-content\/uploads\/2025\/11\/4.png"},{"@type":"BreadcrumbList","@id":"https:\/\/hakner.eu\/en\/hakner-intelligent-locking-system-2\/#breadcrumb","itemListElement":[{"@type":"ListItem","position":1,"name":"Home","item":"https:\/\/hakner.eu\/en\/"},{"@type":"ListItem","position":2,"name":"Hakner Intelligent Locking System"}]},{"@type":"WebSite","@id":"https:\/\/hakner.eu\/#website","url":"https:\/\/hakner.eu\/","name":"Hakner","description":"Jako\u015b\u0107 Funkcjonalno\u015b\u0107 Design","potentialAction":[{"@type":"SearchAction","target":{"@type":"EntryPoint","urlTemplate":"https:\/\/hakner.eu\/?s={search_term_string}"},"query-input":{"@type":"PropertyValueSpecification","valueRequired":true,"valueName":"search_term_string"}}],"inLanguage":"en-US"}]}},"_links":{"self":[{"href":"https:\/\/hakner.eu\/en\/wp-json\/wp\/v2\/pages\/7553","targetHints":{"allow":["GET"]}}],"collection":[{"href":"https:\/\/hakner.eu\/en\/wp-json\/wp\/v2\/pages"}],"about":[{"href":"https:\/\/hakner.eu\/en\/wp-json\/wp\/v2\/types\/page"}],"author":[{"embeddable":true,"href":"https:\/\/hakner.eu\/en\/wp-json\/wp\/v2\/users\/6"}],"replies":[{"embeddable":true,"href":"https:\/\/hakner.eu\/en\/wp-json\/wp\/v2\/comments?post=7553"}],"version-history":[{"count":4,"href":"https:\/\/hakner.eu\/en\/wp-json\/wp\/v2\/pages\/7553\/revisions"}],"predecessor-version":[{"id":7884,"href":"https:\/\/hakner.eu\/en\/wp-json\/wp\/v2\/pages\/7553\/revisions\/7884"}],"wp:attachment":[{"href":"https:\/\/hakner.eu\/en\/wp-json\/wp\/v2\/media?parent=7553"}],"curies":[{"name":"wp","href":"https:\/\/api.w.org\/{rel}","templated":true}]}}