{"id":948,"date":"2022-10-24T16:34:05","date_gmt":"2022-10-24T14:34:05","guid":{"rendered":"https:\/\/hakner.eu\/polityka-prywatnosci\/"},"modified":"2023-01-25T10:51:24","modified_gmt":"2023-01-25T09:51:24","slug":"polityka-prywatnosci","status":"publish","type":"page","link":"https:\/\/hakner.eu\/en\/polityka-prywatnosci\/","title":{"rendered":"Privacy policy"},"content":{"rendered":"\n<p>This Policy applies to &#8220;cookies&#8221; at the website: hakner.eu operated by Firma Gryc Tomasz Gryc with its registered office in Warsaw, address: ul. Matuszewska 14, 03-876 Warsaw<\/p>\n\n\n\n<p>The hakner.eu website provides all website Users with the right of choice in providing information that concerns them. Hakner.eu informs that it uses cookie technology on its websites, so-called &#8220;<strong>cookies<\/strong>&#8220;, to record information about sites a user has visited and what actions have been performed. &nbsp;<\/p>\n\n\n\n<p>We use <strong>cookies <\/strong>and other similar technologies to:<br>\u2013 provide and process orders and services;<br>\u2013 develop statistics that help us understand how Users use our website, which in turn enables us to improve its structure and content.<\/p>\n\n\n\n<p>In many cases, web browsing software (web browser) allows, by default, to store information in form of <strong>cookies<\/strong> and other similar technologies on the User&#8217;s terminal device. However, you may change these settings at any time. Failure to implement changes means that the aforementioned information may be posted and stored on your terminal device, and thus, we will store information on your terminal device and get access to this information.<br>From the web browser level you use, it is possible, for example, to manage <strong>cookies<\/strong> by yourself. In most of popular browsers it is, among others, possible:<\/p>\n\n\n\n<p>\u2013 to accept <strong>cookies<\/strong>, which enables a User to take full advantage of the options offered by the websites;<br>\u2013 to manage <strong>cookies<\/strong> at the level of individual sites selected by the User;<br>\u2013 to establish settings for different types of cookies, for example, accepting permanent <strong>cookies<\/strong> as session <strong>cookies<\/strong>, etc;<br>\u2013 to block or delete the <strong>cookies<\/strong>.<\/p>\n\n\n\n<p>Comprehensive information is available in settings of your software (web browser). Details for those using particular web browsers, among others:&nbsp;<br><a href=\"http:\/\/support.microsoft.com\/kb\/196955\/pl\" target=\"_blank\" rel=\"noreferrer noopener\">Internet Explorer<\/a><br><a href=\"http:\/\/support.mozilla.org\/pl\/products\/firefox\/cookies\" target=\"_blank\" rel=\"noreferrer noopener\">Mozilla Firefox<\/a><br><a href=\"http:\/\/support.google.com\/chrome\/bin\/answer.py?hl=pl&amp;answer=95647\" target=\"_blank\" rel=\"noreferrer noopener\">Chrome<\/a><br><a href=\"http:\/\/help.opera.com\/Linux\/9.22\/pl\/cookies.html\" target=\"_blank\" rel=\"noreferrer noopener\">Opera<\/a><br><a href=\"http:\/\/support.apple.com\/kb\/ph5042\" target=\"_blank\" rel=\"noreferrer noopener\">Safari<\/a><br>etc.<\/p>\n\n\n\n<p><strong>Please be advised that limiting or disabling cookies and other similar technologies may affect some of the functionality available at our website.<\/strong><\/p>\n\n\n\n<p>Additional information on <strong>cookies<\/strong> and other technologies can be found, among others, at&nbsp;<a rel=\"noreferrer noopener\" href=\"http:\/\/wszystkoociasteczkach.pl\/\" target=\"_blank\">wszystkoociasteczkach.pl<\/a>, or in the Help section in the menu of the Internet browser you are using<\/p>\n","protected":false},"excerpt":{"rendered":"<p>This Policy applies to &#8220;cookies&#8221; at the website: hakner.eu operated by Firma Gryc Tomasz Gryc with its registered office in Warsaw, address: ul. Matuszewska 14, 03-876 Warsaw The hakner.eu website provides all website Users with the right of choice in providing information that concerns them. Hakner.eu informs that it uses cookie technology on its websites, [&hellip;]<\/p>\n","protected":false},"author":1,"featured_media":0,"parent":0,"menu_order":69,"comment_status":"closed","ping_status":"open","template":"","meta":{"_acf_changed":false,"qubely_global_settings":"","qubely_interactions":"","footnotes":""},"class_list":["post-948","page","type-page","status-publish","hentry"],"acf":[],"yoast_head":"<!-- This site is optimized with the Yoast SEO plugin v27.2 - https:\/\/yoast.com\/product\/yoast-seo-wordpress\/ -->\n<title>Privacy policy - Hakner<\/title>\n<meta name=\"robots\" content=\"index, follow, max-snippet:-1, max-image-preview:large, max-video-preview:-1\" \/>\n<link rel=\"canonical\" href=\"https:\/\/hakner.eu\/en\/polityka-prywatnosci\/\" \/>\n<meta property=\"og:locale\" content=\"en_US\" \/>\n<meta property=\"og:type\" content=\"article\" \/>\n<meta property=\"og:title\" content=\"Privacy policy - Hakner\" \/>\n<meta property=\"og:description\" content=\"This Policy applies to &#8220;cookies&#8221; at the website: hakner.eu operated by Firma Gryc Tomasz Gryc with its registered office in Warsaw, address: ul. Matuszewska 14, 03-876 Warsaw The hakner.eu website provides all website Users with the right of choice in providing information that concerns them. Hakner.eu informs that it uses cookie technology on its websites, [&hellip;]\" \/>\n<meta property=\"og:url\" content=\"https:\/\/hakner.eu\/en\/polityka-prywatnosci\/\" \/>\n<meta property=\"og:site_name\" content=\"Hakner\" \/>\n<meta property=\"article:modified_time\" content=\"2023-01-25T09:51:24+00:00\" \/>\n<meta name=\"twitter:card\" content=\"summary_large_image\" \/>\n<meta name=\"twitter:label1\" content=\"Est. reading time\" \/>\n\t<meta name=\"twitter:data1\" content=\"2 minutes\" \/>\n<script type=\"application\/ld+json\" class=\"yoast-schema-graph\">{\"@context\":\"https:\/\/schema.org\",\"@graph\":[{\"@type\":\"WebPage\",\"@id\":\"https:\/\/hakner.eu\/en\/polityka-prywatnosci\/\",\"url\":\"https:\/\/hakner.eu\/en\/polityka-prywatnosci\/\",\"name\":\"Privacy policy - Hakner\",\"isPartOf\":{\"@id\":\"https:\/\/hakner.eu\/#website\"},\"datePublished\":\"2022-10-24T14:34:05+00:00\",\"dateModified\":\"2023-01-25T09:51:24+00:00\",\"breadcrumb\":{\"@id\":\"https:\/\/hakner.eu\/en\/polityka-prywatnosci\/#breadcrumb\"},\"inLanguage\":\"en-US\",\"potentialAction\":[{\"@type\":\"ReadAction\",\"target\":[\"https:\/\/hakner.eu\/en\/polityka-prywatnosci\/\"]}]},{\"@type\":\"BreadcrumbList\",\"@id\":\"https:\/\/hakner.eu\/en\/polityka-prywatnosci\/#breadcrumb\",\"itemListElement\":[{\"@type\":\"ListItem\",\"position\":1,\"name\":\"Home\",\"item\":\"https:\/\/hakner.eu\/en\/\"},{\"@type\":\"ListItem\",\"position\":2,\"name\":\"Privacy policy\"}]},{\"@type\":\"WebSite\",\"@id\":\"https:\/\/hakner.eu\/#website\",\"url\":\"https:\/\/hakner.eu\/\",\"name\":\"Hakner\",\"description\":\"Jako\u015b\u0107 Funkcjonalno\u015b\u0107 Design\",\"potentialAction\":[{\"@type\":\"SearchAction\",\"target\":{\"@type\":\"EntryPoint\",\"urlTemplate\":\"https:\/\/hakner.eu\/?s={search_term_string}\"},\"query-input\":{\"@type\":\"PropertyValueSpecification\",\"valueRequired\":true,\"valueName\":\"search_term_string\"}}],\"inLanguage\":\"en-US\"}]}<\/script>\n<!-- \/ Yoast SEO plugin. -->","yoast_head_json":{"title":"Privacy policy - Hakner","robots":{"index":"index","follow":"follow","max-snippet":"max-snippet:-1","max-image-preview":"max-image-preview:large","max-video-preview":"max-video-preview:-1"},"canonical":"https:\/\/hakner.eu\/en\/polityka-prywatnosci\/","og_locale":"en_US","og_type":"article","og_title":"Privacy policy - Hakner","og_description":"This Policy applies to &#8220;cookies&#8221; at the website: hakner.eu operated by Firma Gryc Tomasz Gryc with its registered office in Warsaw, address: ul. Matuszewska 14, 03-876 Warsaw The hakner.eu website provides all website Users with the right of choice in providing information that concerns them. Hakner.eu informs that it uses cookie technology on its websites, [&hellip;]","og_url":"https:\/\/hakner.eu\/en\/polityka-prywatnosci\/","og_site_name":"Hakner","article_modified_time":"2023-01-25T09:51:24+00:00","twitter_card":"summary_large_image","twitter_misc":{"Est. reading time":"2 minutes"},"schema":{"@context":"https:\/\/schema.org","@graph":[{"@type":"WebPage","@id":"https:\/\/hakner.eu\/en\/polityka-prywatnosci\/","url":"https:\/\/hakner.eu\/en\/polityka-prywatnosci\/","name":"Privacy policy - Hakner","isPartOf":{"@id":"https:\/\/hakner.eu\/#website"},"datePublished":"2022-10-24T14:34:05+00:00","dateModified":"2023-01-25T09:51:24+00:00","breadcrumb":{"@id":"https:\/\/hakner.eu\/en\/polityka-prywatnosci\/#breadcrumb"},"inLanguage":"en-US","potentialAction":[{"@type":"ReadAction","target":["https:\/\/hakner.eu\/en\/polityka-prywatnosci\/"]}]},{"@type":"BreadcrumbList","@id":"https:\/\/hakner.eu\/en\/polityka-prywatnosci\/#breadcrumb","itemListElement":[{"@type":"ListItem","position":1,"name":"Home","item":"https:\/\/hakner.eu\/en\/"},{"@type":"ListItem","position":2,"name":"Privacy policy"}]},{"@type":"WebSite","@id":"https:\/\/hakner.eu\/#website","url":"https:\/\/hakner.eu\/","name":"Hakner","description":"Jako\u015b\u0107 Funkcjonalno\u015b\u0107 Design","potentialAction":[{"@type":"SearchAction","target":{"@type":"EntryPoint","urlTemplate":"https:\/\/hakner.eu\/?s={search_term_string}"},"query-input":{"@type":"PropertyValueSpecification","valueRequired":true,"valueName":"search_term_string"}}],"inLanguage":"en-US"}]}},"_links":{"self":[{"href":"https:\/\/hakner.eu\/en\/wp-json\/wp\/v2\/pages\/948","targetHints":{"allow":["GET"]}}],"collection":[{"href":"https:\/\/hakner.eu\/en\/wp-json\/wp\/v2\/pages"}],"about":[{"href":"https:\/\/hakner.eu\/en\/wp-json\/wp\/v2\/types\/page"}],"author":[{"embeddable":true,"href":"https:\/\/hakner.eu\/en\/wp-json\/wp\/v2\/users\/1"}],"replies":[{"embeddable":true,"href":"https:\/\/hakner.eu\/en\/wp-json\/wp\/v2\/comments?post=948"}],"version-history":[{"count":4,"href":"https:\/\/hakner.eu\/en\/wp-json\/wp\/v2\/pages\/948\/revisions"}],"predecessor-version":[{"id":959,"href":"https:\/\/hakner.eu\/en\/wp-json\/wp\/v2\/pages\/948\/revisions\/959"}],"wp:attachment":[{"href":"https:\/\/hakner.eu\/en\/wp-json\/wp\/v2\/media?parent=948"}],"curies":[{"name":"wp","href":"https:\/\/api.w.org\/{rel}","templated":true}]}}