{"id":1716,"date":"2022-10-24T16:34:05","date_gmt":"2022-10-24T14:34:05","guid":{"rendered":"https:\/\/hakner.eu\/politique-de-confidentialite\/"},"modified":"2024-06-04T15:56:32","modified_gmt":"2024-06-04T13:56:32","slug":"politique-de-confidentialite","status":"publish","type":"page","link":"https:\/\/hakner.eu\/fr\/politique-de-confidentialite\/","title":{"rendered":"Politique de confidentialit\u00e9"},"content":{"rendered":"\n<p>La pr\u00e9sente politique d\u2019utilisation des cookies s&rsquo;applique au site d\u2019internet : hakner.eu exploit\u00e9 par la soci\u00e9t\u00e9 Gryc Tomasz Gryc sise \u00e0 ul. Matuszewska 14, 03-876 Varsovie.<\/p>\n\n<p>Les utilisateurs du site d\u2019internet : hakner.eu ont le droit de restreindre la collecte et le traitement de leurs donn\u00e9es personnelles mises \u00e0 disposition sur le site. Hakner.eu informe qu&rsquo;il utilise la technologie des <strong>cookies <\/strong> pour permettre de vous identifier et de tracer votre comportement de navigation sur internet. <\/p>\n\n<p>Nous utilisons des <strong>cookies <\/strong> et d&rsquo;autres technologies similaires dans le but :<br\/>&#8211; d\u2019assurer la bonne ex\u00e9cution des commandes et des services ;<br\/>&#8211; de g\u00e9n\u00e9rer des statistiques de fr\u00e9quentation et d\u2019utilisation de notre site, nous permettant d\u2019am\u00e9liorer nos services et contenus.<\/p>\n\n<p>La plupart de logiciel de navigation (navigateur) acceptent par d\u00e9faut de stocker les donn\u00e9es sous forme de <strong>cookies <\/strong> et d&rsquo;autres technologies similaires sur le disque dur du terminal de l&rsquo;utilisateur. N\u00e9anmoins, l&rsquo;utilisateur peut \u00e0 tout moment modifier ces param\u00e8tres. En l\u2019absence de modification de sa part, les donn\u00e9es auxquelles nous aurons acc\u00e8s, seront plac\u00e9es et stock\u00e9es sur son disque dur.<br\/>L\u2019utilisateur a le droit de g\u00e9rer les <strong>cookies <\/strong> de mani\u00e8re autonome \u00e0 partir de son navigateur. Dans la plupart des navigateurs, il est possible, entre autres, de : de :<\/p>\n\n<p>&#8211; accepter tous les <strong>cookies<\/strong>, ce qui permet de profiter pleinement des options propos\u00e9es par les sites ;<br\/>&#8211; d\u00e9finir vos <strong>pr\u00e9f\u00e9rences <\/strong> pour certains sites ;<br\/>&#8211; param\u00e9trer en fonction de diff\u00e9rents types de <strong>cookies<\/strong>, p.ex. accepter des cookies permanents comme des cookies de session, etc. ;<br\/>&#8211; bloquer ou supprimer les <strong>cookies<\/strong>.<\/p>\n\n<p>Pour la gestion des cookies, la configuration de chaque navigateur est diff\u00e9rente. Elle est d\u00e9crite dans le menu d\u2019aide de votre navigateur : <br\/><a href=\"http:\/\/support.microsoft.com\/kb\/196955\/pl\" target=\"_blank\" rel=\"noreferrer noopener\">Internet Explorer<\/a><br\/><a href=\"http:\/\/support.mozilla.org\/pl\/products\/firefox\/cookies\" target=\"_blank\" rel=\"noreferrer noopener\">Mozilla Firefox<\/a><br\/><a href=\"http:\/\/support.google.com\/chrome\/bin\/answer.py?hl=pl&amp;answer=95647\" target=\"_blank\" rel=\"noreferrer noopener\">Chrome<\/a><br\/><a href=\"http:\/\/help.opera.com\/Linux\/9.22\/pl\/cookies.html\" target=\"_blank\" rel=\"noreferrer noopener\">Opera<\/a><br\/><a href=\"http:\/\/support.apple.com\/kb\/ph5042\" target=\"_blank\" rel=\"noreferrer noopener\">Safari<\/a><br\/>etc.<\/p>\n\n<p><strong>Nous attirons toutefois votre attention sur le fait qu\u2019en param\u00e9trant votre navigateur pour limiter ou refuser les cookies, certaines fonctionnalit\u00e9s ne seront pas accessibles.<\/strong><\/p>\n\n<p>Des informations suppl\u00e9mentaires sur les <strong>cookies <\/strong> et autres technologies sont disponibles, entre autres, sur le site <a href=\"http:\/\/wszystkoociasteczkach.pl\/\" target=\"_blank\" rel=\"noreferrer noopener\">wszystkoociasteczkach.pl<\/a>, ou dans le menu d\u2019aide de votre navigateur.<\/p>\n","protected":false},"excerpt":{"rendered":"<p>La pr\u00e9sente politique d\u2019utilisation des cookies s&rsquo;applique au site d\u2019internet : hakner.eu exploit\u00e9 par la soci\u00e9t\u00e9 Gryc Tomasz Gryc sise \u00e0 ul. Matuszewska 14, 03-876 Varsovie. Les utilisateurs du site d\u2019internet : hakner.eu ont le droit de restreindre la collecte et le traitement de leurs donn\u00e9es personnelles mises \u00e0 disposition sur le site. Hakner.eu informe [&hellip;]<\/p>\n","protected":false},"author":1,"featured_media":0,"parent":0,"menu_order":66,"comment_status":"closed","ping_status":"open","template":"","meta":{"_acf_changed":false,"qubely_global_settings":"","qubely_interactions":"","footnotes":""},"class_list":["post-1716","page","type-page","status-publish","hentry"],"acf":[],"yoast_head":"<!-- This site is optimized with the Yoast SEO plugin v27.2 - https:\/\/yoast.com\/product\/yoast-seo-wordpress\/ -->\n<title>Politique de confidentialit\u00e9 - Hakner<\/title>\n<meta name=\"robots\" content=\"index, follow, max-snippet:-1, max-image-preview:large, max-video-preview:-1\" \/>\n<link rel=\"canonical\" href=\"https:\/\/hakner.eu\/fr\/politique-de-confidentialite\/\" \/>\n<meta property=\"og:locale\" content=\"fr_FR\" \/>\n<meta property=\"og:type\" content=\"article\" \/>\n<meta property=\"og:title\" content=\"Politique de confidentialit\u00e9 - Hakner\" \/>\n<meta property=\"og:description\" content=\"La pr\u00e9sente politique d\u2019utilisation des cookies s&rsquo;applique au site d\u2019internet : hakner.eu exploit\u00e9 par la soci\u00e9t\u00e9 Gryc Tomasz Gryc sise \u00e0 ul. Matuszewska 14, 03-876 Varsovie. Les utilisateurs du site d\u2019internet : hakner.eu ont le droit de restreindre la collecte et le traitement de leurs donn\u00e9es personnelles mises \u00e0 disposition sur le site. Hakner.eu informe [&hellip;]\" \/>\n<meta property=\"og:url\" content=\"https:\/\/hakner.eu\/fr\/politique-de-confidentialite\/\" \/>\n<meta property=\"og:site_name\" content=\"Hakner\" \/>\n<meta property=\"article:modified_time\" content=\"2024-06-04T13:56:32+00:00\" \/>\n<meta name=\"twitter:card\" content=\"summary_large_image\" \/>\n<meta name=\"twitter:label1\" content=\"Dur\u00e9e de lecture estim\u00e9e\" \/>\n\t<meta name=\"twitter:data1\" content=\"2 minutes\" \/>\n<script type=\"application\/ld+json\" class=\"yoast-schema-graph\">{\"@context\":\"https:\/\/schema.org\",\"@graph\":[{\"@type\":\"WebPage\",\"@id\":\"https:\/\/hakner.eu\/fr\/politique-de-confidentialite\/\",\"url\":\"https:\/\/hakner.eu\/fr\/politique-de-confidentialite\/\",\"name\":\"Politique de confidentialit\u00e9 - Hakner\",\"isPartOf\":{\"@id\":\"https:\/\/hakner.eu\/#website\"},\"datePublished\":\"2022-10-24T14:34:05+00:00\",\"dateModified\":\"2024-06-04T13:56:32+00:00\",\"breadcrumb\":{\"@id\":\"https:\/\/hakner.eu\/fr\/politique-de-confidentialite\/#breadcrumb\"},\"inLanguage\":\"fr-FR\",\"potentialAction\":[{\"@type\":\"ReadAction\",\"target\":[\"https:\/\/hakner.eu\/fr\/politique-de-confidentialite\/\"]}]},{\"@type\":\"BreadcrumbList\",\"@id\":\"https:\/\/hakner.eu\/fr\/politique-de-confidentialite\/#breadcrumb\",\"itemListElement\":[{\"@type\":\"ListItem\",\"position\":1,\"name\":\"Home\",\"item\":\"https:\/\/hakner.eu\/fr\/\"},{\"@type\":\"ListItem\",\"position\":2,\"name\":\"Politique de confidentialit\u00e9\"}]},{\"@type\":\"WebSite\",\"@id\":\"https:\/\/hakner.eu\/#website\",\"url\":\"https:\/\/hakner.eu\/\",\"name\":\"Hakner\",\"description\":\"Jako\u015b\u0107 Funkcjonalno\u015b\u0107 Design\",\"potentialAction\":[{\"@type\":\"SearchAction\",\"target\":{\"@type\":\"EntryPoint\",\"urlTemplate\":\"https:\/\/hakner.eu\/?s={search_term_string}\"},\"query-input\":{\"@type\":\"PropertyValueSpecification\",\"valueRequired\":true,\"valueName\":\"search_term_string\"}}],\"inLanguage\":\"fr-FR\"}]}<\/script>\n<!-- \/ Yoast SEO plugin. -->","yoast_head_json":{"title":"Politique de confidentialit\u00e9 - Hakner","robots":{"index":"index","follow":"follow","max-snippet":"max-snippet:-1","max-image-preview":"max-image-preview:large","max-video-preview":"max-video-preview:-1"},"canonical":"https:\/\/hakner.eu\/fr\/politique-de-confidentialite\/","og_locale":"fr_FR","og_type":"article","og_title":"Politique de confidentialit\u00e9 - Hakner","og_description":"La pr\u00e9sente politique d\u2019utilisation des cookies s&rsquo;applique au site d\u2019internet : hakner.eu exploit\u00e9 par la soci\u00e9t\u00e9 Gryc Tomasz Gryc sise \u00e0 ul. Matuszewska 14, 03-876 Varsovie. Les utilisateurs du site d\u2019internet : hakner.eu ont le droit de restreindre la collecte et le traitement de leurs donn\u00e9es personnelles mises \u00e0 disposition sur le site. Hakner.eu informe [&hellip;]","og_url":"https:\/\/hakner.eu\/fr\/politique-de-confidentialite\/","og_site_name":"Hakner","article_modified_time":"2024-06-04T13:56:32+00:00","twitter_card":"summary_large_image","twitter_misc":{"Dur\u00e9e de lecture estim\u00e9e":"2 minutes"},"schema":{"@context":"https:\/\/schema.org","@graph":[{"@type":"WebPage","@id":"https:\/\/hakner.eu\/fr\/politique-de-confidentialite\/","url":"https:\/\/hakner.eu\/fr\/politique-de-confidentialite\/","name":"Politique de confidentialit\u00e9 - Hakner","isPartOf":{"@id":"https:\/\/hakner.eu\/#website"},"datePublished":"2022-10-24T14:34:05+00:00","dateModified":"2024-06-04T13:56:32+00:00","breadcrumb":{"@id":"https:\/\/hakner.eu\/fr\/politique-de-confidentialite\/#breadcrumb"},"inLanguage":"fr-FR","potentialAction":[{"@type":"ReadAction","target":["https:\/\/hakner.eu\/fr\/politique-de-confidentialite\/"]}]},{"@type":"BreadcrumbList","@id":"https:\/\/hakner.eu\/fr\/politique-de-confidentialite\/#breadcrumb","itemListElement":[{"@type":"ListItem","position":1,"name":"Home","item":"https:\/\/hakner.eu\/fr\/"},{"@type":"ListItem","position":2,"name":"Politique de confidentialit\u00e9"}]},{"@type":"WebSite","@id":"https:\/\/hakner.eu\/#website","url":"https:\/\/hakner.eu\/","name":"Hakner","description":"Jako\u015b\u0107 Funkcjonalno\u015b\u0107 Design","potentialAction":[{"@type":"SearchAction","target":{"@type":"EntryPoint","urlTemplate":"https:\/\/hakner.eu\/?s={search_term_string}"},"query-input":{"@type":"PropertyValueSpecification","valueRequired":true,"valueName":"search_term_string"}}],"inLanguage":"fr-FR"}]}},"_links":{"self":[{"href":"https:\/\/hakner.eu\/fr\/wp-json\/wp\/v2\/pages\/1716","targetHints":{"allow":["GET"]}}],"collection":[{"href":"https:\/\/hakner.eu\/fr\/wp-json\/wp\/v2\/pages"}],"about":[{"href":"https:\/\/hakner.eu\/fr\/wp-json\/wp\/v2\/types\/page"}],"author":[{"embeddable":true,"href":"https:\/\/hakner.eu\/fr\/wp-json\/wp\/v2\/users\/1"}],"replies":[{"embeddable":true,"href":"https:\/\/hakner.eu\/fr\/wp-json\/wp\/v2\/comments?post=1716"}],"version-history":[{"count":2,"href":"https:\/\/hakner.eu\/fr\/wp-json\/wp\/v2\/pages\/1716\/revisions"}],"predecessor-version":[{"id":1718,"href":"https:\/\/hakner.eu\/fr\/wp-json\/wp\/v2\/pages\/1716\/revisions\/1718"}],"wp:attachment":[{"href":"https:\/\/hakner.eu\/fr\/wp-json\/wp\/v2\/media?parent=1716"}],"curies":[{"name":"wp","href":"https:\/\/api.w.org\/{rel}","templated":true}]}}