{"id":1724,"date":"2022-10-24T20:37:00","date_gmt":"2022-10-24T18:37:00","guid":{"rendered":"https:\/\/hakner.eu\/page-daccueil\/"},"modified":"2025-09-19T14:59:13","modified_gmt":"2025-09-19T12:59:13","slug":"page-daccueil","status":"publish","type":"page","link":"https:\/\/hakner.eu\/fr\/","title":{"rendered":"Page d\u2019accueil"},"content":{"rendered":"<!-- BOX-END -->","protected":false},"excerpt":{"rendered":"","protected":false},"author":1,"featured_media":0,"parent":0,"menu_order":78,"comment_status":"closed","ping_status":"closed","template":"","meta":{"_acf_changed":false,"qubely_global_settings":"","qubely_interactions":"","footnotes":""},"class_list":["post-1724","page","type-page","status-publish","hentry"],"acf":[],"yoast_head":"<!-- This site is optimized with the Yoast SEO plugin v27.2 - https:\/\/yoast.com\/product\/yoast-seo-wordpress\/ -->\n<title>Hakner - Qualit\u00e9 Fonctionnalit\u00e9 Conception<\/title>\n<meta name=\"description\" content=\"Glissi\u00e8res de tiroir, serrures de meubles, actionneurs de meubles, monte-meubles et autres accessoires de meubles. Nous servons des fabricants renomm\u00e9s et des clients r\u00e9guliers.\" \/>\n<meta name=\"robots\" content=\"index, follow, max-snippet:-1, max-image-preview:large, max-video-preview:-1\" \/>\n<link rel=\"canonical\" href=\"https:\/\/hakner.eu\/fr\/\" \/>\n<meta property=\"og:locale\" content=\"fr_FR\" \/>\n<meta property=\"og:type\" content=\"article\" \/>\n<meta property=\"og:title\" content=\"Hakner - Qualit\u00e9 Fonctionnalit\u00e9 Conception\" \/>\n<meta property=\"og:description\" content=\"Glissi\u00e8res de tiroir, serrures de meubles, actionneurs de meubles, monte-meubles et autres accessoires de meubles. Nous servons des fabricants renomm\u00e9s et des clients r\u00e9guliers.\" \/>\n<meta property=\"og:url\" content=\"https:\/\/hakner.eu\/fr\/\" \/>\n<meta property=\"og:site_name\" content=\"Hakner\" \/>\n<meta property=\"article:modified_time\" content=\"2025-09-19T12:59:13+00:00\" \/>\n<meta name=\"twitter:card\" content=\"summary_large_image\" \/>\n<script type=\"application\/ld+json\" class=\"yoast-schema-graph\">{\"@context\":\"https:\/\/schema.org\",\"@graph\":[{\"@type\":\"WebPage\",\"@id\":\"https:\/\/hakner.eu\/fr\/\",\"url\":\"https:\/\/hakner.eu\/fr\/\",\"name\":\"Hakner - Qualit\u00e9 Fonctionnalit\u00e9 Conception\",\"isPartOf\":{\"@id\":\"https:\/\/hakner.eu\/#website\"},\"datePublished\":\"2022-10-24T18:37:00+00:00\",\"dateModified\":\"2025-09-19T12:59:13+00:00\",\"description\":\"Glissi\u00e8res de tiroir, serrures de meubles, actionneurs de meubles, monte-meubles et autres accessoires de meubles. Nous servons des fabricants renomm\u00e9s et des clients r\u00e9guliers.\",\"breadcrumb\":{\"@id\":\"https:\/\/hakner.eu\/fr\/#breadcrumb\"},\"inLanguage\":\"fr-FR\",\"potentialAction\":[{\"@type\":\"ReadAction\",\"target\":[\"https:\/\/hakner.eu\/fr\/\"]}]},{\"@type\":\"BreadcrumbList\",\"@id\":\"https:\/\/hakner.eu\/fr\/#breadcrumb\",\"itemListElement\":[{\"@type\":\"ListItem\",\"position\":1,\"name\":\"Home\",\"item\":\"https:\/\/hakner.eu\/fr\/\"},{\"@type\":\"ListItem\",\"position\":2,\"name\":\"Page d\u2019accueil\"}]},{\"@type\":\"WebSite\",\"@id\":\"https:\/\/hakner.eu\/#website\",\"url\":\"https:\/\/hakner.eu\/\",\"name\":\"Hakner\",\"description\":\"Jako\u015b\u0107 Funkcjonalno\u015b\u0107 Design\",\"potentialAction\":[{\"@type\":\"SearchAction\",\"target\":{\"@type\":\"EntryPoint\",\"urlTemplate\":\"https:\/\/hakner.eu\/?s={search_term_string}\"},\"query-input\":{\"@type\":\"PropertyValueSpecification\",\"valueRequired\":true,\"valueName\":\"search_term_string\"}}],\"inLanguage\":\"fr-FR\"}]}<\/script>\n<!-- \/ Yoast SEO plugin. -->","yoast_head_json":{"title":"Hakner - Qualit\u00e9 Fonctionnalit\u00e9 Conception","description":"Glissi\u00e8res de tiroir, serrures de meubles, actionneurs de meubles, monte-meubles et autres accessoires de meubles. Nous servons des fabricants renomm\u00e9s et des clients r\u00e9guliers.","robots":{"index":"index","follow":"follow","max-snippet":"max-snippet:-1","max-image-preview":"max-image-preview:large","max-video-preview":"max-video-preview:-1"},"canonical":"https:\/\/hakner.eu\/fr\/","og_locale":"fr_FR","og_type":"article","og_title":"Hakner - Qualit\u00e9 Fonctionnalit\u00e9 Conception","og_description":"Glissi\u00e8res de tiroir, serrures de meubles, actionneurs de meubles, monte-meubles et autres accessoires de meubles. Nous servons des fabricants renomm\u00e9s et des clients r\u00e9guliers.","og_url":"https:\/\/hakner.eu\/fr\/","og_site_name":"Hakner","article_modified_time":"2025-09-19T12:59:13+00:00","twitter_card":"summary_large_image","schema":{"@context":"https:\/\/schema.org","@graph":[{"@type":"WebPage","@id":"https:\/\/hakner.eu\/fr\/","url":"https:\/\/hakner.eu\/fr\/","name":"Hakner - Qualit\u00e9 Fonctionnalit\u00e9 Conception","isPartOf":{"@id":"https:\/\/hakner.eu\/#website"},"datePublished":"2022-10-24T18:37:00+00:00","dateModified":"2025-09-19T12:59:13+00:00","description":"Glissi\u00e8res de tiroir, serrures de meubles, actionneurs de meubles, monte-meubles et autres accessoires de meubles. Nous servons des fabricants renomm\u00e9s et des clients r\u00e9guliers.","breadcrumb":{"@id":"https:\/\/hakner.eu\/fr\/#breadcrumb"},"inLanguage":"fr-FR","potentialAction":[{"@type":"ReadAction","target":["https:\/\/hakner.eu\/fr\/"]}]},{"@type":"BreadcrumbList","@id":"https:\/\/hakner.eu\/fr\/#breadcrumb","itemListElement":[{"@type":"ListItem","position":1,"name":"Home","item":"https:\/\/hakner.eu\/fr\/"},{"@type":"ListItem","position":2,"name":"Page d\u2019accueil"}]},{"@type":"WebSite","@id":"https:\/\/hakner.eu\/#website","url":"https:\/\/hakner.eu\/","name":"Hakner","description":"Jako\u015b\u0107 Funkcjonalno\u015b\u0107 Design","potentialAction":[{"@type":"SearchAction","target":{"@type":"EntryPoint","urlTemplate":"https:\/\/hakner.eu\/?s={search_term_string}"},"query-input":{"@type":"PropertyValueSpecification","valueRequired":true,"valueName":"search_term_string"}}],"inLanguage":"fr-FR"}]}},"_links":{"self":[{"href":"https:\/\/hakner.eu\/fr\/wp-json\/wp\/v2\/pages\/1724","targetHints":{"allow":["GET"]}}],"collection":[{"href":"https:\/\/hakner.eu\/fr\/wp-json\/wp\/v2\/pages"}],"about":[{"href":"https:\/\/hakner.eu\/fr\/wp-json\/wp\/v2\/types\/page"}],"author":[{"embeddable":true,"href":"https:\/\/hakner.eu\/fr\/wp-json\/wp\/v2\/users\/1"}],"replies":[{"embeddable":true,"href":"https:\/\/hakner.eu\/fr\/wp-json\/wp\/v2\/comments?post=1724"}],"version-history":[{"count":21,"href":"https:\/\/hakner.eu\/fr\/wp-json\/wp\/v2\/pages\/1724\/revisions"}],"predecessor-version":[{"id":7499,"href":"https:\/\/hakner.eu\/fr\/wp-json\/wp\/v2\/pages\/1724\/revisions\/7499"}],"wp:attachment":[{"href":"https:\/\/hakner.eu\/fr\/wp-json\/wp\/v2\/media?parent=1724"}],"curies":[{"name":"wp","href":"https:\/\/api.w.org\/{rel}","templated":true}]}}