{"id":1790,"date":"2022-10-24T20:37:17","date_gmt":"2022-10-24T18:37:17","guid":{"rendered":"https:\/\/hakner.eu\/boutique-en-ligne\/"},"modified":"2024-06-05T12:13:23","modified_gmt":"2024-06-05T10:13:23","slug":"sklep-internetowy","status":"publish","type":"page","link":"https:\/\/hakner.eu\/fr\/sklep-internetowy\/","title":{"rendered":"Boutique en ligne"},"content":{"rendered":"\n<p>Notre boutique en ligne est le meilleur choix pour ce qui recherchent des accessoires pour r\u00e9parer ou assembler les meubles. Nous proposons une large gamme de produits qui satisferont aussi bien les initi\u00e9s en bricolage que les menuisiers professionnels. Dans notre boutique, vous y trouverez tous les accessoires dont vous avez besoin !<\/p>\n\n\n\n<ul class=\"wp-block-list\">\n<li>Conseils professionnels<\/li>\n\n\n\n<li>22 ans d&rsquo;exp\u00e9rience professionnelle<\/li>\n\n\n\n<li>Livraison gratuite \u00e0 partir de 300 PLN<\/li>\n\n\n\n<li>Livraison sous 24 heures<\/li>\n\n\n\n<li>Des produits class\u00e9s selon diff\u00e9rentes cat\u00e9gories<\/li>\n<\/ul>\n\n\n\n<div class=\"wp-block-buttons is-layout-flex wp-block-buttons-is-layout-flex\">\n<div class=\"wp-block-button full\"><a class=\"wp-block-button__link wp-element-button\" href=\"https:\/\/gryc24.pl\/\"><strong>Aller \u00e0 la boutique<\/strong><\/a><\/div>\n<\/div>\n","protected":false},"excerpt":{"rendered":"<p>Notre boutique en ligne est le meilleur choix pour ce qui recherchent des accessoires pour r\u00e9parer ou assembler les meubles. Nous proposons une large gamme de produits qui satisferont aussi bien les initi\u00e9s en bricolage que les menuisiers professionnels. Dans notre boutique, vous y trouverez tous les accessoires dont vous avez besoin !<\/p>\n","protected":false},"author":1,"featured_media":1791,"parent":0,"menu_order":28,"comment_status":"closed","ping_status":"closed","template":"template_ecommerce.php","meta":{"_acf_changed":false,"qubely_global_settings":"","qubely_interactions":"","footnotes":""},"class_list":["post-1790","page","type-page","status-publish","has-post-thumbnail","hentry"],"acf":[],"yoast_head":"<!-- This site is optimized with the Yoast SEO plugin v27.2 - https:\/\/yoast.com\/product\/yoast-seo-wordpress\/ -->\n<title>Boutique en ligne - Hakner<\/title>\n<meta name=\"robots\" content=\"index, follow, max-snippet:-1, max-image-preview:large, max-video-preview:-1\" \/>\n<link rel=\"canonical\" href=\"https:\/\/hakner.eu\/fr\/sklep-internetowy\/\" \/>\n<meta property=\"og:locale\" content=\"fr_FR\" \/>\n<meta property=\"og:type\" content=\"article\" \/>\n<meta property=\"og:title\" content=\"Boutique en ligne - Hakner\" \/>\n<meta property=\"og:description\" content=\"Notre boutique en ligne est le meilleur choix pour ce qui recherchent des accessoires pour r\u00e9parer ou assembler les meubles. Nous proposons une large gamme de produits qui satisferont aussi bien les initi\u00e9s en bricolage que les menuisiers professionnels. Dans notre boutique, vous y trouverez tous les accessoires dont vous avez besoin !\" \/>\n<meta property=\"og:url\" content=\"https:\/\/hakner.eu\/fr\/sklep-internetowy\/\" \/>\n<meta property=\"og:site_name\" content=\"Hakner\" \/>\n<meta property=\"article:modified_time\" content=\"2024-06-05T10:13:23+00:00\" \/>\n<meta property=\"og:image\" content=\"https:\/\/hakner.eu\/wp-content\/uploads\/2022\/10\/image.png\" \/>\n\t<meta property=\"og:image:width\" content=\"650\" \/>\n\t<meta property=\"og:image:height\" content=\"597\" \/>\n\t<meta property=\"og:image:type\" content=\"image\/png\" \/>\n<meta name=\"twitter:card\" content=\"summary_large_image\" \/>\n<meta name=\"twitter:label1\" content=\"Dur\u00e9e de lecture estim\u00e9e\" \/>\n\t<meta name=\"twitter:data1\" content=\"1 minute\" \/>\n<script type=\"application\/ld+json\" class=\"yoast-schema-graph\">{\"@context\":\"https:\/\/schema.org\",\"@graph\":[{\"@type\":\"WebPage\",\"@id\":\"https:\/\/hakner.eu\/fr\/sklep-internetowy\/\",\"url\":\"https:\/\/hakner.eu\/fr\/sklep-internetowy\/\",\"name\":\"Boutique en ligne - Hakner\",\"isPartOf\":{\"@id\":\"https:\/\/hakner.eu\/#website\"},\"primaryImageOfPage\":{\"@id\":\"https:\/\/hakner.eu\/fr\/sklep-internetowy\/#primaryimage\"},\"image\":{\"@id\":\"https:\/\/hakner.eu\/fr\/sklep-internetowy\/#primaryimage\"},\"thumbnailUrl\":\"https:\/\/hakner.eu\/wp-content\/uploads\/2022\/10\/image.png\",\"datePublished\":\"2022-10-24T18:37:17+00:00\",\"dateModified\":\"2024-06-05T10:13:23+00:00\",\"breadcrumb\":{\"@id\":\"https:\/\/hakner.eu\/fr\/sklep-internetowy\/#breadcrumb\"},\"inLanguage\":\"fr-FR\",\"potentialAction\":[{\"@type\":\"ReadAction\",\"target\":[\"https:\/\/hakner.eu\/fr\/sklep-internetowy\/\"]}]},{\"@type\":\"ImageObject\",\"inLanguage\":\"fr-FR\",\"@id\":\"https:\/\/hakner.eu\/fr\/sklep-internetowy\/#primaryimage\",\"url\":\"https:\/\/hakner.eu\/wp-content\/uploads\/2022\/10\/image.png\",\"contentUrl\":\"https:\/\/hakner.eu\/wp-content\/uploads\/2022\/10\/image.png\",\"width\":650,\"height\":597},{\"@type\":\"BreadcrumbList\",\"@id\":\"https:\/\/hakner.eu\/fr\/sklep-internetowy\/#breadcrumb\",\"itemListElement\":[{\"@type\":\"ListItem\",\"position\":1,\"name\":\"Home\",\"item\":\"https:\/\/hakner.eu\/fr\/\"},{\"@type\":\"ListItem\",\"position\":2,\"name\":\"Boutique en ligne\"}]},{\"@type\":\"WebSite\",\"@id\":\"https:\/\/hakner.eu\/#website\",\"url\":\"https:\/\/hakner.eu\/\",\"name\":\"Hakner\",\"description\":\"Jako\u015b\u0107 Funkcjonalno\u015b\u0107 Design\",\"potentialAction\":[{\"@type\":\"SearchAction\",\"target\":{\"@type\":\"EntryPoint\",\"urlTemplate\":\"https:\/\/hakner.eu\/?s={search_term_string}\"},\"query-input\":{\"@type\":\"PropertyValueSpecification\",\"valueRequired\":true,\"valueName\":\"search_term_string\"}}],\"inLanguage\":\"fr-FR\"}]}<\/script>\n<!-- \/ Yoast SEO plugin. -->","yoast_head_json":{"title":"Boutique en ligne - Hakner","robots":{"index":"index","follow":"follow","max-snippet":"max-snippet:-1","max-image-preview":"max-image-preview:large","max-video-preview":"max-video-preview:-1"},"canonical":"https:\/\/hakner.eu\/fr\/sklep-internetowy\/","og_locale":"fr_FR","og_type":"article","og_title":"Boutique en ligne - Hakner","og_description":"Notre boutique en ligne est le meilleur choix pour ce qui recherchent des accessoires pour r\u00e9parer ou assembler les meubles. Nous proposons une large gamme de produits qui satisferont aussi bien les initi\u00e9s en bricolage que les menuisiers professionnels. Dans notre boutique, vous y trouverez tous les accessoires dont vous avez besoin !","og_url":"https:\/\/hakner.eu\/fr\/sklep-internetowy\/","og_site_name":"Hakner","article_modified_time":"2024-06-05T10:13:23+00:00","og_image":[{"width":650,"height":597,"url":"https:\/\/hakner.eu\/wp-content\/uploads\/2022\/10\/image.png","type":"image\/png"}],"twitter_card":"summary_large_image","twitter_misc":{"Dur\u00e9e de lecture estim\u00e9e":"1 minute"},"schema":{"@context":"https:\/\/schema.org","@graph":[{"@type":"WebPage","@id":"https:\/\/hakner.eu\/fr\/sklep-internetowy\/","url":"https:\/\/hakner.eu\/fr\/sklep-internetowy\/","name":"Boutique en ligne - Hakner","isPartOf":{"@id":"https:\/\/hakner.eu\/#website"},"primaryImageOfPage":{"@id":"https:\/\/hakner.eu\/fr\/sklep-internetowy\/#primaryimage"},"image":{"@id":"https:\/\/hakner.eu\/fr\/sklep-internetowy\/#primaryimage"},"thumbnailUrl":"https:\/\/hakner.eu\/wp-content\/uploads\/2022\/10\/image.png","datePublished":"2022-10-24T18:37:17+00:00","dateModified":"2024-06-05T10:13:23+00:00","breadcrumb":{"@id":"https:\/\/hakner.eu\/fr\/sklep-internetowy\/#breadcrumb"},"inLanguage":"fr-FR","potentialAction":[{"@type":"ReadAction","target":["https:\/\/hakner.eu\/fr\/sklep-internetowy\/"]}]},{"@type":"ImageObject","inLanguage":"fr-FR","@id":"https:\/\/hakner.eu\/fr\/sklep-internetowy\/#primaryimage","url":"https:\/\/hakner.eu\/wp-content\/uploads\/2022\/10\/image.png","contentUrl":"https:\/\/hakner.eu\/wp-content\/uploads\/2022\/10\/image.png","width":650,"height":597},{"@type":"BreadcrumbList","@id":"https:\/\/hakner.eu\/fr\/sklep-internetowy\/#breadcrumb","itemListElement":[{"@type":"ListItem","position":1,"name":"Home","item":"https:\/\/hakner.eu\/fr\/"},{"@type":"ListItem","position":2,"name":"Boutique en ligne"}]},{"@type":"WebSite","@id":"https:\/\/hakner.eu\/#website","url":"https:\/\/hakner.eu\/","name":"Hakner","description":"Jako\u015b\u0107 Funkcjonalno\u015b\u0107 Design","potentialAction":[{"@type":"SearchAction","target":{"@type":"EntryPoint","urlTemplate":"https:\/\/hakner.eu\/?s={search_term_string}"},"query-input":{"@type":"PropertyValueSpecification","valueRequired":true,"valueName":"search_term_string"}}],"inLanguage":"fr-FR"}]}},"_links":{"self":[{"href":"https:\/\/hakner.eu\/fr\/wp-json\/wp\/v2\/pages\/1790","targetHints":{"allow":["GET"]}}],"collection":[{"href":"https:\/\/hakner.eu\/fr\/wp-json\/wp\/v2\/pages"}],"about":[{"href":"https:\/\/hakner.eu\/fr\/wp-json\/wp\/v2\/types\/page"}],"author":[{"embeddable":true,"href":"https:\/\/hakner.eu\/fr\/wp-json\/wp\/v2\/users\/1"}],"replies":[{"embeddable":true,"href":"https:\/\/hakner.eu\/fr\/wp-json\/wp\/v2\/comments?post=1790"}],"version-history":[{"count":5,"href":"https:\/\/hakner.eu\/fr\/wp-json\/wp\/v2\/pages\/1790\/revisions"}],"predecessor-version":[{"id":1881,"href":"https:\/\/hakner.eu\/fr\/wp-json\/wp\/v2\/pages\/1790\/revisions\/1881"}],"wp:featuredmedia":[{"embeddable":true,"href":"https:\/\/hakner.eu\/fr\/wp-json\/wp\/v2\/media\/1791"}],"wp:attachment":[{"href":"https:\/\/hakner.eu\/fr\/wp-json\/wp\/v2\/media?parent=1790"}],"curies":[{"name":"wp","href":"https:\/\/api.w.org\/{rel}","templated":true}]}}