{"id":1795,"date":"2022-10-24T20:37:24","date_gmt":"2022-10-24T18:37:24","guid":{"rendered":"https:\/\/hakner.eu\/notre-offre\/"},"modified":"2024-06-05T12:10:02","modified_gmt":"2024-06-05T10:10:02","slug":"oferta","status":"publish","type":"page","link":"https:\/\/hakner.eu\/fr\/oferta\/","title":{"rendered":"Notre offre"},"content":{"rendered":"\n<p>Dans l\u2019offre de la marque HAKNER, vous y trouverez une large gamme de quincaillerie pour meubles, notamment des coulisses au design simple et fiable, des bras articul\u00e9s favorisant l&rsquo;ergonomie des meubles, des accessoires de salle de bain et WC associant la haute qualit\u00e9 \u00e0 l\u2019excellente fonctionnalit\u00e9, des ferrures pour meubles rembourr\u00e9s reconnus pour leur durabilit\u00e9 et confort d&rsquo;utilisation, des accessoires innovants pour meubles de bureau et une large gamme de serrures\/verrous de meuble notamment les verrous \u00e0 code m\u00e9caniques et \u00e9lectriques, ainsi que les verrous \u00e0 cl\u00e9.<\/p>\n\n\n\n<p>Pour r\u00e9pondre \u00e0 tout type de demande et satisfaire au mieux nos clients, nous effor\u00e7ons d\u2019\u00e9largir &nbsp;notre gamme de produits en s\u2019alignent sur les besoins actuels du march\u00e9.<\/p>\n","protected":false},"excerpt":{"rendered":"<p>Dans l\u2019offre de la marque HAKNER, vous y trouverez une large gamme de quincaillerie pour meubles, notamment des coulisses au design simple et fiable, des bras articul\u00e9s favorisant l&rsquo;ergonomie des meubles, des accessoires de salle de bain et WC associant la haute qualit\u00e9 \u00e0 l\u2019excellente fonctionnalit\u00e9, des ferrures pour meubles rembourr\u00e9s reconnus pour leur durabilit\u00e9 [&hellip;]<\/p>\n","protected":false},"author":1,"featured_media":0,"parent":0,"menu_order":50,"comment_status":"closed","ping_status":"closed","template":"template_offer.php","meta":{"_acf_changed":false,"qubely_global_settings":"","qubely_interactions":"","footnotes":""},"class_list":["post-1795","page","type-page","status-publish","hentry"],"acf":[],"yoast_head":"<!-- This site is optimized with the Yoast SEO plugin v27.2 - https:\/\/yoast.com\/product\/yoast-seo-wordpress\/ -->\n<title>Hakner - nasza oferta<\/title>\n<meta name=\"robots\" content=\"index, follow, max-snippet:-1, max-image-preview:large, max-video-preview:-1\" \/>\n<link rel=\"canonical\" href=\"https:\/\/hakner.eu\/fr\/oferta\/\" \/>\n<meta property=\"og:locale\" content=\"fr_FR\" \/>\n<meta property=\"og:type\" content=\"article\" \/>\n<meta property=\"og:title\" content=\"Hakner - nasza oferta\" \/>\n<meta property=\"og:description\" content=\"Dans l\u2019offre de la marque HAKNER, vous y trouverez une large gamme de quincaillerie pour meubles, notamment des coulisses au design simple et fiable, des bras articul\u00e9s favorisant l&rsquo;ergonomie des meubles, des accessoires de salle de bain et WC associant la haute qualit\u00e9 \u00e0 l\u2019excellente fonctionnalit\u00e9, des ferrures pour meubles rembourr\u00e9s reconnus pour leur durabilit\u00e9 [&hellip;]\" \/>\n<meta property=\"og:url\" content=\"https:\/\/hakner.eu\/fr\/oferta\/\" \/>\n<meta property=\"og:site_name\" content=\"Hakner\" \/>\n<meta property=\"article:modified_time\" content=\"2024-06-05T10:10:02+00:00\" \/>\n<meta name=\"twitter:card\" content=\"summary_large_image\" \/>\n<meta name=\"twitter:label1\" content=\"Dur\u00e9e de lecture estim\u00e9e\" \/>\n\t<meta name=\"twitter:data1\" content=\"1 minute\" \/>\n<script type=\"application\/ld+json\" class=\"yoast-schema-graph\">{\"@context\":\"https:\/\/schema.org\",\"@graph\":[{\"@type\":\"WebPage\",\"@id\":\"https:\/\/hakner.eu\/fr\/oferta\/\",\"url\":\"https:\/\/hakner.eu\/fr\/oferta\/\",\"name\":\"Hakner - nasza oferta\",\"isPartOf\":{\"@id\":\"https:\/\/hakner.eu\/#website\"},\"datePublished\":\"2022-10-24T18:37:24+00:00\",\"dateModified\":\"2024-06-05T10:10:02+00:00\",\"breadcrumb\":{\"@id\":\"https:\/\/hakner.eu\/fr\/oferta\/#breadcrumb\"},\"inLanguage\":\"fr-FR\",\"potentialAction\":[{\"@type\":\"ReadAction\",\"target\":[\"https:\/\/hakner.eu\/fr\/oferta\/\"]}]},{\"@type\":\"BreadcrumbList\",\"@id\":\"https:\/\/hakner.eu\/fr\/oferta\/#breadcrumb\",\"itemListElement\":[{\"@type\":\"ListItem\",\"position\":1,\"name\":\"Home\",\"item\":\"https:\/\/hakner.eu\/fr\/\"},{\"@type\":\"ListItem\",\"position\":2,\"name\":\"Notre offre\"}]},{\"@type\":\"WebSite\",\"@id\":\"https:\/\/hakner.eu\/#website\",\"url\":\"https:\/\/hakner.eu\/\",\"name\":\"Hakner\",\"description\":\"Jako\u015b\u0107 Funkcjonalno\u015b\u0107 Design\",\"potentialAction\":[{\"@type\":\"SearchAction\",\"target\":{\"@type\":\"EntryPoint\",\"urlTemplate\":\"https:\/\/hakner.eu\/?s={search_term_string}\"},\"query-input\":{\"@type\":\"PropertyValueSpecification\",\"valueRequired\":true,\"valueName\":\"search_term_string\"}}],\"inLanguage\":\"fr-FR\"}]}<\/script>\n<!-- \/ Yoast SEO plugin. -->","yoast_head_json":{"title":"Hakner - nasza oferta","robots":{"index":"index","follow":"follow","max-snippet":"max-snippet:-1","max-image-preview":"max-image-preview:large","max-video-preview":"max-video-preview:-1"},"canonical":"https:\/\/hakner.eu\/fr\/oferta\/","og_locale":"fr_FR","og_type":"article","og_title":"Hakner - nasza oferta","og_description":"Dans l\u2019offre de la marque HAKNER, vous y trouverez une large gamme de quincaillerie pour meubles, notamment des coulisses au design simple et fiable, des bras articul\u00e9s favorisant l&rsquo;ergonomie des meubles, des accessoires de salle de bain et WC associant la haute qualit\u00e9 \u00e0 l\u2019excellente fonctionnalit\u00e9, des ferrures pour meubles rembourr\u00e9s reconnus pour leur durabilit\u00e9 [&hellip;]","og_url":"https:\/\/hakner.eu\/fr\/oferta\/","og_site_name":"Hakner","article_modified_time":"2024-06-05T10:10:02+00:00","twitter_card":"summary_large_image","twitter_misc":{"Dur\u00e9e de lecture estim\u00e9e":"1 minute"},"schema":{"@context":"https:\/\/schema.org","@graph":[{"@type":"WebPage","@id":"https:\/\/hakner.eu\/fr\/oferta\/","url":"https:\/\/hakner.eu\/fr\/oferta\/","name":"Hakner - nasza oferta","isPartOf":{"@id":"https:\/\/hakner.eu\/#website"},"datePublished":"2022-10-24T18:37:24+00:00","dateModified":"2024-06-05T10:10:02+00:00","breadcrumb":{"@id":"https:\/\/hakner.eu\/fr\/oferta\/#breadcrumb"},"inLanguage":"fr-FR","potentialAction":[{"@type":"ReadAction","target":["https:\/\/hakner.eu\/fr\/oferta\/"]}]},{"@type":"BreadcrumbList","@id":"https:\/\/hakner.eu\/fr\/oferta\/#breadcrumb","itemListElement":[{"@type":"ListItem","position":1,"name":"Home","item":"https:\/\/hakner.eu\/fr\/"},{"@type":"ListItem","position":2,"name":"Notre offre"}]},{"@type":"WebSite","@id":"https:\/\/hakner.eu\/#website","url":"https:\/\/hakner.eu\/","name":"Hakner","description":"Jako\u015b\u0107 Funkcjonalno\u015b\u0107 Design","potentialAction":[{"@type":"SearchAction","target":{"@type":"EntryPoint","urlTemplate":"https:\/\/hakner.eu\/?s={search_term_string}"},"query-input":{"@type":"PropertyValueSpecification","valueRequired":true,"valueName":"search_term_string"}}],"inLanguage":"fr-FR"}]}},"_links":{"self":[{"href":"https:\/\/hakner.eu\/fr\/wp-json\/wp\/v2\/pages\/1795","targetHints":{"allow":["GET"]}}],"collection":[{"href":"https:\/\/hakner.eu\/fr\/wp-json\/wp\/v2\/pages"}],"about":[{"href":"https:\/\/hakner.eu\/fr\/wp-json\/wp\/v2\/types\/page"}],"author":[{"embeddable":true,"href":"https:\/\/hakner.eu\/fr\/wp-json\/wp\/v2\/users\/1"}],"replies":[{"embeddable":true,"href":"https:\/\/hakner.eu\/fr\/wp-json\/wp\/v2\/comments?post=1795"}],"version-history":[{"count":8,"href":"https:\/\/hakner.eu\/fr\/wp-json\/wp\/v2\/pages\/1795\/revisions"}],"predecessor-version":[{"id":1878,"href":"https:\/\/hakner.eu\/fr\/wp-json\/wp\/v2\/pages\/1795\/revisions\/1878"}],"wp:attachment":[{"href":"https:\/\/hakner.eu\/fr\/wp-json\/wp\/v2\/media?parent=1795"}],"curies":[{"name":"wp","href":"https:\/\/api.w.org\/{rel}","templated":true}]}}