{"id":1799,"date":"2022-10-26T15:22:38","date_gmt":"2022-10-26T13:22:38","guid":{"rendered":"https:\/\/hakner.eu\/espace-b2b\/"},"modified":"2024-06-05T12:16:38","modified_gmt":"2024-06-05T10:16:38","slug":"strefa-b2b","status":"publish","type":"page","link":"https:\/\/hakner.eu\/fr\/strefa-b2b\/","title":{"rendered":"Espace B2B"},"content":{"rendered":"\n<p>Pour les clients professionnels, nous avons pr\u00e9par\u00e9 une offre sp\u00e9ciale B2B disponible dans l\u2019espace B2B.<\/p>\n\n\n\n<h4 class=\"wp-block-heading\">Voici quelques avantages cl\u00e9s dont votre entreprise pourra b\u00e9n\u00e9ficier :<\/h4>\n\n\n\n<p><\/p>\n\n\n\n<ul class=\"wp-block-list\">\n<li>des remises fixes, en fonction du chiffre d&rsquo;affaires<\/li>\n\n\n\n<li>des prix HT incluant vos remises<\/li>\n\n\n\n<li>possibilit\u00e9 de cr\u00e9dit commercial et de paiements diff\u00e9r\u00e9s<\/li>\n\n\n\n<li>des r\u00e9ductions de prix \u00a0d\u00e9di\u00e9es aux grossistes<\/li>\n\n\n\n<li>la saisie facile et rapide des adresses de livraison et de facturation<\/li>\n\n\n\n<li>le traitement prioritaire des commandes B2B<\/li>\n\n\n\n<li>l\u2019acc\u00e8s au syst\u00e8me de traitement de commandes preorder<\/li>\n\n\n\n<li>une gamme de produits plus large<\/li>\n\n\n\n<li>des catalogues gratuits en version papier et \u00e9lectronique<\/li>\n\n\n\n<li>l&rsquo;assistance de nos consultants<\/li>\n<\/ul>\n\n\n\n<div class=\"wp-block-buttons is-layout-flex wp-block-buttons-is-layout-flex\">\n<div class=\"wp-block-button full\"><a class=\"wp-block-button__link wp-element-button\" href=\"https:\/\/gryc24.pl\/strefa-b2b.html\">Acc\u00e9der \u00e0 l\u2019espace B2B<\/a><\/div>\n<\/div>\n","protected":false},"excerpt":{"rendered":"<p>Pour les clients professionnels, nous avons pr\u00e9par\u00e9 une offre sp\u00e9ciale B2B disponible dans l\u2019espace B2B. Voici quelques avantages cl\u00e9s dont votre entreprise pourra b\u00e9n\u00e9ficier :<\/p>\n","protected":false},"author":1,"featured_media":1800,"parent":0,"menu_order":35,"comment_status":"closed","ping_status":"closed","template":"template_ecommerce.php","meta":{"_acf_changed":false,"qubely_global_settings":"","qubely_interactions":"","footnotes":""},"class_list":["post-1799","page","type-page","status-publish","has-post-thumbnail","hentry"],"acf":[],"yoast_head":"<!-- This site is optimized with the Yoast SEO plugin v27.2 - https:\/\/yoast.com\/product\/yoast-seo-wordpress\/ -->\n<title>Espace B2B - Hakner<\/title>\n<meta name=\"robots\" content=\"index, follow, max-snippet:-1, max-image-preview:large, max-video-preview:-1\" \/>\n<link rel=\"canonical\" href=\"https:\/\/hakner.eu\/fr\/strefa-b2b\/\" \/>\n<meta property=\"og:locale\" content=\"fr_FR\" \/>\n<meta property=\"og:type\" content=\"article\" \/>\n<meta property=\"og:title\" content=\"Espace B2B - Hakner\" \/>\n<meta property=\"og:description\" content=\"Pour les clients professionnels, nous avons pr\u00e9par\u00e9 une offre sp\u00e9ciale B2B disponible dans l\u2019espace B2B. Voici quelques avantages cl\u00e9s dont votre entreprise pourra b\u00e9n\u00e9ficier :\" \/>\n<meta property=\"og:url\" content=\"https:\/\/hakner.eu\/fr\/strefa-b2b\/\" \/>\n<meta property=\"og:site_name\" content=\"Hakner\" \/>\n<meta property=\"article:modified_time\" content=\"2024-06-05T10:16:38+00:00\" \/>\n<meta property=\"og:image\" content=\"https:\/\/hakner.eu\/wp-content\/uploads\/2022\/12\/b2b.png\" \/>\n\t<meta property=\"og:image:width\" content=\"650\" \/>\n\t<meta property=\"og:image:height\" content=\"597\" \/>\n\t<meta property=\"og:image:type\" content=\"image\/png\" \/>\n<meta name=\"twitter:card\" content=\"summary_large_image\" \/>\n<meta name=\"twitter:label1\" content=\"Dur\u00e9e de lecture estim\u00e9e\" \/>\n\t<meta name=\"twitter:data1\" content=\"1 minute\" \/>\n<script type=\"application\/ld+json\" class=\"yoast-schema-graph\">{\"@context\":\"https:\/\/schema.org\",\"@graph\":[{\"@type\":\"WebPage\",\"@id\":\"https:\/\/hakner.eu\/fr\/strefa-b2b\/\",\"url\":\"https:\/\/hakner.eu\/fr\/strefa-b2b\/\",\"name\":\"Espace B2B - Hakner\",\"isPartOf\":{\"@id\":\"https:\/\/hakner.eu\/#website\"},\"primaryImageOfPage\":{\"@id\":\"https:\/\/hakner.eu\/fr\/strefa-b2b\/#primaryimage\"},\"image\":{\"@id\":\"https:\/\/hakner.eu\/fr\/strefa-b2b\/#primaryimage\"},\"thumbnailUrl\":\"https:\/\/hakner.eu\/wp-content\/uploads\/2022\/12\/b2b.png\",\"datePublished\":\"2022-10-26T13:22:38+00:00\",\"dateModified\":\"2024-06-05T10:16:38+00:00\",\"breadcrumb\":{\"@id\":\"https:\/\/hakner.eu\/fr\/strefa-b2b\/#breadcrumb\"},\"inLanguage\":\"fr-FR\",\"potentialAction\":[{\"@type\":\"ReadAction\",\"target\":[\"https:\/\/hakner.eu\/fr\/strefa-b2b\/\"]}]},{\"@type\":\"ImageObject\",\"inLanguage\":\"fr-FR\",\"@id\":\"https:\/\/hakner.eu\/fr\/strefa-b2b\/#primaryimage\",\"url\":\"https:\/\/hakner.eu\/wp-content\/uploads\/2022\/12\/b2b.png\",\"contentUrl\":\"https:\/\/hakner.eu\/wp-content\/uploads\/2022\/12\/b2b.png\",\"width\":650,\"height\":597},{\"@type\":\"BreadcrumbList\",\"@id\":\"https:\/\/hakner.eu\/fr\/strefa-b2b\/#breadcrumb\",\"itemListElement\":[{\"@type\":\"ListItem\",\"position\":1,\"name\":\"Home\",\"item\":\"https:\/\/hakner.eu\/fr\/\"},{\"@type\":\"ListItem\",\"position\":2,\"name\":\"Espace B2B\"}]},{\"@type\":\"WebSite\",\"@id\":\"https:\/\/hakner.eu\/#website\",\"url\":\"https:\/\/hakner.eu\/\",\"name\":\"Hakner\",\"description\":\"Jako\u015b\u0107 Funkcjonalno\u015b\u0107 Design\",\"potentialAction\":[{\"@type\":\"SearchAction\",\"target\":{\"@type\":\"EntryPoint\",\"urlTemplate\":\"https:\/\/hakner.eu\/?s={search_term_string}\"},\"query-input\":{\"@type\":\"PropertyValueSpecification\",\"valueRequired\":true,\"valueName\":\"search_term_string\"}}],\"inLanguage\":\"fr-FR\"}]}<\/script>\n<!-- \/ Yoast SEO plugin. -->","yoast_head_json":{"title":"Espace B2B - Hakner","robots":{"index":"index","follow":"follow","max-snippet":"max-snippet:-1","max-image-preview":"max-image-preview:large","max-video-preview":"max-video-preview:-1"},"canonical":"https:\/\/hakner.eu\/fr\/strefa-b2b\/","og_locale":"fr_FR","og_type":"article","og_title":"Espace B2B - Hakner","og_description":"Pour les clients professionnels, nous avons pr\u00e9par\u00e9 une offre sp\u00e9ciale B2B disponible dans l\u2019espace B2B. Voici quelques avantages cl\u00e9s dont votre entreprise pourra b\u00e9n\u00e9ficier :","og_url":"https:\/\/hakner.eu\/fr\/strefa-b2b\/","og_site_name":"Hakner","article_modified_time":"2024-06-05T10:16:38+00:00","og_image":[{"width":650,"height":597,"url":"https:\/\/hakner.eu\/wp-content\/uploads\/2022\/12\/b2b.png","type":"image\/png"}],"twitter_card":"summary_large_image","twitter_misc":{"Dur\u00e9e de lecture estim\u00e9e":"1 minute"},"schema":{"@context":"https:\/\/schema.org","@graph":[{"@type":"WebPage","@id":"https:\/\/hakner.eu\/fr\/strefa-b2b\/","url":"https:\/\/hakner.eu\/fr\/strefa-b2b\/","name":"Espace B2B - Hakner","isPartOf":{"@id":"https:\/\/hakner.eu\/#website"},"primaryImageOfPage":{"@id":"https:\/\/hakner.eu\/fr\/strefa-b2b\/#primaryimage"},"image":{"@id":"https:\/\/hakner.eu\/fr\/strefa-b2b\/#primaryimage"},"thumbnailUrl":"https:\/\/hakner.eu\/wp-content\/uploads\/2022\/12\/b2b.png","datePublished":"2022-10-26T13:22:38+00:00","dateModified":"2024-06-05T10:16:38+00:00","breadcrumb":{"@id":"https:\/\/hakner.eu\/fr\/strefa-b2b\/#breadcrumb"},"inLanguage":"fr-FR","potentialAction":[{"@type":"ReadAction","target":["https:\/\/hakner.eu\/fr\/strefa-b2b\/"]}]},{"@type":"ImageObject","inLanguage":"fr-FR","@id":"https:\/\/hakner.eu\/fr\/strefa-b2b\/#primaryimage","url":"https:\/\/hakner.eu\/wp-content\/uploads\/2022\/12\/b2b.png","contentUrl":"https:\/\/hakner.eu\/wp-content\/uploads\/2022\/12\/b2b.png","width":650,"height":597},{"@type":"BreadcrumbList","@id":"https:\/\/hakner.eu\/fr\/strefa-b2b\/#breadcrumb","itemListElement":[{"@type":"ListItem","position":1,"name":"Home","item":"https:\/\/hakner.eu\/fr\/"},{"@type":"ListItem","position":2,"name":"Espace B2B"}]},{"@type":"WebSite","@id":"https:\/\/hakner.eu\/#website","url":"https:\/\/hakner.eu\/","name":"Hakner","description":"Jako\u015b\u0107 Funkcjonalno\u015b\u0107 Design","potentialAction":[{"@type":"SearchAction","target":{"@type":"EntryPoint","urlTemplate":"https:\/\/hakner.eu\/?s={search_term_string}"},"query-input":{"@type":"PropertyValueSpecification","valueRequired":true,"valueName":"search_term_string"}}],"inLanguage":"fr-FR"}]}},"_links":{"self":[{"href":"https:\/\/hakner.eu\/fr\/wp-json\/wp\/v2\/pages\/1799","targetHints":{"allow":["GET"]}}],"collection":[{"href":"https:\/\/hakner.eu\/fr\/wp-json\/wp\/v2\/pages"}],"about":[{"href":"https:\/\/hakner.eu\/fr\/wp-json\/wp\/v2\/types\/page"}],"author":[{"embeddable":true,"href":"https:\/\/hakner.eu\/fr\/wp-json\/wp\/v2\/users\/1"}],"replies":[{"embeddable":true,"href":"https:\/\/hakner.eu\/fr\/wp-json\/wp\/v2\/comments?post=1799"}],"version-history":[{"count":4,"href":"https:\/\/hakner.eu\/fr\/wp-json\/wp\/v2\/pages\/1799\/revisions"}],"predecessor-version":[{"id":1884,"href":"https:\/\/hakner.eu\/fr\/wp-json\/wp\/v2\/pages\/1799\/revisions\/1884"}],"wp:featuredmedia":[{"embeddable":true,"href":"https:\/\/hakner.eu\/fr\/wp-json\/wp\/v2\/media\/1800"}],"wp:attachment":[{"href":"https:\/\/hakner.eu\/fr\/wp-json\/wp\/v2\/media?parent=1799"}],"curies":[{"name":"wp","href":"https:\/\/api.w.org\/{rel}","templated":true}]}}