{"id":1803,"date":"2022-10-26T15:23:04","date_gmt":"2022-10-26T13:23:04","guid":{"rendered":"https:\/\/hakner.eu\/a-propos-de-la-marque\/"},"modified":"2025-02-03T08:41:01","modified_gmt":"2025-02-03T07:41:01","slug":"a-propos-de-la-marque","status":"publish","type":"page","link":"https:\/\/hakner.eu\/fr\/a-propos-de-la-marque\/","title":{"rendered":"\u00c0 propos de la marque"},"content":{"rendered":"\n<p>L&rsquo;exp\u00e9rience ainsi que la qualit\u00e9 et la fonctionnalit\u00e9 des produits sont \u00e0 l&rsquo;origine de la marque HAKNER. Actuellement, nous sommes un leader reconnu dans le domaine de la quincailli\u00e8re utilis\u00e9e dans la production de meubles, d&rsquo;\u00e9quipements sanitaires et d&rsquo;accessoires essentiels pour am\u00e9liorer la fonctionnalit\u00e9 des meubles. Les produits propos\u00e9s par la marque HAKNER sont con\u00e7us \u00e0 partir des mat\u00e9riaux de haute qualit\u00e9 pour offrir un confort optimal et une esth\u00e9tique irr\u00e9prochable en r\u00e9pondant ainsi aux exigences les plus complexes. <\/p>\n\n\n\n<p>La d\u00e9coration d&rsquo;int\u00e9rieur se niche dans chaque d\u00e9tail. Qui joue sur l&rsquo;effet final. C\u2019est pourquoi, pour obtenir une esth\u00e9tique optimale, il est important de n&rsquo;utiliser que des mat\u00e9riaux fonctionnels et de qualit\u00e9. Tous les produits de la marque HAKNER combinent un classique intemporel. Une fabrication de haute qualit\u00e9 et une excellente fonctionnalit\u00e9 ce qui rendent les t\u00e2ches quotidiennes encore plus pratique et confortable. <\/p>\n\n\n\n<p>En pla\u00e7ant la satisfaction du client au c\u0153ur de nos priorit\u00e9s, la marque HAKNER s\u2019engagent sur la qualit\u00e9 des produits et le confort de leur utilisation. <\/p>\n\n\n\n<p><strong>Certificat MUE<\/strong><\/p>\n\n\n\n<p>L\u2019enregistrement de notre marque aupr\u00e8s de l\u2019Office de l\u2019Union europ\u00e9enne pour la propri\u00e9t\u00e9 intellectuelle (EUIPO) a \u00e9t\u00e9 publi\u00e9 au Bulletin des marques de l\u2019Union europ\u00e9enne n\u00b0 2025\/003 du 8 janvier 2025. Il s\u2019agit d&rsquo;une \u00e9tape importante dans le d\u00e9veloppement de notre marque et d\u2019une preuve suppl\u00e9mentaire que Hakner est engag\u00e9 envers le professionnalisme et la s\u00e9curit\u00e9.<\/p>\n\n\n\n<p><strong>Que signifie un certificat MUE ?<\/strong><\/p>\n\n\n\n<p>Le certificat MUE confirme que notre marque est prot\u00e9g\u00e9e dans toute l\u2019Union europ\u00e9enne. Cela signifie :<\/p>\n\n\n\n<ul class=\"wp-block-list\">\n<li><strong>Cr\u00e9dibilit\u00e9<\/strong> \u2013 Notre marque a \u00e9t\u00e9 v\u00e9rifi\u00e9e et enregistr\u00e9e par l\u2019EUIPO.<\/li>\n\n\n\n<li><strong>Protection juridique<\/strong> \u2013 La marque Hakner est prot\u00e9g\u00e9e par la loi, ce qui renforce notre position sur le march\u00e9 et nous permet d\u2019op\u00e9rer encore plus efficacement.<\/li>\n\n\n\n<li><strong>Confiance<\/strong> \u2013 Pour les clients, partenaires et sous-traitants le certificat est une v\u00e9ritable preuve que nous investissons dans la qualit\u00e9 et le d\u00e9veloppement de la marque.<\/li>\n<\/ul>\n\n\n\n<p>Le certificat d\u2019enregistrement est disponible par voie \u00e9lectronique et peut \u00eatre t\u00e9l\u00e9charg\u00e9 et v\u00e9rifi\u00e9 via le site Internet de l\u2019EUIPO.<\/p>\n\n\n\n<p><\/p>\n\n\n\n<div class=\"wp-block-stackable-button-group stk-block-button-group stk-block stk-8225aa8\" data-block-id=\"8225aa8\"><style>.stk-8225aa8 .stk-button-group{flex-direction:row !important;}.stk-8225aa8 {min-height:0px !important;padding-top:0px !important;padding-right:0px !important;padding-bottom:0px !important;padding-left:0px !important;margin-bottom:0px !important;}.stk-8225aa8:hover{padding-top:0px !important;padding-right:0px !important;padding-bottom:0px !important;padding-left:0px !important;}@media screen and (max-width: 1023px){.stk-8225aa8 .stk-button-group{flex-direction:row !important;}}@media screen and (max-width: 767px){.stk-8225aa8 .stk-button-group{flex-direction:row !important;}}<\/style><div class=\"stk-row stk-inner-blocks has-text-align-center stk-block-content stk-button-group\">\n<div class=\"wp-block-stackable-button stk-block-button stk-block-expand__show-button stk-block stk-d01e2ba\" data-block-id=\"d01e2ba\"><style>.stk-d01e2ba .stk-button{padding-top:21px !important;padding-right:40px !important;padding-bottom:21px !important;padding-left:40px !important;background:#e63946 !important;}.stk-d01e2ba .stk-button:hover:after{background:#192e4c !important;opacity:1 !important;}.stk-d01e2ba .stk-button .stk--inner-svg svg:last-child{height:36px !important;width:36px !important;}.stk-d01e2ba .stk-button .stk--inner-svg svg:last-child, .stk-d01e2ba .stk-button .stk--inner-svg svg:last-child :is(g, path, rect, polygon, ellipse){fill:#ffffff !important;}.stk-d01e2ba .stk-button__inner-text{font-size:21px !important;color:#ffffff !important;}@media screen and (max-width: 1023px){.stk-d01e2ba .stk-button__inner-text{font-size:21px !important;}}<\/style><a aria-hidden=\"false\" role=\"button\" aria-expanded=\"false\" class=\"stk-link stk-button stk--hover-effect-darken\" href=\"https:\/\/gryc24.pl\/res\/files\/euipo.pdf\" target=\"_blank\" rel=\"noreferrer noopener\"><span class=\"stk--svg-wrapper\"><div class=\"stk--inner-svg\"><svg xmlns=\"http:\/\/www.w3.org\/2000\/svg\" viewBox=\"0 0 512 512\" aria-hidden=\"true\" width=\"32\" height=\"32\"><path d=\"M0 64C0 28.7 28.7 0 64 0L224 0l0 128c0 17.7 14.3 32 32 32l128 0 0 144-208 0c-35.3 0-64 28.7-64 64l0 144-48 0c-35.3 0-64-28.7-64-64L0 64zm384 64l-128 0L256 0 384 128zM176 352l32 0c30.9 0 56 25.1 56 56s-25.1 56-56 56l-16 0 0 32c0 8.8-7.2 16-16 16s-16-7.2-16-16l0-48 0-80c0-8.8 7.2-16 16-16zm32 80c13.3 0 24-10.7 24-24s-10.7-24-24-24l-16 0 0 48 16 0zm96-80l32 0c26.5 0 48 21.5 48 48l0 64c0 26.5-21.5 48-48 48l-32 0c-8.8 0-16-7.2-16-16l0-128c0-8.8 7.2-16 16-16zm32 128c8.8 0 16-7.2 16-16l0-64c0-8.8-7.2-16-16-16l-16 0 0 96 16 0zm80-112c0-8.8 7.2-16 16-16l48 0c8.8 0 16 7.2 16 16s-7.2 16-16 16l-32 0 0 32 32 0c8.8 0 16 7.2 16 16s-7.2 16-16 16l-32 0 0 48c0 8.8-7.2 16-16 16s-16-7.2-16-16l0-64 0-64z\"><\/path><\/svg><\/div><\/span><span class=\"has-text-color stk-button__inner-text\">Afficher le certificat<\/span><\/a><\/div>\n<\/div><\/div>\n","protected":false},"excerpt":{"rendered":"<p>L&rsquo;exp\u00e9rience ainsi que la qualit\u00e9 et la fonctionnalit\u00e9 des produits sont \u00e0 l&rsquo;origine de la marque HAKNER. Actuellement, nous sommes un leader reconnu dans le domaine de la quincailli\u00e8re utilis\u00e9e dans la production de meubles, d&rsquo;\u00e9quipements sanitaires et d&rsquo;accessoires essentiels pour am\u00e9liorer la fonctionnalit\u00e9 des meubles. Les produits propos\u00e9s par la marque HAKNER sont con\u00e7us [&hellip;]<\/p>\n","protected":false},"author":1,"featured_media":0,"parent":0,"menu_order":52,"comment_status":"closed","ping_status":"closed","template":"","meta":{"_acf_changed":false,"qubely_global_settings":"","qubely_interactions":"","footnotes":""},"class_list":["post-1803","page","type-page","status-publish","hentry"],"acf":[],"yoast_head":"<!-- This site is optimized with the Yoast SEO plugin v27.2 - https:\/\/yoast.com\/product\/yoast-seo-wordpress\/ -->\n<title>\u00c0 propos de la marque - Hakner<\/title>\n<meta name=\"robots\" content=\"index, follow, max-snippet:-1, max-image-preview:large, max-video-preview:-1\" \/>\n<link rel=\"canonical\" href=\"https:\/\/hakner.eu\/fr\/a-propos-de-la-marque\/\" \/>\n<meta property=\"og:locale\" content=\"fr_FR\" \/>\n<meta property=\"og:type\" content=\"article\" \/>\n<meta property=\"og:title\" content=\"\u00c0 propos de la marque - Hakner\" \/>\n<meta property=\"og:description\" content=\"L&rsquo;exp\u00e9rience ainsi que la qualit\u00e9 et la fonctionnalit\u00e9 des produits sont \u00e0 l&rsquo;origine de la marque HAKNER. Actuellement, nous sommes un leader reconnu dans le domaine de la quincailli\u00e8re utilis\u00e9e dans la production de meubles, d&rsquo;\u00e9quipements sanitaires et d&rsquo;accessoires essentiels pour am\u00e9liorer la fonctionnalit\u00e9 des meubles. Les produits propos\u00e9s par la marque HAKNER sont con\u00e7us [&hellip;]\" \/>\n<meta property=\"og:url\" content=\"https:\/\/hakner.eu\/fr\/a-propos-de-la-marque\/\" \/>\n<meta property=\"og:site_name\" content=\"Hakner\" \/>\n<meta property=\"article:modified_time\" content=\"2025-02-03T07:41:01+00:00\" \/>\n<meta name=\"twitter:card\" content=\"summary_large_image\" \/>\n<meta name=\"twitter:label1\" content=\"Dur\u00e9e de lecture estim\u00e9e\" \/>\n\t<meta name=\"twitter:data1\" content=\"2 minutes\" \/>\n<script type=\"application\/ld+json\" class=\"yoast-schema-graph\">{\"@context\":\"https:\/\/schema.org\",\"@graph\":[{\"@type\":\"WebPage\",\"@id\":\"https:\/\/hakner.eu\/fr\/a-propos-de-la-marque\/\",\"url\":\"https:\/\/hakner.eu\/fr\/a-propos-de-la-marque\/\",\"name\":\"\u00c0 propos de la marque - Hakner\",\"isPartOf\":{\"@id\":\"https:\/\/hakner.eu\/#website\"},\"datePublished\":\"2022-10-26T13:23:04+00:00\",\"dateModified\":\"2025-02-03T07:41:01+00:00\",\"breadcrumb\":{\"@id\":\"https:\/\/hakner.eu\/fr\/a-propos-de-la-marque\/#breadcrumb\"},\"inLanguage\":\"fr-FR\",\"potentialAction\":[{\"@type\":\"ReadAction\",\"target\":[\"https:\/\/hakner.eu\/fr\/a-propos-de-la-marque\/\"]}]},{\"@type\":\"BreadcrumbList\",\"@id\":\"https:\/\/hakner.eu\/fr\/a-propos-de-la-marque\/#breadcrumb\",\"itemListElement\":[{\"@type\":\"ListItem\",\"position\":1,\"name\":\"Home\",\"item\":\"https:\/\/hakner.eu\/fr\/\"},{\"@type\":\"ListItem\",\"position\":2,\"name\":\"\u00c0 propos de la marque\"}]},{\"@type\":\"WebSite\",\"@id\":\"https:\/\/hakner.eu\/#website\",\"url\":\"https:\/\/hakner.eu\/\",\"name\":\"Hakner\",\"description\":\"Jako\u015b\u0107 Funkcjonalno\u015b\u0107 Design\",\"potentialAction\":[{\"@type\":\"SearchAction\",\"target\":{\"@type\":\"EntryPoint\",\"urlTemplate\":\"https:\/\/hakner.eu\/?s={search_term_string}\"},\"query-input\":{\"@type\":\"PropertyValueSpecification\",\"valueRequired\":true,\"valueName\":\"search_term_string\"}}],\"inLanguage\":\"fr-FR\"}]}<\/script>\n<!-- \/ Yoast SEO plugin. -->","yoast_head_json":{"title":"\u00c0 propos de la marque - Hakner","robots":{"index":"index","follow":"follow","max-snippet":"max-snippet:-1","max-image-preview":"max-image-preview:large","max-video-preview":"max-video-preview:-1"},"canonical":"https:\/\/hakner.eu\/fr\/a-propos-de-la-marque\/","og_locale":"fr_FR","og_type":"article","og_title":"\u00c0 propos de la marque - Hakner","og_description":"L&rsquo;exp\u00e9rience ainsi que la qualit\u00e9 et la fonctionnalit\u00e9 des produits sont \u00e0 l&rsquo;origine de la marque HAKNER. Actuellement, nous sommes un leader reconnu dans le domaine de la quincailli\u00e8re utilis\u00e9e dans la production de meubles, d&rsquo;\u00e9quipements sanitaires et d&rsquo;accessoires essentiels pour am\u00e9liorer la fonctionnalit\u00e9 des meubles. Les produits propos\u00e9s par la marque HAKNER sont con\u00e7us [&hellip;]","og_url":"https:\/\/hakner.eu\/fr\/a-propos-de-la-marque\/","og_site_name":"Hakner","article_modified_time":"2025-02-03T07:41:01+00:00","twitter_card":"summary_large_image","twitter_misc":{"Dur\u00e9e de lecture estim\u00e9e":"2 minutes"},"schema":{"@context":"https:\/\/schema.org","@graph":[{"@type":"WebPage","@id":"https:\/\/hakner.eu\/fr\/a-propos-de-la-marque\/","url":"https:\/\/hakner.eu\/fr\/a-propos-de-la-marque\/","name":"\u00c0 propos de la marque - Hakner","isPartOf":{"@id":"https:\/\/hakner.eu\/#website"},"datePublished":"2022-10-26T13:23:04+00:00","dateModified":"2025-02-03T07:41:01+00:00","breadcrumb":{"@id":"https:\/\/hakner.eu\/fr\/a-propos-de-la-marque\/#breadcrumb"},"inLanguage":"fr-FR","potentialAction":[{"@type":"ReadAction","target":["https:\/\/hakner.eu\/fr\/a-propos-de-la-marque\/"]}]},{"@type":"BreadcrumbList","@id":"https:\/\/hakner.eu\/fr\/a-propos-de-la-marque\/#breadcrumb","itemListElement":[{"@type":"ListItem","position":1,"name":"Home","item":"https:\/\/hakner.eu\/fr\/"},{"@type":"ListItem","position":2,"name":"\u00c0 propos de la marque"}]},{"@type":"WebSite","@id":"https:\/\/hakner.eu\/#website","url":"https:\/\/hakner.eu\/","name":"Hakner","description":"Jako\u015b\u0107 Funkcjonalno\u015b\u0107 Design","potentialAction":[{"@type":"SearchAction","target":{"@type":"EntryPoint","urlTemplate":"https:\/\/hakner.eu\/?s={search_term_string}"},"query-input":{"@type":"PropertyValueSpecification","valueRequired":true,"valueName":"search_term_string"}}],"inLanguage":"fr-FR"}]}},"_links":{"self":[{"href":"https:\/\/hakner.eu\/fr\/wp-json\/wp\/v2\/pages\/1803","targetHints":{"allow":["GET"]}}],"collection":[{"href":"https:\/\/hakner.eu\/fr\/wp-json\/wp\/v2\/pages"}],"about":[{"href":"https:\/\/hakner.eu\/fr\/wp-json\/wp\/v2\/types\/page"}],"author":[{"embeddable":true,"href":"https:\/\/hakner.eu\/fr\/wp-json\/wp\/v2\/users\/1"}],"replies":[{"embeddable":true,"href":"https:\/\/hakner.eu\/fr\/wp-json\/wp\/v2\/comments?post=1803"}],"version-history":[{"count":4,"href":"https:\/\/hakner.eu\/fr\/wp-json\/wp\/v2\/pages\/1803\/revisions"}],"predecessor-version":[{"id":7002,"href":"https:\/\/hakner.eu\/fr\/wp-json\/wp\/v2\/pages\/1803\/revisions\/7002"}],"wp:attachment":[{"href":"https:\/\/hakner.eu\/fr\/wp-json\/wp\/v2\/media?parent=1803"}],"curies":[{"name":"wp","href":"https:\/\/api.w.org\/{rel}","templated":true}]}}