{"id":1200,"date":"2022-10-24T20:37:00","date_gmt":"2022-10-24T18:37:00","guid":{"rendered":"https:\/\/hakner.eu\/pagina-de-pornire\/"},"modified":"2025-09-19T14:57:10","modified_gmt":"2025-09-19T12:57:10","slug":"strona-glowna","status":"publish","type":"page","link":"https:\/\/hakner.eu\/ro\/","title":{"rendered":"Pagina de pornire"},"content":{"rendered":"<!-- BOX-END -->","protected":false},"excerpt":{"rendered":"","protected":false},"author":1,"featured_media":0,"parent":0,"menu_order":78,"comment_status":"closed","ping_status":"closed","template":"","meta":{"_acf_changed":false,"qubely_global_settings":"","qubely_interactions":"","footnotes":""},"class_list":["post-1200","page","type-page","status-publish","hentry"],"acf":[],"yoast_head":"<!-- This site is optimized with the Yoast SEO plugin v27.2 - https:\/\/yoast.com\/product\/yoast-seo-wordpress\/ -->\n<title>Hakner - Jako\u015b\u0107 Funkcjonalno\u015b\u0107 Design<\/title>\n<meta name=\"robots\" content=\"index, follow, max-snippet:-1, max-image-preview:large, max-video-preview:-1\" \/>\n<link rel=\"canonical\" href=\"https:\/\/hakner.eu\/ro\/\" \/>\n<meta property=\"og:locale\" content=\"ro_RO\" \/>\n<meta property=\"og:type\" content=\"article\" \/>\n<meta property=\"og:title\" content=\"Hakner - Jako\u015b\u0107 Funkcjonalno\u015b\u0107 Design\" \/>\n<meta property=\"og:url\" content=\"https:\/\/hakner.eu\/ro\/\" \/>\n<meta property=\"og:site_name\" content=\"Hakner\" \/>\n<meta property=\"article:modified_time\" content=\"2025-09-19T12:57:10+00:00\" \/>\n<meta name=\"twitter:card\" content=\"summary_large_image\" \/>\n<script type=\"application\/ld+json\" class=\"yoast-schema-graph\">{\"@context\":\"https:\/\/schema.org\",\"@graph\":[{\"@type\":\"WebPage\",\"@id\":\"https:\/\/hakner.eu\/ro\/\",\"url\":\"https:\/\/hakner.eu\/ro\/\",\"name\":\"Hakner - Jako\u015b\u0107 Funkcjonalno\u015b\u0107 Design\",\"isPartOf\":{\"@id\":\"https:\/\/hakner.eu\/#website\"},\"datePublished\":\"2022-10-24T18:37:00+00:00\",\"dateModified\":\"2025-09-19T12:57:10+00:00\",\"breadcrumb\":{\"@id\":\"https:\/\/hakner.eu\/ro\/#breadcrumb\"},\"inLanguage\":\"ro-RO\",\"potentialAction\":[{\"@type\":\"ReadAction\",\"target\":[\"https:\/\/hakner.eu\/ro\/\"]}]},{\"@type\":\"BreadcrumbList\",\"@id\":\"https:\/\/hakner.eu\/ro\/#breadcrumb\",\"itemListElement\":[{\"@type\":\"ListItem\",\"position\":1,\"name\":\"Home\",\"item\":\"https:\/\/hakner.eu\/ro\/\"},{\"@type\":\"ListItem\",\"position\":2,\"name\":\"Pagina de pornire\"}]},{\"@type\":\"WebSite\",\"@id\":\"https:\/\/hakner.eu\/#website\",\"url\":\"https:\/\/hakner.eu\/\",\"name\":\"Hakner\",\"description\":\"Jako\u015b\u0107 Funkcjonalno\u015b\u0107 Design\",\"potentialAction\":[{\"@type\":\"SearchAction\",\"target\":{\"@type\":\"EntryPoint\",\"urlTemplate\":\"https:\/\/hakner.eu\/?s={search_term_string}\"},\"query-input\":{\"@type\":\"PropertyValueSpecification\",\"valueRequired\":true,\"valueName\":\"search_term_string\"}}],\"inLanguage\":\"ro-RO\"}]}<\/script>\n<!-- \/ Yoast SEO plugin. -->","yoast_head_json":{"title":"Hakner - Jako\u015b\u0107 Funkcjonalno\u015b\u0107 Design","robots":{"index":"index","follow":"follow","max-snippet":"max-snippet:-1","max-image-preview":"max-image-preview:large","max-video-preview":"max-video-preview:-1"},"canonical":"https:\/\/hakner.eu\/ro\/","og_locale":"ro_RO","og_type":"article","og_title":"Hakner - Jako\u015b\u0107 Funkcjonalno\u015b\u0107 Design","og_url":"https:\/\/hakner.eu\/ro\/","og_site_name":"Hakner","article_modified_time":"2025-09-19T12:57:10+00:00","twitter_card":"summary_large_image","schema":{"@context":"https:\/\/schema.org","@graph":[{"@type":"WebPage","@id":"https:\/\/hakner.eu\/ro\/","url":"https:\/\/hakner.eu\/ro\/","name":"Hakner - Jako\u015b\u0107 Funkcjonalno\u015b\u0107 Design","isPartOf":{"@id":"https:\/\/hakner.eu\/#website"},"datePublished":"2022-10-24T18:37:00+00:00","dateModified":"2025-09-19T12:57:10+00:00","breadcrumb":{"@id":"https:\/\/hakner.eu\/ro\/#breadcrumb"},"inLanguage":"ro-RO","potentialAction":[{"@type":"ReadAction","target":["https:\/\/hakner.eu\/ro\/"]}]},{"@type":"BreadcrumbList","@id":"https:\/\/hakner.eu\/ro\/#breadcrumb","itemListElement":[{"@type":"ListItem","position":1,"name":"Home","item":"https:\/\/hakner.eu\/ro\/"},{"@type":"ListItem","position":2,"name":"Pagina de pornire"}]},{"@type":"WebSite","@id":"https:\/\/hakner.eu\/#website","url":"https:\/\/hakner.eu\/","name":"Hakner","description":"Jako\u015b\u0107 Funkcjonalno\u015b\u0107 Design","potentialAction":[{"@type":"SearchAction","target":{"@type":"EntryPoint","urlTemplate":"https:\/\/hakner.eu\/?s={search_term_string}"},"query-input":{"@type":"PropertyValueSpecification","valueRequired":true,"valueName":"search_term_string"}}],"inLanguage":"ro-RO"}]}},"_links":{"self":[{"href":"https:\/\/hakner.eu\/ro\/wp-json\/wp\/v2\/pages\/1200","targetHints":{"allow":["GET"]}}],"collection":[{"href":"https:\/\/hakner.eu\/ro\/wp-json\/wp\/v2\/pages"}],"about":[{"href":"https:\/\/hakner.eu\/ro\/wp-json\/wp\/v2\/types\/page"}],"author":[{"embeddable":true,"href":"https:\/\/hakner.eu\/ro\/wp-json\/wp\/v2\/users\/1"}],"replies":[{"embeddable":true,"href":"https:\/\/hakner.eu\/ro\/wp-json\/wp\/v2\/comments?post=1200"}],"version-history":[{"count":19,"href":"https:\/\/hakner.eu\/ro\/wp-json\/wp\/v2\/pages\/1200\/revisions"}],"predecessor-version":[{"id":7497,"href":"https:\/\/hakner.eu\/ro\/wp-json\/wp\/v2\/pages\/1200\/revisions\/7497"}],"wp:attachment":[{"href":"https:\/\/hakner.eu\/ro\/wp-json\/wp\/v2\/media?parent=1200"}],"curies":[{"name":"wp","href":"https:\/\/api.w.org\/{rel}","templated":true}]}}