{"id":1266,"date":"2022-10-24T20:37:17","date_gmt":"2022-10-24T18:37:17","guid":{"rendered":"https:\/\/hakner.eu\/magazin-online\/"},"modified":"2023-08-21T13:26:55","modified_gmt":"2023-08-21T11:26:55","slug":"sklep-internetowy","status":"publish","type":"page","link":"https:\/\/hakner.eu\/ro\/sklep-internetowy\/","title":{"rendered":"Magazin online\u00a0"},"content":{"rendered":"\n<p>Magazinul nostru online este cea mai bun\u0103 alegere pentru clien\u021bii care au nevoie de accesorii de mobilier pentru a-\u0219i repara sau asambla propriul mobilier.\u00a0Gama larg\u0103 va satisface nevoile pasiona\u021bilor de bricolaj de acas\u0103 \u0219i ale t\u00e2mplarilor profesioni\u0219ti deopotriv\u0103. Pute\u021bi cump\u0103ra toate accesoriile de care ave\u021bi nevoie \u00een magazinul nostru!\u00a0<\/p>\n\n\n\n<ul class=\"wp-block-list\">\n<li>Consultan\u021b\u0103 de specialitate\u00a0<\/li>\n\n\n\n<li>22 de ani de experien\u021b\u0103\u00a0<\/li>\n\n\n\n<li>Livrare \u00een 24 de ore\u00a0<\/li>\n\n\n\n<li>Produse \u00eemp\u0103r\u021bite \u00een categorii intuitive\u00a0<\/li>\n<\/ul>\n\n\n\n<div class=\"wp-block-buttons is-layout-flex wp-block-buttons-is-layout-flex\">\n<div class=\"wp-block-button full\"><a class=\"wp-block-button__link wp-element-button\" href=\"https:\/\/gryc24.pl\/\"><strong>Mergi la magazin\u00a0<\/strong><\/a><\/div>\n<\/div>\n","protected":false},"excerpt":{"rendered":"<p>Magazinul nostru online este cea mai bun\u0103 alegere pentru clien\u021bii care au nevoie de accesorii de mobilier pentru a-\u0219i repara sau asambla propriul mobilier.\u00a0Gama larg\u0103 va satisface nevoile pasiona\u021bilor de bricolaj de acas\u0103 \u0219i ale t\u00e2mplarilor profesioni\u0219ti deopotriv\u0103. Pute\u021bi cump\u0103ra toate accesoriile de care ave\u021bi nevoie \u00een magazinul nostru!\u00a0<\/p>\n","protected":false},"author":1,"featured_media":1267,"parent":0,"menu_order":47,"comment_status":"closed","ping_status":"closed","template":"template_ecommerce.php","meta":{"_acf_changed":false,"qubely_global_settings":"","qubely_interactions":"","footnotes":""},"class_list":["post-1266","page","type-page","status-publish","has-post-thumbnail","hentry"],"acf":[],"yoast_head":"<!-- This site is optimized with the Yoast SEO plugin v27.2 - https:\/\/yoast.com\/product\/yoast-seo-wordpress\/ -->\n<title>Magazin online\u00a0 - Hakner<\/title>\n<meta name=\"robots\" content=\"index, follow, max-snippet:-1, max-image-preview:large, max-video-preview:-1\" \/>\n<link rel=\"canonical\" href=\"https:\/\/hakner.eu\/ro\/sklep-internetowy\/\" \/>\n<meta property=\"og:locale\" content=\"ro_RO\" \/>\n<meta property=\"og:type\" content=\"article\" \/>\n<meta property=\"og:title\" content=\"Magazin online\u00a0 - Hakner\" \/>\n<meta property=\"og:description\" content=\"Magazinul nostru online este cea mai bun\u0103 alegere pentru clien\u021bii care au nevoie de accesorii de mobilier pentru a-\u0219i repara sau asambla propriul mobilier.\u00a0Gama larg\u0103 va satisface nevoile pasiona\u021bilor de bricolaj de acas\u0103 \u0219i ale t\u00e2mplarilor profesioni\u0219ti deopotriv\u0103. Pute\u021bi cump\u0103ra toate accesoriile de care ave\u021bi nevoie \u00een magazinul nostru!\u00a0\" \/>\n<meta property=\"og:url\" content=\"https:\/\/hakner.eu\/ro\/sklep-internetowy\/\" \/>\n<meta property=\"og:site_name\" content=\"Hakner\" \/>\n<meta property=\"article:modified_time\" content=\"2023-08-21T11:26:55+00:00\" \/>\n<meta property=\"og:image\" content=\"https:\/\/hakner.eu\/wp-content\/uploads\/2022\/10\/image.png\" \/>\n\t<meta property=\"og:image:width\" content=\"650\" \/>\n\t<meta property=\"og:image:height\" content=\"597\" \/>\n\t<meta property=\"og:image:type\" content=\"image\/png\" \/>\n<meta name=\"twitter:card\" content=\"summary_large_image\" \/>\n<meta name=\"twitter:label1\" content=\"Timp estimat pentru citire\" \/>\n\t<meta name=\"twitter:data1\" content=\"1 minut\" \/>\n<script type=\"application\/ld+json\" class=\"yoast-schema-graph\">{\"@context\":\"https:\/\/schema.org\",\"@graph\":[{\"@type\":\"WebPage\",\"@id\":\"https:\/\/hakner.eu\/ro\/sklep-internetowy\/\",\"url\":\"https:\/\/hakner.eu\/ro\/sklep-internetowy\/\",\"name\":\"Magazin online\u00a0 - Hakner\",\"isPartOf\":{\"@id\":\"https:\/\/hakner.eu\/#website\"},\"primaryImageOfPage\":{\"@id\":\"https:\/\/hakner.eu\/ro\/sklep-internetowy\/#primaryimage\"},\"image\":{\"@id\":\"https:\/\/hakner.eu\/ro\/sklep-internetowy\/#primaryimage\"},\"thumbnailUrl\":\"https:\/\/hakner.eu\/wp-content\/uploads\/2022\/10\/image.png\",\"datePublished\":\"2022-10-24T18:37:17+00:00\",\"dateModified\":\"2023-08-21T11:26:55+00:00\",\"breadcrumb\":{\"@id\":\"https:\/\/hakner.eu\/ro\/sklep-internetowy\/#breadcrumb\"},\"inLanguage\":\"ro-RO\",\"potentialAction\":[{\"@type\":\"ReadAction\",\"target\":[\"https:\/\/hakner.eu\/ro\/sklep-internetowy\/\"]}]},{\"@type\":\"ImageObject\",\"inLanguage\":\"ro-RO\",\"@id\":\"https:\/\/hakner.eu\/ro\/sklep-internetowy\/#primaryimage\",\"url\":\"https:\/\/hakner.eu\/wp-content\/uploads\/2022\/10\/image.png\",\"contentUrl\":\"https:\/\/hakner.eu\/wp-content\/uploads\/2022\/10\/image.png\",\"width\":650,\"height\":597},{\"@type\":\"BreadcrumbList\",\"@id\":\"https:\/\/hakner.eu\/ro\/sklep-internetowy\/#breadcrumb\",\"itemListElement\":[{\"@type\":\"ListItem\",\"position\":1,\"name\":\"Home\",\"item\":\"https:\/\/hakner.eu\/ro\/\"},{\"@type\":\"ListItem\",\"position\":2,\"name\":\"Magazin online\u00a0\"}]},{\"@type\":\"WebSite\",\"@id\":\"https:\/\/hakner.eu\/#website\",\"url\":\"https:\/\/hakner.eu\/\",\"name\":\"Hakner\",\"description\":\"Jako\u015b\u0107 Funkcjonalno\u015b\u0107 Design\",\"potentialAction\":[{\"@type\":\"SearchAction\",\"target\":{\"@type\":\"EntryPoint\",\"urlTemplate\":\"https:\/\/hakner.eu\/?s={search_term_string}\"},\"query-input\":{\"@type\":\"PropertyValueSpecification\",\"valueRequired\":true,\"valueName\":\"search_term_string\"}}],\"inLanguage\":\"ro-RO\"}]}<\/script>\n<!-- \/ Yoast SEO plugin. -->","yoast_head_json":{"title":"Magazin online\u00a0 - Hakner","robots":{"index":"index","follow":"follow","max-snippet":"max-snippet:-1","max-image-preview":"max-image-preview:large","max-video-preview":"max-video-preview:-1"},"canonical":"https:\/\/hakner.eu\/ro\/sklep-internetowy\/","og_locale":"ro_RO","og_type":"article","og_title":"Magazin online\u00a0 - Hakner","og_description":"Magazinul nostru online este cea mai bun\u0103 alegere pentru clien\u021bii care au nevoie de accesorii de mobilier pentru a-\u0219i repara sau asambla propriul mobilier.\u00a0Gama larg\u0103 va satisface nevoile pasiona\u021bilor de bricolaj de acas\u0103 \u0219i ale t\u00e2mplarilor profesioni\u0219ti deopotriv\u0103. Pute\u021bi cump\u0103ra toate accesoriile de care ave\u021bi nevoie \u00een magazinul nostru!\u00a0","og_url":"https:\/\/hakner.eu\/ro\/sklep-internetowy\/","og_site_name":"Hakner","article_modified_time":"2023-08-21T11:26:55+00:00","og_image":[{"width":650,"height":597,"url":"https:\/\/hakner.eu\/wp-content\/uploads\/2022\/10\/image.png","type":"image\/png"}],"twitter_card":"summary_large_image","twitter_misc":{"Timp estimat pentru citire":"1 minut"},"schema":{"@context":"https:\/\/schema.org","@graph":[{"@type":"WebPage","@id":"https:\/\/hakner.eu\/ro\/sklep-internetowy\/","url":"https:\/\/hakner.eu\/ro\/sklep-internetowy\/","name":"Magazin online\u00a0 - Hakner","isPartOf":{"@id":"https:\/\/hakner.eu\/#website"},"primaryImageOfPage":{"@id":"https:\/\/hakner.eu\/ro\/sklep-internetowy\/#primaryimage"},"image":{"@id":"https:\/\/hakner.eu\/ro\/sklep-internetowy\/#primaryimage"},"thumbnailUrl":"https:\/\/hakner.eu\/wp-content\/uploads\/2022\/10\/image.png","datePublished":"2022-10-24T18:37:17+00:00","dateModified":"2023-08-21T11:26:55+00:00","breadcrumb":{"@id":"https:\/\/hakner.eu\/ro\/sklep-internetowy\/#breadcrumb"},"inLanguage":"ro-RO","potentialAction":[{"@type":"ReadAction","target":["https:\/\/hakner.eu\/ro\/sklep-internetowy\/"]}]},{"@type":"ImageObject","inLanguage":"ro-RO","@id":"https:\/\/hakner.eu\/ro\/sklep-internetowy\/#primaryimage","url":"https:\/\/hakner.eu\/wp-content\/uploads\/2022\/10\/image.png","contentUrl":"https:\/\/hakner.eu\/wp-content\/uploads\/2022\/10\/image.png","width":650,"height":597},{"@type":"BreadcrumbList","@id":"https:\/\/hakner.eu\/ro\/sklep-internetowy\/#breadcrumb","itemListElement":[{"@type":"ListItem","position":1,"name":"Home","item":"https:\/\/hakner.eu\/ro\/"},{"@type":"ListItem","position":2,"name":"Magazin online\u00a0"}]},{"@type":"WebSite","@id":"https:\/\/hakner.eu\/#website","url":"https:\/\/hakner.eu\/","name":"Hakner","description":"Jako\u015b\u0107 Funkcjonalno\u015b\u0107 Design","potentialAction":[{"@type":"SearchAction","target":{"@type":"EntryPoint","urlTemplate":"https:\/\/hakner.eu\/?s={search_term_string}"},"query-input":{"@type":"PropertyValueSpecification","valueRequired":true,"valueName":"search_term_string"}}],"inLanguage":"ro-RO"}]}},"_links":{"self":[{"href":"https:\/\/hakner.eu\/ro\/wp-json\/wp\/v2\/pages\/1266","targetHints":{"allow":["GET"]}}],"collection":[{"href":"https:\/\/hakner.eu\/ro\/wp-json\/wp\/v2\/pages"}],"about":[{"href":"https:\/\/hakner.eu\/ro\/wp-json\/wp\/v2\/types\/page"}],"author":[{"embeddable":true,"href":"https:\/\/hakner.eu\/ro\/wp-json\/wp\/v2\/users\/1"}],"replies":[{"embeddable":true,"href":"https:\/\/hakner.eu\/ro\/wp-json\/wp\/v2\/comments?post=1266"}],"version-history":[{"count":6,"href":"https:\/\/hakner.eu\/ro\/wp-json\/wp\/v2\/pages\/1266\/revisions"}],"predecessor-version":[{"id":1416,"href":"https:\/\/hakner.eu\/ro\/wp-json\/wp\/v2\/pages\/1266\/revisions\/1416"}],"wp:featuredmedia":[{"embeddable":true,"href":"https:\/\/hakner.eu\/ro\/wp-json\/wp\/v2\/media\/1267"}],"wp:attachment":[{"href":"https:\/\/hakner.eu\/ro\/wp-json\/wp\/v2\/media?parent=1266"}],"curies":[{"name":"wp","href":"https:\/\/api.w.org\/{rel}","templated":true}]}}