{"id":1280,"date":"2022-10-26T15:23:04","date_gmt":"2022-10-26T13:23:04","guid":{"rendered":"https:\/\/hakner.eu\/despre-marca\/"},"modified":"2025-02-03T08:46:33","modified_gmt":"2025-02-03T07:46:33","slug":"despre-marca","status":"publish","type":"page","link":"https:\/\/hakner.eu\/ro\/despre-marca\/","title":{"rendered":"Despre marc\u0103"},"content":{"rendered":"\n<p>Experien\u021ba, calitatea produselor \u0219i func\u021bionalitatea acestora stau la baza brandului HAKNER. \u00cen prezent, suntem un partener \u0219i furnizor de frunte de accesorii pentru mobilier, obiecte sanitare \u0219i accesorii pentru a sprijini func\u021bionalitatea mobilierului. Datorit\u0103 calit\u0103\u021bii ridicate, produsele oferite sub marca HAKNER vor asigura confortul de utilizare \u0219i estetica, precum \u0219i satisfacerea cerin\u021belor ridicate ale clien\u021bilor no\u0219tri. <\/p>\n\n\n\n<p>\u00cen designul interior, detaliile sunt cele care conteaz\u0103. Acestea afecteaz\u0103 \u00eentotdeauna rezultatul final, astfel \u00eenc\u00e2t, pentru a ob\u021bine cea mai \u00eenalt\u0103 estetic\u0103, merit\u0103 s\u0103 folosi\u021bi numai elemente calitative \u0219i func\u021bionale. Toate produsele HAKNER combin\u0103 clasicii atemporali, cea mai \u00eenalt\u0103 calitate a manoperei cu func\u021bionalitatea excelent\u0103. Datorit\u0103 lor, activit\u0103\u021bile de zi cu zi devin mai u\u0219oare \u0219i chiar mai convenabile. <\/p>\n\n\n\n<p>Scopul m\u0103rcii HAKNER este de a furniza bunuri care vor influen\u021ba \u00een mod pozitiv satisfac\u021bia clien\u021bilor no\u0219tri \u0219i de a crea cele mai bune condi\u021bii pentru ca ace\u0219tia s\u0103 utilizeze confortabil produsele. <\/p>\n\n\n\n<p><strong>Certificat ZTUE<\/strong><\/p>\n\n\n\n<p>\u00cenregistrarea m\u0103rcii noastre la Oficiul Uniunii Europene de Proprietate Intelectual\u0103 (EUIPO) a fost publicat\u0103 \u00een Buletinul M\u0103rcilor Uniunii Europene nr. 2025\/003 \u00een data de 8 ianuarie 2025. Acesta este un pas important \u00een dezvoltarea m\u0103rcii noastre \u0219i o dovad\u0103 suplimentar\u0103 c\u0103 Hakner se concentreaz\u0103 pe profesionalism \u0219i siguran\u021b\u0103.<\/p>\n\n\n\n<p><strong>Ce \u00eenseamn\u0103 un certificat ZTUE?<\/strong><\/p>\n\n\n\n<p>Certificatul de marc\u0103 ZTUE este confirmarea faptului c\u0103 marca noastr\u0103 comercial\u0103 este protejat\u0103 \u00een \u00eentreaga Uniune European\u0103. Acest lucru \u00eenseamn\u0103:<\/p>\n\n\n\n<ul class=\"wp-block-list\">\n<li><strong>Credibilitate<\/strong> \u2013 Marca noastr\u0103 a fost verificat\u0103 \u0219i \u00eenregistrat\u0103 de EUIPO.<\/li>\n\n\n\n<li><strong>Protec\u021bie juridic\u0103<\/strong> \u2013 Marca comercial\u0103 Hakner este protejat\u0103 din punct de vedere legal, ceea ce ne \u00eent\u0103re\u0219te pozi\u021bia pe pia\u021b\u0103 \u0219i ne permite s\u0103 func\u021bion\u0103m \u0219i mai eficient.<\/li>\n\n\n\n<li><strong>\u00cencredere<\/strong> \u2013 Pentru clien\u021bi, parteneri \u0219i colaboratori, certificatul este dovada real\u0103 c\u0103 investim \u00een calitatea \u0219i dezvoltarea m\u0103rcii.<\/li>\n<\/ul>\n\n\n\n<p>Certificatul de \u00eenregistrare este disponibil \u00een format electronic \u0219i poate fi desc\u0103rcat \u0219i verificat prin intermediul site-ului web EUIPO.<\/p>\n\n\n\n<div style=\"height:49px\" aria-hidden=\"true\" class=\"wp-block-spacer\"><\/div>\n\n\n\n<div class=\"wp-block-stackable-button-group stk-block-button-group stk-block stk-8225aa8\" data-block-id=\"8225aa8\"><style>.stk-8225aa8 .stk-button-group{flex-direction:row !important;}.stk-8225aa8 {min-height:0px !important;padding-top:0px !important;padding-right:0px !important;padding-bottom:0px !important;padding-left:0px !important;margin-bottom:0px !important;}.stk-8225aa8:hover{padding-top:0px !important;padding-right:0px !important;padding-bottom:0px !important;padding-left:0px !important;}@media screen and (max-width: 1023px){.stk-8225aa8 .stk-button-group{flex-direction:row !important;}}@media screen and (max-width: 767px){.stk-8225aa8 .stk-button-group{flex-direction:row !important;}}<\/style><div class=\"stk-row stk-inner-blocks has-text-align-center stk-block-content stk-button-group\">\n<div class=\"wp-block-stackable-button stk-block-button stk-block-expand__show-button stk-block stk-d01e2ba\" data-block-id=\"d01e2ba\"><style>.stk-d01e2ba .stk-button{padding-top:21px !important;padding-right:40px !important;padding-bottom:21px !important;padding-left:40px !important;background:#e63946 !important;}.stk-d01e2ba .stk-button:hover:after{background:#192e4c !important;opacity:1 !important;}.stk-d01e2ba .stk-button .stk--inner-svg svg:last-child{height:36px !important;width:36px !important;}.stk-d01e2ba .stk-button .stk--inner-svg svg:last-child, .stk-d01e2ba .stk-button .stk--inner-svg svg:last-child :is(g, path, rect, polygon, ellipse){fill:#ffffff !important;}.stk-d01e2ba .stk-button__inner-text{font-size:21px !important;color:#ffffff !important;}@media screen and (max-width: 1023px){.stk-d01e2ba .stk-button__inner-text{font-size:21px !important;}}<\/style><a aria-hidden=\"false\" role=\"button\" aria-expanded=\"false\" class=\"stk-link stk-button stk--hover-effect-darken\" href=\"https:\/\/gryc24.pl\/res\/files\/euipo.pdf\" target=\"_blank\" rel=\"noreferrer noopener\"><span class=\"stk--svg-wrapper\"><div class=\"stk--inner-svg\"><svg xmlns=\"http:\/\/www.w3.org\/2000\/svg\" viewBox=\"0 0 512 512\" aria-hidden=\"true\" width=\"32\" height=\"32\"><path d=\"M0 64C0 28.7 28.7 0 64 0L224 0l0 128c0 17.7 14.3 32 32 32l128 0 0 144-208 0c-35.3 0-64 28.7-64 64l0 144-48 0c-35.3 0-64-28.7-64-64L0 64zm384 64l-128 0L256 0 384 128zM176 352l32 0c30.9 0 56 25.1 56 56s-25.1 56-56 56l-16 0 0 32c0 8.8-7.2 16-16 16s-16-7.2-16-16l0-48 0-80c0-8.8 7.2-16 16-16zm32 80c13.3 0 24-10.7 24-24s-10.7-24-24-24l-16 0 0 48 16 0zm96-80l32 0c26.5 0 48 21.5 48 48l0 64c0 26.5-21.5 48-48 48l-32 0c-8.8 0-16-7.2-16-16l0-128c0-8.8 7.2-16 16-16zm32 128c8.8 0 16-7.2 16-16l0-64c0-8.8-7.2-16-16-16l-16 0 0 96 16 0zm80-112c0-8.8 7.2-16 16-16l48 0c8.8 0 16 7.2 16 16s-7.2 16-16 16l-32 0 0 32 32 0c8.8 0 16 7.2 16 16s-7.2 16-16 16l-32 0 0 48c0 8.8-7.2 16-16 16s-16-7.2-16-16l0-64 0-64z\"><\/path><\/svg><\/div><\/span><span class=\"has-text-color stk-button__inner-text\">Vezi certificatul<\/span><\/a><\/div>\n<\/div><\/div>\n","protected":false},"excerpt":{"rendered":"<p>Experien\u021ba, calitatea produselor \u0219i func\u021bionalitatea acestora stau la baza brandului HAKNER. \u00cen prezent, suntem un partener \u0219i furnizor de frunte de accesorii pentru mobilier, obiecte sanitare \u0219i accesorii pentru a sprijini func\u021bionalitatea mobilierului. Datorit\u0103 calit\u0103\u021bii ridicate, produsele oferite sub marca HAKNER vor asigura confortul de utilizare \u0219i estetica, precum \u0219i satisfacerea cerin\u021belor ridicate ale clien\u021bilor [&hellip;]<\/p>\n","protected":false},"author":1,"featured_media":0,"parent":0,"menu_order":52,"comment_status":"closed","ping_status":"closed","template":"","meta":{"_acf_changed":false,"qubely_global_settings":"","qubely_interactions":"","footnotes":""},"class_list":["post-1280","page","type-page","status-publish","hentry"],"acf":[],"yoast_head":"<!-- This site is optimized with the Yoast SEO plugin v27.2 - https:\/\/yoast.com\/product\/yoast-seo-wordpress\/ -->\n<title>Despre marc\u0103 - Hakner<\/title>\n<meta name=\"robots\" content=\"index, follow, max-snippet:-1, max-image-preview:large, max-video-preview:-1\" \/>\n<link rel=\"canonical\" href=\"https:\/\/hakner.eu\/ro\/despre-marca\/\" \/>\n<meta property=\"og:locale\" content=\"ro_RO\" \/>\n<meta property=\"og:type\" content=\"article\" \/>\n<meta property=\"og:title\" content=\"Despre marc\u0103 - Hakner\" \/>\n<meta property=\"og:description\" content=\"Experien\u021ba, calitatea produselor \u0219i func\u021bionalitatea acestora stau la baza brandului HAKNER. \u00cen prezent, suntem un partener \u0219i furnizor de frunte de accesorii pentru mobilier, obiecte sanitare \u0219i accesorii pentru a sprijini func\u021bionalitatea mobilierului. Datorit\u0103 calit\u0103\u021bii ridicate, produsele oferite sub marca HAKNER vor asigura confortul de utilizare \u0219i estetica, precum \u0219i satisfacerea cerin\u021belor ridicate ale clien\u021bilor [&hellip;]\" \/>\n<meta property=\"og:url\" content=\"https:\/\/hakner.eu\/ro\/despre-marca\/\" \/>\n<meta property=\"og:site_name\" content=\"Hakner\" \/>\n<meta property=\"article:modified_time\" content=\"2025-02-03T07:46:33+00:00\" \/>\n<meta name=\"twitter:card\" content=\"summary_large_image\" \/>\n<meta name=\"twitter:label1\" content=\"Timp estimat pentru citire\" \/>\n\t<meta name=\"twitter:data1\" content=\"2 minute\" \/>\n<script type=\"application\/ld+json\" class=\"yoast-schema-graph\">{\"@context\":\"https:\/\/schema.org\",\"@graph\":[{\"@type\":\"WebPage\",\"@id\":\"https:\/\/hakner.eu\/ro\/despre-marca\/\",\"url\":\"https:\/\/hakner.eu\/ro\/despre-marca\/\",\"name\":\"Despre marc\u0103 - Hakner\",\"isPartOf\":{\"@id\":\"https:\/\/hakner.eu\/#website\"},\"datePublished\":\"2022-10-26T13:23:04+00:00\",\"dateModified\":\"2025-02-03T07:46:33+00:00\",\"breadcrumb\":{\"@id\":\"https:\/\/hakner.eu\/ro\/despre-marca\/#breadcrumb\"},\"inLanguage\":\"ro-RO\",\"potentialAction\":[{\"@type\":\"ReadAction\",\"target\":[\"https:\/\/hakner.eu\/ro\/despre-marca\/\"]}]},{\"@type\":\"BreadcrumbList\",\"@id\":\"https:\/\/hakner.eu\/ro\/despre-marca\/#breadcrumb\",\"itemListElement\":[{\"@type\":\"ListItem\",\"position\":1,\"name\":\"Home\",\"item\":\"https:\/\/hakner.eu\/ro\/\"},{\"@type\":\"ListItem\",\"position\":2,\"name\":\"Despre marc\u0103\"}]},{\"@type\":\"WebSite\",\"@id\":\"https:\/\/hakner.eu\/#website\",\"url\":\"https:\/\/hakner.eu\/\",\"name\":\"Hakner\",\"description\":\"Jako\u015b\u0107 Funkcjonalno\u015b\u0107 Design\",\"potentialAction\":[{\"@type\":\"SearchAction\",\"target\":{\"@type\":\"EntryPoint\",\"urlTemplate\":\"https:\/\/hakner.eu\/?s={search_term_string}\"},\"query-input\":{\"@type\":\"PropertyValueSpecification\",\"valueRequired\":true,\"valueName\":\"search_term_string\"}}],\"inLanguage\":\"ro-RO\"}]}<\/script>\n<!-- \/ Yoast SEO plugin. -->","yoast_head_json":{"title":"Despre marc\u0103 - Hakner","robots":{"index":"index","follow":"follow","max-snippet":"max-snippet:-1","max-image-preview":"max-image-preview:large","max-video-preview":"max-video-preview:-1"},"canonical":"https:\/\/hakner.eu\/ro\/despre-marca\/","og_locale":"ro_RO","og_type":"article","og_title":"Despre marc\u0103 - Hakner","og_description":"Experien\u021ba, calitatea produselor \u0219i func\u021bionalitatea acestora stau la baza brandului HAKNER. \u00cen prezent, suntem un partener \u0219i furnizor de frunte de accesorii pentru mobilier, obiecte sanitare \u0219i accesorii pentru a sprijini func\u021bionalitatea mobilierului. Datorit\u0103 calit\u0103\u021bii ridicate, produsele oferite sub marca HAKNER vor asigura confortul de utilizare \u0219i estetica, precum \u0219i satisfacerea cerin\u021belor ridicate ale clien\u021bilor [&hellip;]","og_url":"https:\/\/hakner.eu\/ro\/despre-marca\/","og_site_name":"Hakner","article_modified_time":"2025-02-03T07:46:33+00:00","twitter_card":"summary_large_image","twitter_misc":{"Timp estimat pentru citire":"2 minute"},"schema":{"@context":"https:\/\/schema.org","@graph":[{"@type":"WebPage","@id":"https:\/\/hakner.eu\/ro\/despre-marca\/","url":"https:\/\/hakner.eu\/ro\/despre-marca\/","name":"Despre marc\u0103 - Hakner","isPartOf":{"@id":"https:\/\/hakner.eu\/#website"},"datePublished":"2022-10-26T13:23:04+00:00","dateModified":"2025-02-03T07:46:33+00:00","breadcrumb":{"@id":"https:\/\/hakner.eu\/ro\/despre-marca\/#breadcrumb"},"inLanguage":"ro-RO","potentialAction":[{"@type":"ReadAction","target":["https:\/\/hakner.eu\/ro\/despre-marca\/"]}]},{"@type":"BreadcrumbList","@id":"https:\/\/hakner.eu\/ro\/despre-marca\/#breadcrumb","itemListElement":[{"@type":"ListItem","position":1,"name":"Home","item":"https:\/\/hakner.eu\/ro\/"},{"@type":"ListItem","position":2,"name":"Despre marc\u0103"}]},{"@type":"WebSite","@id":"https:\/\/hakner.eu\/#website","url":"https:\/\/hakner.eu\/","name":"Hakner","description":"Jako\u015b\u0107 Funkcjonalno\u015b\u0107 Design","potentialAction":[{"@type":"SearchAction","target":{"@type":"EntryPoint","urlTemplate":"https:\/\/hakner.eu\/?s={search_term_string}"},"query-input":{"@type":"PropertyValueSpecification","valueRequired":true,"valueName":"search_term_string"}}],"inLanguage":"ro-RO"}]}},"_links":{"self":[{"href":"https:\/\/hakner.eu\/ro\/wp-json\/wp\/v2\/pages\/1280","targetHints":{"allow":["GET"]}}],"collection":[{"href":"https:\/\/hakner.eu\/ro\/wp-json\/wp\/v2\/pages"}],"about":[{"href":"https:\/\/hakner.eu\/ro\/wp-json\/wp\/v2\/types\/page"}],"author":[{"embeddable":true,"href":"https:\/\/hakner.eu\/ro\/wp-json\/wp\/v2\/users\/1"}],"replies":[{"embeddable":true,"href":"https:\/\/hakner.eu\/ro\/wp-json\/wp\/v2\/comments?post=1280"}],"version-history":[{"count":4,"href":"https:\/\/hakner.eu\/ro\/wp-json\/wp\/v2\/pages\/1280\/revisions"}],"predecessor-version":[{"id":7004,"href":"https:\/\/hakner.eu\/ro\/wp-json\/wp\/v2\/pages\/1280\/revisions\/7004"}],"wp:attachment":[{"href":"https:\/\/hakner.eu\/ro\/wp-json\/wp\/v2\/media?parent=1280"}],"curies":[{"name":"wp","href":"https:\/\/api.w.org\/{rel}","templated":true}]}}