{"id":1436,"date":"2022-10-24T16:34:05","date_gmt":"2022-10-24T14:34:05","guid":{"rendered":"https:\/\/hakner.eu\/politica-de-confidentialitate\/"},"modified":"2024-06-20T15:42:45","modified_gmt":"2024-06-20T13:42:45","slug":"politica-de-confidentialitate","status":"publish","type":"page","link":"https:\/\/hakner.eu\/ro\/politica-de-confidentialitate\/","title":{"rendered":"Politica de confiden\u021bialitate"},"content":{"rendered":"\n<p>Aceast\u0103 politic\u0103 se refer\u0103 la cookie-uri \u0219i se aplic\u0103 site-ului hakner.eu, care este operat de Firma Gryc Tomasz Gryc cu sediul social \u00een Var\u0219ovia, ul. Matuszewska 14, 03-876 Var\u0219ovia<\/p>\n\n<p>Site-ul hakner.eu garanteaz\u0103 tuturor utilizatorilor site-urilor web dreptul de a alege \u00een ceea ce prive\u0219te partajarea informa\u021biilor care \u00eei privesc. Hakner.eu informeaz\u0103 c\u0103 utilizeaz\u0103 tehnologia cookie-urilor <strong>cookies,<\/strong> cookie-urilor pe site-urile sale web pentru a \u00eenregistra informa\u021bii despre paginile pe care le-a vizitat utilizatorul \u0219i despre activit\u0103\u021bile pe care le-a f\u0103cut pe acestea. <\/p>\n\n<p>Utiliz\u0103m <strong>cookies<\/strong> \u0219i alte tehnologii similare \u00een scopuri de:<br\/>\u2013 furnizarea \u0219i executarea comenzilor \u0219i serviciilor;<br\/>\u2013 crearea de statistici care ne ajut\u0103 s\u0103 \u00een\u021belegem modul \u00een care utilizatorii utilizeaz\u0103 site-ul nostru, ceea ce ne permite s\u0103 \u00eembun\u0103t\u0103\u021bim structura \u0219i con\u021binutul acestuia.<\/p>\n\n<p>\u00cen multe cazuri, software-ul utilizat pentru a naviga pe site-uri web (browser web) permite stocarea informa\u021biilor sub form\u0103 de <strong>cookies<\/strong>\u0219i alte tehnologii similare pe dispozitivul terminal al utilizatorului \u00een mod implicit Cu toate acestea, utilizatorul poate modifica aceste set\u0103ri \u00een orice moment. Neefectuarea modific\u0103rilor \u00eenseamn\u0103 c\u0103 informa\u021biile men\u021bionate mai sus pot fi \u00eenc\u0103rcate \u0219i stocate pe dispozitivul s\u0103u final \u0219i, astfel, c\u0103 vom stoca informa\u021biile pe dispozitivul final al utilizatorului \u0219i vom accesa aceste informa\u021bii.<br\/>De la nivelul browserului web utilizat de Utilizator, este posibil\u0103, de exemplu, gestionarea independent\u0103 a modulelor <strong>cookies<\/strong>. \u00cen cele mai populare browsere, exist\u0103, printre altele, posibilitatea:<\/p>\n\n<p>\u2013 s\u0103 accepte utilizarea modulelor <strong>cookies<\/strong>, ceea ce permite Utilizatorului s\u0103 profite pe deplin de op\u021biunile oferite de site-urile web;<br\/>\u2013 s\u0103 gestioneze modulele <strong>cookies<\/strong> la nivelul site-urilor individuale selectate de Utilizator;<br\/>\u2013 s\u0103 determine set\u0103rile pentru diferite tipuri de module <strong>cookie<\/strong>, de exemplu, acceptarea modulelor cookie permanente ca module cookie de sesiune etc.;<br\/>\u2013 s\u0103 blocheze sau s\u0103 \u0219tearg\u0103 modulele <strong>cookies<\/strong>.<\/p>\n\n<p>Informa\u021bii complete sunt disponibile \u00een set\u0103rile software-ului (browser-ului web). Detalii pentru persoanele care utilizeaz\u0103 browsere web individuale, inclusiv: <br\/><a href=\"http:\/\/support.microsoft.com\/kb\/196955\/pl\" target=\"_blank\" rel=\"noreferrer noopener\">Internet Explorer<\/a><br\/><a href=\"http:\/\/support.mozilla.org\/pl\/products\/firefox\/cookies\" target=\"_blank\" rel=\"noreferrer noopener\">Mozilla Firefox<\/a><br\/><a href=\"http:\/\/support.google.com\/chrome\/bin\/answer.py?hl=pl&amp;answer=95647\" target=\"_blank\" rel=\"noreferrer noopener\">Chrome<\/a><br\/><a href=\"http:\/\/help.opera.com\/Linux\/9.22\/pl\/cookies.html\" target=\"_blank\" rel=\"noreferrer noopener\">Opera<\/a><br\/><a href=\"http:\/\/support.apple.com\/kb\/ph5042\" target=\"_blank\" rel=\"noreferrer noopener\">Safari<\/a><br\/>Etc.<\/p>\n\n<p><strong>V\u0103 inform\u0103m c\u0103 limitarea sau dezactivarea utiliz\u0103rii cookie-urilor \u0219i a altor tehnologii similare poate afecta unele dintre func\u021bionalit\u0103\u021bile disponibile pe site-ul nostru web.<\/strong><\/p>\n\n<p>Informa\u021bii suplimentare despre <strong>cookies<\/strong> \u0219i alte tehnologii pot fi g\u0103site, printre altele, la <a href=\"http:\/\/wszystkoociasteczkach.pl\/\" target=\"_blank\" rel=\"noreferrer noopener\">wszystkoociasteczkach.pl<\/a>, sau \u00een sec\u021biunea Ajutor a meniului browserului web pe care \u00eel utiliza\u021bi.<\/p>\n","protected":false},"excerpt":{"rendered":"<p>Aceast\u0103 politic\u0103 se refer\u0103 la cookie-uri \u0219i se aplic\u0103 site-ului hakner.eu, care este operat de Firma Gryc Tomasz Gryc cu sediul social \u00een Var\u0219ovia, ul. Matuszewska 14, 03-876 Var\u0219ovia Site-ul hakner.eu garanteaz\u0103 tuturor utilizatorilor site-urilor web dreptul de a alege \u00een ceea ce prive\u0219te partajarea informa\u021biilor care \u00eei privesc. Hakner.eu informeaz\u0103 c\u0103 utilizeaz\u0103 tehnologia cookie-urilor [&hellip;]<\/p>\n","protected":false},"author":1,"featured_media":0,"parent":0,"menu_order":65,"comment_status":"closed","ping_status":"open","template":"","meta":{"_acf_changed":false,"qubely_global_settings":"","qubely_interactions":"","footnotes":""},"class_list":["post-1436","page","type-page","status-publish","hentry"],"acf":[],"yoast_head":"<!-- This site is optimized with the Yoast SEO plugin v27.2 - https:\/\/yoast.com\/product\/yoast-seo-wordpress\/ -->\n<title>Politica de confiden\u021bialitate - Hakner<\/title>\n<meta name=\"robots\" content=\"index, follow, max-snippet:-1, max-image-preview:large, max-video-preview:-1\" \/>\n<link rel=\"canonical\" href=\"https:\/\/hakner.eu\/ro\/politica-de-confidentialitate\/\" \/>\n<meta property=\"og:locale\" content=\"ro_RO\" \/>\n<meta property=\"og:type\" content=\"article\" \/>\n<meta property=\"og:title\" content=\"Politica de confiden\u021bialitate - Hakner\" \/>\n<meta property=\"og:description\" content=\"Aceast\u0103 politic\u0103 se refer\u0103 la cookie-uri \u0219i se aplic\u0103 site-ului hakner.eu, care este operat de Firma Gryc Tomasz Gryc cu sediul social \u00een Var\u0219ovia, ul. Matuszewska 14, 03-876 Var\u0219ovia Site-ul hakner.eu garanteaz\u0103 tuturor utilizatorilor site-urilor web dreptul de a alege \u00een ceea ce prive\u0219te partajarea informa\u021biilor care \u00eei privesc. Hakner.eu informeaz\u0103 c\u0103 utilizeaz\u0103 tehnologia cookie-urilor [&hellip;]\" \/>\n<meta property=\"og:url\" content=\"https:\/\/hakner.eu\/ro\/politica-de-confidentialitate\/\" \/>\n<meta property=\"og:site_name\" content=\"Hakner\" \/>\n<meta property=\"article:modified_time\" content=\"2024-06-20T13:42:45+00:00\" \/>\n<meta name=\"twitter:card\" content=\"summary_large_image\" \/>\n<meta name=\"twitter:label1\" content=\"Timp estimat pentru citire\" \/>\n\t<meta name=\"twitter:data1\" content=\"2 minute\" \/>\n<script type=\"application\/ld+json\" class=\"yoast-schema-graph\">{\"@context\":\"https:\/\/schema.org\",\"@graph\":[{\"@type\":\"WebPage\",\"@id\":\"https:\/\/hakner.eu\/ro\/politica-de-confidentialitate\/\",\"url\":\"https:\/\/hakner.eu\/ro\/politica-de-confidentialitate\/\",\"name\":\"Politica de confiden\u021bialitate - Hakner\",\"isPartOf\":{\"@id\":\"https:\/\/hakner.eu\/#website\"},\"datePublished\":\"2022-10-24T14:34:05+00:00\",\"dateModified\":\"2024-06-20T13:42:45+00:00\",\"breadcrumb\":{\"@id\":\"https:\/\/hakner.eu\/ro\/politica-de-confidentialitate\/#breadcrumb\"},\"inLanguage\":\"ro-RO\",\"potentialAction\":[{\"@type\":\"ReadAction\",\"target\":[\"https:\/\/hakner.eu\/ro\/politica-de-confidentialitate\/\"]}]},{\"@type\":\"BreadcrumbList\",\"@id\":\"https:\/\/hakner.eu\/ro\/politica-de-confidentialitate\/#breadcrumb\",\"itemListElement\":[{\"@type\":\"ListItem\",\"position\":1,\"name\":\"Home\",\"item\":\"https:\/\/hakner.eu\/ro\/\"},{\"@type\":\"ListItem\",\"position\":2,\"name\":\"Politica de confiden\u021bialitate\"}]},{\"@type\":\"WebSite\",\"@id\":\"https:\/\/hakner.eu\/#website\",\"url\":\"https:\/\/hakner.eu\/\",\"name\":\"Hakner\",\"description\":\"Jako\u015b\u0107 Funkcjonalno\u015b\u0107 Design\",\"potentialAction\":[{\"@type\":\"SearchAction\",\"target\":{\"@type\":\"EntryPoint\",\"urlTemplate\":\"https:\/\/hakner.eu\/?s={search_term_string}\"},\"query-input\":{\"@type\":\"PropertyValueSpecification\",\"valueRequired\":true,\"valueName\":\"search_term_string\"}}],\"inLanguage\":\"ro-RO\"}]}<\/script>\n<!-- \/ Yoast SEO plugin. -->","yoast_head_json":{"title":"Politica de confiden\u021bialitate - Hakner","robots":{"index":"index","follow":"follow","max-snippet":"max-snippet:-1","max-image-preview":"max-image-preview:large","max-video-preview":"max-video-preview:-1"},"canonical":"https:\/\/hakner.eu\/ro\/politica-de-confidentialitate\/","og_locale":"ro_RO","og_type":"article","og_title":"Politica de confiden\u021bialitate - Hakner","og_description":"Aceast\u0103 politic\u0103 se refer\u0103 la cookie-uri \u0219i se aplic\u0103 site-ului hakner.eu, care este operat de Firma Gryc Tomasz Gryc cu sediul social \u00een Var\u0219ovia, ul. Matuszewska 14, 03-876 Var\u0219ovia Site-ul hakner.eu garanteaz\u0103 tuturor utilizatorilor site-urilor web dreptul de a alege \u00een ceea ce prive\u0219te partajarea informa\u021biilor care \u00eei privesc. Hakner.eu informeaz\u0103 c\u0103 utilizeaz\u0103 tehnologia cookie-urilor [&hellip;]","og_url":"https:\/\/hakner.eu\/ro\/politica-de-confidentialitate\/","og_site_name":"Hakner","article_modified_time":"2024-06-20T13:42:45+00:00","twitter_card":"summary_large_image","twitter_misc":{"Timp estimat pentru citire":"2 minute"},"schema":{"@context":"https:\/\/schema.org","@graph":[{"@type":"WebPage","@id":"https:\/\/hakner.eu\/ro\/politica-de-confidentialitate\/","url":"https:\/\/hakner.eu\/ro\/politica-de-confidentialitate\/","name":"Politica de confiden\u021bialitate - Hakner","isPartOf":{"@id":"https:\/\/hakner.eu\/#website"},"datePublished":"2022-10-24T14:34:05+00:00","dateModified":"2024-06-20T13:42:45+00:00","breadcrumb":{"@id":"https:\/\/hakner.eu\/ro\/politica-de-confidentialitate\/#breadcrumb"},"inLanguage":"ro-RO","potentialAction":[{"@type":"ReadAction","target":["https:\/\/hakner.eu\/ro\/politica-de-confidentialitate\/"]}]},{"@type":"BreadcrumbList","@id":"https:\/\/hakner.eu\/ro\/politica-de-confidentialitate\/#breadcrumb","itemListElement":[{"@type":"ListItem","position":1,"name":"Home","item":"https:\/\/hakner.eu\/ro\/"},{"@type":"ListItem","position":2,"name":"Politica de confiden\u021bialitate"}]},{"@type":"WebSite","@id":"https:\/\/hakner.eu\/#website","url":"https:\/\/hakner.eu\/","name":"Hakner","description":"Jako\u015b\u0107 Funkcjonalno\u015b\u0107 Design","potentialAction":[{"@type":"SearchAction","target":{"@type":"EntryPoint","urlTemplate":"https:\/\/hakner.eu\/?s={search_term_string}"},"query-input":{"@type":"PropertyValueSpecification","valueRequired":true,"valueName":"search_term_string"}}],"inLanguage":"ro-RO"}]}},"_links":{"self":[{"href":"https:\/\/hakner.eu\/ro\/wp-json\/wp\/v2\/pages\/1436","targetHints":{"allow":["GET"]}}],"collection":[{"href":"https:\/\/hakner.eu\/ro\/wp-json\/wp\/v2\/pages"}],"about":[{"href":"https:\/\/hakner.eu\/ro\/wp-json\/wp\/v2\/types\/page"}],"author":[{"embeddable":true,"href":"https:\/\/hakner.eu\/ro\/wp-json\/wp\/v2\/users\/1"}],"replies":[{"embeddable":true,"href":"https:\/\/hakner.eu\/ro\/wp-json\/wp\/v2\/comments?post=1436"}],"version-history":[{"count":3,"href":"https:\/\/hakner.eu\/ro\/wp-json\/wp\/v2\/pages\/1436\/revisions"}],"predecessor-version":[{"id":1439,"href":"https:\/\/hakner.eu\/ro\/wp-json\/wp\/v2\/pages\/1436\/revisions\/1439"}],"wp:attachment":[{"href":"https:\/\/hakner.eu\/ro\/wp-json\/wp\/v2\/media?parent=1436"}],"curies":[{"name":"wp","href":"https:\/\/api.w.org\/{rel}","templated":true}]}}