{"id":1546,"date":"2022-10-24T20:37:10","date_gmt":"2022-10-24T18:37:10","guid":{"rendered":"https:\/\/hakner.eu\/%d0%ba%d0%be%d0%bd%d1%82%d0%b0%d0%ba%d1%82\/"},"modified":"2024-06-04T15:25:21","modified_gmt":"2024-06-04T13:25:21","slug":"kontakt","status":"publish","type":"page","link":"https:\/\/hakner.eu\/uk\/kontakt\/","title":{"rendered":"\u041a\u043e\u043d\u0442\u0430\u043a\u0442"},"content":{"rendered":"\n<ul class=\"wp-block-list\">\n<li><a href=\"tel:+48 22 511 33 30\" data-type=\"tel\">+48 22 511 33 00<\/a><\/li>\n\n\n\n<li><a href=\"mailto:office@hakner.eu\">office@hakner.eu<\/a><\/li>\n<\/ul>\n\n\n\n<p><strong>\u0430\u0434\u0440\u0435\u0441\u043e\u044e:<\/strong><br>ul. Matuszewska 14 (City Point)<br>03-876 Warszawa<\/p>\n\n\n\n<p><strong>\u0420\u043e\u0431\u043e\u0447\u0456 \u0433\u043e\u0434\u0438\u043d\u0438:<\/strong><br>\u041f\u043e\u043d\u0435\u0434\u0456\u043b\u043e\u043a \u2013 \u043f&#8217;\u044f\u0442\u043d\u0438\u0446\u044f: 8:00 \u2013 16:00<\/p>\n\n\n\n<p style=\"font-size:17px\">NIP: PL1131279049<br>REGON: 012845426<\/p>\n","protected":false},"excerpt":{"rendered":"<p>\u0430\u0434\u0440\u0435\u0441\u043e\u044e:ul. Matuszewska 14 (City Point)03-876 Warszawa \u0420\u043e\u0431\u043e\u0447\u0456 \u0433\u043e\u0434\u0438\u043d\u0438:\u041f\u043e\u043d\u0435\u0434\u0456\u043b\u043e\u043a \u2013 \u043f&#8217;\u044f\u0442\u043d\u0438\u0446\u044f: 8:00 \u2013 16:00 NIP: PL1131279049REGON: 012845426<\/p>\n","protected":false},"author":1,"featured_media":0,"parent":0,"menu_order":41,"comment_status":"closed","ping_status":"closed","template":"template_contact.php","meta":{"_acf_changed":false,"qubely_global_settings":"","qubely_interactions":"","footnotes":""},"class_list":["post-1546","page","type-page","status-publish","hentry"],"acf":[],"yoast_head":"<!-- This site is optimized with the Yoast SEO plugin v27.2 - https:\/\/yoast.com\/product\/yoast-seo-wordpress\/ -->\n<title>\u041a\u043e\u043d\u0442\u0430\u043a\u0442 - Hakner<\/title>\n<meta name=\"robots\" content=\"index, follow, max-snippet:-1, max-image-preview:large, max-video-preview:-1\" \/>\n<link rel=\"canonical\" href=\"https:\/\/hakner.eu\/uk\/kontakt\/\" \/>\n<meta property=\"og:locale\" content=\"en_US\" \/>\n<meta property=\"og:type\" content=\"article\" \/>\n<meta property=\"og:title\" content=\"\u041a\u043e\u043d\u0442\u0430\u043a\u0442 - Hakner\" \/>\n<meta property=\"og:description\" content=\"\u0430\u0434\u0440\u0435\u0441\u043e\u044e:ul. Matuszewska 14 (City Point)03-876 Warszawa \u0420\u043e\u0431\u043e\u0447\u0456 \u0433\u043e\u0434\u0438\u043d\u0438:\u041f\u043e\u043d\u0435\u0434\u0456\u043b\u043e\u043a \u2013 \u043f&#8217;\u044f\u0442\u043d\u0438\u0446\u044f: 8:00 \u2013 16:00 NIP: PL1131279049REGON: 012845426\" \/>\n<meta property=\"og:url\" content=\"https:\/\/hakner.eu\/uk\/kontakt\/\" \/>\n<meta property=\"og:site_name\" content=\"Hakner\" \/>\n<meta property=\"article:modified_time\" content=\"2024-06-04T13:25:21+00:00\" \/>\n<meta name=\"twitter:card\" content=\"summary_large_image\" \/>\n<meta name=\"twitter:label1\" content=\"Est. reading time\" \/>\n\t<meta name=\"twitter:data1\" content=\"1 minute\" \/>\n<script type=\"application\/ld+json\" class=\"yoast-schema-graph\">{\"@context\":\"https:\/\/schema.org\",\"@graph\":[{\"@type\":\"WebPage\",\"@id\":\"https:\/\/hakner.eu\/uk\/kontakt\/\",\"url\":\"https:\/\/hakner.eu\/uk\/kontakt\/\",\"name\":\"\u041a\u043e\u043d\u0442\u0430\u043a\u0442 - Hakner\",\"isPartOf\":{\"@id\":\"https:\/\/hakner.eu\/#website\"},\"datePublished\":\"2022-10-24T18:37:10+00:00\",\"dateModified\":\"2024-06-04T13:25:21+00:00\",\"breadcrumb\":{\"@id\":\"https:\/\/hakner.eu\/uk\/kontakt\/#breadcrumb\"},\"inLanguage\":\"ua\",\"potentialAction\":[{\"@type\":\"ReadAction\",\"target\":[\"https:\/\/hakner.eu\/uk\/kontakt\/\"]}]},{\"@type\":\"BreadcrumbList\",\"@id\":\"https:\/\/hakner.eu\/uk\/kontakt\/#breadcrumb\",\"itemListElement\":[{\"@type\":\"ListItem\",\"position\":1,\"name\":\"Home\",\"item\":\"https:\/\/hakner.eu\/uk\/\"},{\"@type\":\"ListItem\",\"position\":2,\"name\":\"\u041a\u043e\u043d\u0442\u0430\u043a\u0442\"}]},{\"@type\":\"WebSite\",\"@id\":\"https:\/\/hakner.eu\/#website\",\"url\":\"https:\/\/hakner.eu\/\",\"name\":\"Hakner\",\"description\":\"Jako\u015b\u0107 Funkcjonalno\u015b\u0107 Design\",\"potentialAction\":[{\"@type\":\"SearchAction\",\"target\":{\"@type\":\"EntryPoint\",\"urlTemplate\":\"https:\/\/hakner.eu\/?s={search_term_string}\"},\"query-input\":{\"@type\":\"PropertyValueSpecification\",\"valueRequired\":true,\"valueName\":\"search_term_string\"}}],\"inLanguage\":\"ua\"}]}<\/script>\n<!-- \/ Yoast SEO plugin. -->","yoast_head_json":{"title":"\u041a\u043e\u043d\u0442\u0430\u043a\u0442 - Hakner","robots":{"index":"index","follow":"follow","max-snippet":"max-snippet:-1","max-image-preview":"max-image-preview:large","max-video-preview":"max-video-preview:-1"},"canonical":"https:\/\/hakner.eu\/uk\/kontakt\/","og_locale":"en_US","og_type":"article","og_title":"\u041a\u043e\u043d\u0442\u0430\u043a\u0442 - Hakner","og_description":"\u0430\u0434\u0440\u0435\u0441\u043e\u044e:ul. Matuszewska 14 (City Point)03-876 Warszawa \u0420\u043e\u0431\u043e\u0447\u0456 \u0433\u043e\u0434\u0438\u043d\u0438:\u041f\u043e\u043d\u0435\u0434\u0456\u043b\u043e\u043a \u2013 \u043f&#8217;\u044f\u0442\u043d\u0438\u0446\u044f: 8:00 \u2013 16:00 NIP: PL1131279049REGON: 012845426","og_url":"https:\/\/hakner.eu\/uk\/kontakt\/","og_site_name":"Hakner","article_modified_time":"2024-06-04T13:25:21+00:00","twitter_card":"summary_large_image","twitter_misc":{"Est. reading time":"1 minute"},"schema":{"@context":"https:\/\/schema.org","@graph":[{"@type":"WebPage","@id":"https:\/\/hakner.eu\/uk\/kontakt\/","url":"https:\/\/hakner.eu\/uk\/kontakt\/","name":"\u041a\u043e\u043d\u0442\u0430\u043a\u0442 - Hakner","isPartOf":{"@id":"https:\/\/hakner.eu\/#website"},"datePublished":"2022-10-24T18:37:10+00:00","dateModified":"2024-06-04T13:25:21+00:00","breadcrumb":{"@id":"https:\/\/hakner.eu\/uk\/kontakt\/#breadcrumb"},"inLanguage":"ua","potentialAction":[{"@type":"ReadAction","target":["https:\/\/hakner.eu\/uk\/kontakt\/"]}]},{"@type":"BreadcrumbList","@id":"https:\/\/hakner.eu\/uk\/kontakt\/#breadcrumb","itemListElement":[{"@type":"ListItem","position":1,"name":"Home","item":"https:\/\/hakner.eu\/uk\/"},{"@type":"ListItem","position":2,"name":"\u041a\u043e\u043d\u0442\u0430\u043a\u0442"}]},{"@type":"WebSite","@id":"https:\/\/hakner.eu\/#website","url":"https:\/\/hakner.eu\/","name":"Hakner","description":"Jako\u015b\u0107 Funkcjonalno\u015b\u0107 Design","potentialAction":[{"@type":"SearchAction","target":{"@type":"EntryPoint","urlTemplate":"https:\/\/hakner.eu\/?s={search_term_string}"},"query-input":{"@type":"PropertyValueSpecification","valueRequired":true,"valueName":"search_term_string"}}],"inLanguage":"ua"}]}},"_links":{"self":[{"href":"https:\/\/hakner.eu\/uk\/wp-json\/wp\/v2\/pages\/1546","targetHints":{"allow":["GET"]}}],"collection":[{"href":"https:\/\/hakner.eu\/uk\/wp-json\/wp\/v2\/pages"}],"about":[{"href":"https:\/\/hakner.eu\/uk\/wp-json\/wp\/v2\/types\/page"}],"author":[{"embeddable":true,"href":"https:\/\/hakner.eu\/uk\/wp-json\/wp\/v2\/users\/1"}],"replies":[{"embeddable":true,"href":"https:\/\/hakner.eu\/uk\/wp-json\/wp\/v2\/comments?post=1546"}],"version-history":[{"count":18,"href":"https:\/\/hakner.eu\/uk\/wp-json\/wp\/v2\/pages\/1546\/revisions"}],"predecessor-version":[{"id":1715,"href":"https:\/\/hakner.eu\/uk\/wp-json\/wp\/v2\/pages\/1546\/revisions\/1715"}],"wp:attachment":[{"href":"https:\/\/hakner.eu\/uk\/wp-json\/wp\/v2\/media?parent=1546"}],"curies":[{"name":"wp","href":"https:\/\/api.w.org\/{rel}","templated":true}]}}