{"id":1555,"date":"2022-10-24T20:37:24","date_gmt":"2022-10-24T18:37:24","guid":{"rendered":"https:\/\/hakner.eu\/%d0%bd%d0%b0%d1%88%d0%b0-%d0%bf%d1%80%d0%be%d0%bf%d0%be%d0%b7%d0%b8%d1%86%d1%96%d1%8f\/"},"modified":"2024-06-04T11:59:00","modified_gmt":"2024-06-04T09:59:00","slug":"oferta","status":"publish","type":"page","link":"https:\/\/hakner.eu\/uk\/oferta\/","title":{"rendered":"\u041d\u0430\u0448\u0430 \u043f\u0440\u043e\u043f\u043e\u0437\u0438\u0446\u0456\u044f"},"content":{"rendered":"\n<p>\u041f\u0440\u043e\u043f\u043e\u0437\u0438\u0446\u0456\u044f \u0431\u0440\u0435\u043d\u0434\u0443 HAKNER \u0432\u043a\u043b\u044e\u0447\u0430\u0454 \u0432 \u0441\u0435\u0431\u0435 \u0440\u0456\u0437\u043d\u043e\u043c\u0430\u043d\u0456\u0442\u043d\u0443 \u043c\u0435\u0431\u043b\u0435\u0432\u0443 \u0444\u0443\u0440\u043d\u0456\u0442\u0443\u0440\u0443: \u043d\u0430\u043f\u0440\u0430\u0432\u043b\u044f\u044e\u0447\u0456 \u043f\u0440\u043e\u0441\u0442\u043e\u0457 \u0442\u0430 \u043d\u0430\u0434\u0456\u0439\u043d\u043e\u0457 \u043a\u043e\u043d\u0441\u0442\u0440\u0443\u043a\u0446\u0456\u0457, \u043f\u0456\u0434\u0439\u043e\u043c\u043d\u0438\u043a\u0438, \u0449\u043e \u0437\u0431\u0456\u043b\u044c\u0448\u0443\u044e\u0442\u044c \u0435\u0440\u0433\u043e\u043d\u043e\u043c\u0456\u0447\u043d\u0456\u0441\u0442\u044c \u043c\u0435\u0431\u043b\u0456\u0432, \u0441\u0430\u043d\u0442\u0435\u0445\u043d\u0456\u0447\u043d\u0443 \u0442\u0430 \u0442\u0443\u0430\u043b\u0435\u0442\u043d\u0443 \u0444\u0443\u0440\u043d\u0456\u0442\u0443\u0440\u0443, \u0449\u043e \u043f\u043e\u0454\u0434\u043d\u0443\u0454 \u0432 \u0441\u043e\u0431\u0456 \u043d\u0430\u0439\u0432\u0438\u0449\u0443 \u044f\u043a\u0456\u0441\u0442\u044c \u0456 \u0432\u0456\u0434\u043c\u0456\u043d\u043d\u0443 \u0444\u0443\u043d\u043a\u0446\u0456\u043e\u043d\u0430\u043b\u044c\u043d\u0456\u0441\u0442\u044c, \u0444\u0443\u0440\u043d\u0456\u0442\u0443\u0440\u0443 \u0434\u043b\u044f \u043c\u2019\u044f\u043a\u0438\u0445 \u043c\u0435\u0431\u043b\u0456\u0432, \u0449\u043e \u0445\u0430\u0440\u0430\u043a\u0442\u0435\u0440\u0438\u0437\u0443\u0454\u0442\u044c\u0441\u044f \u0434\u043e\u0432\u0433\u043e\u0432\u0456\u0447\u043d\u0456\u0441\u0442\u044e \u0456 \u043a\u043e\u043c\u0444\u043e\u0440\u0442\u043e\u043c \u0432\u0438\u043a\u043e\u0440\u0438\u0441\u0442\u0430\u043d\u043d\u044f, \u0456\u043d\u043d\u043e\u0432\u0430\u0446\u0456\u0439\u043d\u0456 \u0430\u043a\u0441\u0435\u0441\u0443\u0430\u0440\u0438 \u0434\u043b\u044f \u043e\u0444\u0456\u0441\u043d\u0438\u0445 \u043c\u0435\u0431\u043b\u0456\u0432 \u0456 \u0448\u0438\u0440\u043e\u043a\u0438\u0439 \u0430\u0441\u043e\u0440\u0442\u0438\u043c\u0435\u043d\u0442 \u043c\u0435\u0431\u043b\u0435\u0432\u0438\u0445 \u0437\u0430\u043c\u043a\u0456\u0432 \u2013 \u043c\u0435\u0445\u0430\u043d\u0456\u0447\u043d\u0456 \u0442\u0430 \u0435\u043b\u0435\u043a\u0442\u0440\u043e\u043d\u043d\u0456 \u043a\u043e\u0434\u043e\u0432\u0456 \u0437\u0430\u043c\u043a\u0438, \u0430 \u0442\u0430\u043a\u043e\u0436 \u0441\u0442\u0430\u043d\u0434\u0430\u0440\u0442\u043d\u0456 \u0437\u0430\u043c\u043a\u0438 \u043d\u0430 \u043a\u043b\u044e\u0447.<\/p>\n\n\n\n<p>\u041c\u0438 \u0433\u043e\u0442\u043e\u0432\u0456 \u0432\u0438\u043a\u043e\u043d\u0443\u0432\u0430\u0442\u0438 \u043d\u0435\u0441\u0442\u0430\u043d\u0434\u0430\u0440\u0442\u043d\u0456 \u0437\u0430\u043c\u043e\u0432\u043b\u0435\u043d\u043d\u044f, \u043f\u043e\u0441\u0442\u0456\u0439\u043d\u043e \u0440\u043e\u0437\u0448\u0438\u0440\u044e\u0454\u043c\u043e \u043d\u0430\u0448\u0443 \u043f\u0440\u043e\u043f\u043e\u0437\u0438\u0446\u0456\u044e, \u0440\u0435\u0430\u0433\u0443\u044e\u0447\u0438 \u043d\u0430 \u043f\u043e\u0442\u0440\u0435\u0431\u0438 \u0440\u0438\u043d\u043a\u0443, \u0449\u043e\u0431 \u0437\u0430\u0431\u0435\u0437\u043f\u0435\u0447\u0438\u0442\u0438 \u044f\u043a\u043d\u0430\u0439\u043a\u0440\u0430\u0449\u0435 \u0437\u0430\u0434\u043e\u0432\u043e\u043b\u0435\u043d\u043d\u044f \u043a\u043b\u0456\u0454\u043d\u0442\u0456\u0432.<\/p>\n","protected":false},"excerpt":{"rendered":"<p>\u041f\u0440\u043e\u043f\u043e\u0437\u0438\u0446\u0456\u044f \u0431\u0440\u0435\u043d\u0434\u0443 HAKNER \u0432\u043a\u043b\u044e\u0447\u0430\u0454 \u0432 \u0441\u0435\u0431\u0435 \u0440\u0456\u0437\u043d\u043e\u043c\u0430\u043d\u0456\u0442\u043d\u0443 \u043c\u0435\u0431\u043b\u0435\u0432\u0443 \u0444\u0443\u0440\u043d\u0456\u0442\u0443\u0440\u0443: \u043d\u0430\u043f\u0440\u0430\u0432\u043b\u044f\u044e\u0447\u0456 \u043f\u0440\u043e\u0441\u0442\u043e\u0457 \u0442\u0430 \u043d\u0430\u0434\u0456\u0439\u043d\u043e\u0457 \u043a\u043e\u043d\u0441\u0442\u0440\u0443\u043a\u0446\u0456\u0457, \u043f\u0456\u0434\u0439\u043e\u043c\u043d\u0438\u043a\u0438, \u0449\u043e \u0437\u0431\u0456\u043b\u044c\u0448\u0443\u044e\u0442\u044c \u0435\u0440\u0433\u043e\u043d\u043e\u043c\u0456\u0447\u043d\u0456\u0441\u0442\u044c \u043c\u0435\u0431\u043b\u0456\u0432, \u0441\u0430\u043d\u0442\u0435\u0445\u043d\u0456\u0447\u043d\u0443 \u0442\u0430 \u0442\u0443\u0430\u043b\u0435\u0442\u043d\u0443 \u0444\u0443\u0440\u043d\u0456\u0442\u0443\u0440\u0443, \u0449\u043e \u043f\u043e\u0454\u0434\u043d\u0443\u0454 \u0432 \u0441\u043e\u0431\u0456 \u043d\u0430\u0439\u0432\u0438\u0449\u0443 \u044f\u043a\u0456\u0441\u0442\u044c \u0456 \u0432\u0456\u0434\u043c\u0456\u043d\u043d\u0443 \u0444\u0443\u043d\u043a\u0446\u0456\u043e\u043d\u0430\u043b\u044c\u043d\u0456\u0441\u0442\u044c, \u0444\u0443\u0440\u043d\u0456\u0442\u0443\u0440\u0443 \u0434\u043b\u044f \u043c\u2019\u044f\u043a\u0438\u0445 \u043c\u0435\u0431\u043b\u0456\u0432, \u0449\u043e \u0445\u0430\u0440\u0430\u043a\u0442\u0435\u0440\u0438\u0437\u0443\u0454\u0442\u044c\u0441\u044f \u0434\u043e\u0432\u0433\u043e\u0432\u0456\u0447\u043d\u0456\u0441\u0442\u044e \u0456 \u043a\u043e\u043c\u0444\u043e\u0440\u0442\u043e\u043c \u0432\u0438\u043a\u043e\u0440\u0438\u0441\u0442\u0430\u043d\u043d\u044f, \u0456\u043d\u043d\u043e\u0432\u0430\u0446\u0456\u0439\u043d\u0456 \u0430\u043a\u0441\u0435\u0441\u0443\u0430\u0440\u0438 \u0434\u043b\u044f \u043e\u0444\u0456\u0441\u043d\u0438\u0445 \u043c\u0435\u0431\u043b\u0456\u0432 \u0456 \u0448\u0438\u0440\u043e\u043a\u0438\u0439 \u0430\u0441\u043e\u0440\u0442\u0438\u043c\u0435\u043d\u0442 \u043c\u0435\u0431\u043b\u0435\u0432\u0438\u0445 \u0437\u0430\u043c\u043a\u0456\u0432 \u2013 \u043c\u0435\u0445\u0430\u043d\u0456\u0447\u043d\u0456 \u0442\u0430 [&hellip;]<\/p>\n","protected":false},"author":1,"featured_media":0,"parent":0,"menu_order":50,"comment_status":"closed","ping_status":"closed","template":"template_offer.php","meta":{"_acf_changed":false,"qubely_global_settings":"","qubely_interactions":"","footnotes":""},"class_list":["post-1555","page","type-page","status-publish","hentry"],"acf":[],"yoast_head":"<!-- This site is optimized with the Yoast SEO plugin v27.2 - https:\/\/yoast.com\/product\/yoast-seo-wordpress\/ -->\n<title>Hakner - nasza oferta<\/title>\n<meta name=\"robots\" content=\"index, follow, max-snippet:-1, max-image-preview:large, max-video-preview:-1\" \/>\n<link rel=\"canonical\" href=\"https:\/\/hakner.eu\/uk\/oferta\/\" \/>\n<meta property=\"og:locale\" content=\"en_US\" \/>\n<meta property=\"og:type\" content=\"article\" \/>\n<meta property=\"og:title\" content=\"Hakner - nasza oferta\" \/>\n<meta property=\"og:description\" content=\"\u041f\u0440\u043e\u043f\u043e\u0437\u0438\u0446\u0456\u044f \u0431\u0440\u0435\u043d\u0434\u0443 HAKNER \u0432\u043a\u043b\u044e\u0447\u0430\u0454 \u0432 \u0441\u0435\u0431\u0435 \u0440\u0456\u0437\u043d\u043e\u043c\u0430\u043d\u0456\u0442\u043d\u0443 \u043c\u0435\u0431\u043b\u0435\u0432\u0443 \u0444\u0443\u0440\u043d\u0456\u0442\u0443\u0440\u0443: \u043d\u0430\u043f\u0440\u0430\u0432\u043b\u044f\u044e\u0447\u0456 \u043f\u0440\u043e\u0441\u0442\u043e\u0457 \u0442\u0430 \u043d\u0430\u0434\u0456\u0439\u043d\u043e\u0457 \u043a\u043e\u043d\u0441\u0442\u0440\u0443\u043a\u0446\u0456\u0457, \u043f\u0456\u0434\u0439\u043e\u043c\u043d\u0438\u043a\u0438, \u0449\u043e \u0437\u0431\u0456\u043b\u044c\u0448\u0443\u044e\u0442\u044c \u0435\u0440\u0433\u043e\u043d\u043e\u043c\u0456\u0447\u043d\u0456\u0441\u0442\u044c \u043c\u0435\u0431\u043b\u0456\u0432, \u0441\u0430\u043d\u0442\u0435\u0445\u043d\u0456\u0447\u043d\u0443 \u0442\u0430 \u0442\u0443\u0430\u043b\u0435\u0442\u043d\u0443 \u0444\u0443\u0440\u043d\u0456\u0442\u0443\u0440\u0443, \u0449\u043e \u043f\u043e\u0454\u0434\u043d\u0443\u0454 \u0432 \u0441\u043e\u0431\u0456 \u043d\u0430\u0439\u0432\u0438\u0449\u0443 \u044f\u043a\u0456\u0441\u0442\u044c \u0456 \u0432\u0456\u0434\u043c\u0456\u043d\u043d\u0443 \u0444\u0443\u043d\u043a\u0446\u0456\u043e\u043d\u0430\u043b\u044c\u043d\u0456\u0441\u0442\u044c, \u0444\u0443\u0440\u043d\u0456\u0442\u0443\u0440\u0443 \u0434\u043b\u044f \u043c\u2019\u044f\u043a\u0438\u0445 \u043c\u0435\u0431\u043b\u0456\u0432, \u0449\u043e \u0445\u0430\u0440\u0430\u043a\u0442\u0435\u0440\u0438\u0437\u0443\u0454\u0442\u044c\u0441\u044f \u0434\u043e\u0432\u0433\u043e\u0432\u0456\u0447\u043d\u0456\u0441\u0442\u044e \u0456 \u043a\u043e\u043c\u0444\u043e\u0440\u0442\u043e\u043c \u0432\u0438\u043a\u043e\u0440\u0438\u0441\u0442\u0430\u043d\u043d\u044f, \u0456\u043d\u043d\u043e\u0432\u0430\u0446\u0456\u0439\u043d\u0456 \u0430\u043a\u0441\u0435\u0441\u0443\u0430\u0440\u0438 \u0434\u043b\u044f \u043e\u0444\u0456\u0441\u043d\u0438\u0445 \u043c\u0435\u0431\u043b\u0456\u0432 \u0456 \u0448\u0438\u0440\u043e\u043a\u0438\u0439 \u0430\u0441\u043e\u0440\u0442\u0438\u043c\u0435\u043d\u0442 \u043c\u0435\u0431\u043b\u0435\u0432\u0438\u0445 \u0437\u0430\u043c\u043a\u0456\u0432 \u2013 \u043c\u0435\u0445\u0430\u043d\u0456\u0447\u043d\u0456 \u0442\u0430 [&hellip;]\" \/>\n<meta property=\"og:url\" content=\"https:\/\/hakner.eu\/uk\/oferta\/\" \/>\n<meta property=\"og:site_name\" content=\"Hakner\" \/>\n<meta property=\"article:modified_time\" content=\"2024-06-04T09:59:00+00:00\" \/>\n<meta name=\"twitter:card\" content=\"summary_large_image\" \/>\n<meta name=\"twitter:label1\" content=\"Est. reading time\" \/>\n\t<meta name=\"twitter:data1\" content=\"1 minute\" \/>\n<script type=\"application\/ld+json\" class=\"yoast-schema-graph\">{\"@context\":\"https:\/\/schema.org\",\"@graph\":[{\"@type\":\"WebPage\",\"@id\":\"https:\/\/hakner.eu\/uk\/oferta\/\",\"url\":\"https:\/\/hakner.eu\/uk\/oferta\/\",\"name\":\"Hakner - nasza oferta\",\"isPartOf\":{\"@id\":\"https:\/\/hakner.eu\/#website\"},\"datePublished\":\"2022-10-24T18:37:24+00:00\",\"dateModified\":\"2024-06-04T09:59:00+00:00\",\"breadcrumb\":{\"@id\":\"https:\/\/hakner.eu\/uk\/oferta\/#breadcrumb\"},\"inLanguage\":\"ua\",\"potentialAction\":[{\"@type\":\"ReadAction\",\"target\":[\"https:\/\/hakner.eu\/uk\/oferta\/\"]}]},{\"@type\":\"BreadcrumbList\",\"@id\":\"https:\/\/hakner.eu\/uk\/oferta\/#breadcrumb\",\"itemListElement\":[{\"@type\":\"ListItem\",\"position\":1,\"name\":\"Home\",\"item\":\"https:\/\/hakner.eu\/uk\/\"},{\"@type\":\"ListItem\",\"position\":2,\"name\":\"\u041d\u0430\u0448\u0430 \u043f\u0440\u043e\u043f\u043e\u0437\u0438\u0446\u0456\u044f\"}]},{\"@type\":\"WebSite\",\"@id\":\"https:\/\/hakner.eu\/#website\",\"url\":\"https:\/\/hakner.eu\/\",\"name\":\"Hakner\",\"description\":\"Jako\u015b\u0107 Funkcjonalno\u015b\u0107 Design\",\"potentialAction\":[{\"@type\":\"SearchAction\",\"target\":{\"@type\":\"EntryPoint\",\"urlTemplate\":\"https:\/\/hakner.eu\/?s={search_term_string}\"},\"query-input\":{\"@type\":\"PropertyValueSpecification\",\"valueRequired\":true,\"valueName\":\"search_term_string\"}}],\"inLanguage\":\"ua\"}]}<\/script>\n<!-- \/ Yoast SEO plugin. -->","yoast_head_json":{"title":"Hakner - nasza oferta","robots":{"index":"index","follow":"follow","max-snippet":"max-snippet:-1","max-image-preview":"max-image-preview:large","max-video-preview":"max-video-preview:-1"},"canonical":"https:\/\/hakner.eu\/uk\/oferta\/","og_locale":"en_US","og_type":"article","og_title":"Hakner - nasza oferta","og_description":"\u041f\u0440\u043e\u043f\u043e\u0437\u0438\u0446\u0456\u044f \u0431\u0440\u0435\u043d\u0434\u0443 HAKNER \u0432\u043a\u043b\u044e\u0447\u0430\u0454 \u0432 \u0441\u0435\u0431\u0435 \u0440\u0456\u0437\u043d\u043e\u043c\u0430\u043d\u0456\u0442\u043d\u0443 \u043c\u0435\u0431\u043b\u0435\u0432\u0443 \u0444\u0443\u0440\u043d\u0456\u0442\u0443\u0440\u0443: \u043d\u0430\u043f\u0440\u0430\u0432\u043b\u044f\u044e\u0447\u0456 \u043f\u0440\u043e\u0441\u0442\u043e\u0457 \u0442\u0430 \u043d\u0430\u0434\u0456\u0439\u043d\u043e\u0457 \u043a\u043e\u043d\u0441\u0442\u0440\u0443\u043a\u0446\u0456\u0457, \u043f\u0456\u0434\u0439\u043e\u043c\u043d\u0438\u043a\u0438, \u0449\u043e \u0437\u0431\u0456\u043b\u044c\u0448\u0443\u044e\u0442\u044c \u0435\u0440\u0433\u043e\u043d\u043e\u043c\u0456\u0447\u043d\u0456\u0441\u0442\u044c \u043c\u0435\u0431\u043b\u0456\u0432, \u0441\u0430\u043d\u0442\u0435\u0445\u043d\u0456\u0447\u043d\u0443 \u0442\u0430 \u0442\u0443\u0430\u043b\u0435\u0442\u043d\u0443 \u0444\u0443\u0440\u043d\u0456\u0442\u0443\u0440\u0443, \u0449\u043e \u043f\u043e\u0454\u0434\u043d\u0443\u0454 \u0432 \u0441\u043e\u0431\u0456 \u043d\u0430\u0439\u0432\u0438\u0449\u0443 \u044f\u043a\u0456\u0441\u0442\u044c \u0456 \u0432\u0456\u0434\u043c\u0456\u043d\u043d\u0443 \u0444\u0443\u043d\u043a\u0446\u0456\u043e\u043d\u0430\u043b\u044c\u043d\u0456\u0441\u0442\u044c, \u0444\u0443\u0440\u043d\u0456\u0442\u0443\u0440\u0443 \u0434\u043b\u044f \u043c\u2019\u044f\u043a\u0438\u0445 \u043c\u0435\u0431\u043b\u0456\u0432, \u0449\u043e \u0445\u0430\u0440\u0430\u043a\u0442\u0435\u0440\u0438\u0437\u0443\u0454\u0442\u044c\u0441\u044f \u0434\u043e\u0432\u0433\u043e\u0432\u0456\u0447\u043d\u0456\u0441\u0442\u044e \u0456 \u043a\u043e\u043c\u0444\u043e\u0440\u0442\u043e\u043c \u0432\u0438\u043a\u043e\u0440\u0438\u0441\u0442\u0430\u043d\u043d\u044f, \u0456\u043d\u043d\u043e\u0432\u0430\u0446\u0456\u0439\u043d\u0456 \u0430\u043a\u0441\u0435\u0441\u0443\u0430\u0440\u0438 \u0434\u043b\u044f \u043e\u0444\u0456\u0441\u043d\u0438\u0445 \u043c\u0435\u0431\u043b\u0456\u0432 \u0456 \u0448\u0438\u0440\u043e\u043a\u0438\u0439 \u0430\u0441\u043e\u0440\u0442\u0438\u043c\u0435\u043d\u0442 \u043c\u0435\u0431\u043b\u0435\u0432\u0438\u0445 \u0437\u0430\u043c\u043a\u0456\u0432 \u2013 \u043c\u0435\u0445\u0430\u043d\u0456\u0447\u043d\u0456 \u0442\u0430 [&hellip;]","og_url":"https:\/\/hakner.eu\/uk\/oferta\/","og_site_name":"Hakner","article_modified_time":"2024-06-04T09:59:00+00:00","twitter_card":"summary_large_image","twitter_misc":{"Est. reading time":"1 minute"},"schema":{"@context":"https:\/\/schema.org","@graph":[{"@type":"WebPage","@id":"https:\/\/hakner.eu\/uk\/oferta\/","url":"https:\/\/hakner.eu\/uk\/oferta\/","name":"Hakner - nasza oferta","isPartOf":{"@id":"https:\/\/hakner.eu\/#website"},"datePublished":"2022-10-24T18:37:24+00:00","dateModified":"2024-06-04T09:59:00+00:00","breadcrumb":{"@id":"https:\/\/hakner.eu\/uk\/oferta\/#breadcrumb"},"inLanguage":"ua","potentialAction":[{"@type":"ReadAction","target":["https:\/\/hakner.eu\/uk\/oferta\/"]}]},{"@type":"BreadcrumbList","@id":"https:\/\/hakner.eu\/uk\/oferta\/#breadcrumb","itemListElement":[{"@type":"ListItem","position":1,"name":"Home","item":"https:\/\/hakner.eu\/uk\/"},{"@type":"ListItem","position":2,"name":"\u041d\u0430\u0448\u0430 \u043f\u0440\u043e\u043f\u043e\u0437\u0438\u0446\u0456\u044f"}]},{"@type":"WebSite","@id":"https:\/\/hakner.eu\/#website","url":"https:\/\/hakner.eu\/","name":"Hakner","description":"Jako\u015b\u0107 Funkcjonalno\u015b\u0107 Design","potentialAction":[{"@type":"SearchAction","target":{"@type":"EntryPoint","urlTemplate":"https:\/\/hakner.eu\/?s={search_term_string}"},"query-input":{"@type":"PropertyValueSpecification","valueRequired":true,"valueName":"search_term_string"}}],"inLanguage":"ua"}]}},"_links":{"self":[{"href":"https:\/\/hakner.eu\/uk\/wp-json\/wp\/v2\/pages\/1555","targetHints":{"allow":["GET"]}}],"collection":[{"href":"https:\/\/hakner.eu\/uk\/wp-json\/wp\/v2\/pages"}],"about":[{"href":"https:\/\/hakner.eu\/uk\/wp-json\/wp\/v2\/types\/page"}],"author":[{"embeddable":true,"href":"https:\/\/hakner.eu\/uk\/wp-json\/wp\/v2\/users\/1"}],"replies":[{"embeddable":true,"href":"https:\/\/hakner.eu\/uk\/wp-json\/wp\/v2\/comments?post=1555"}],"version-history":[{"count":5,"href":"https:\/\/hakner.eu\/uk\/wp-json\/wp\/v2\/pages\/1555\/revisions"}],"predecessor-version":[{"id":1657,"href":"https:\/\/hakner.eu\/uk\/wp-json\/wp\/v2\/pages\/1555\/revisions\/1657"}],"wp:attachment":[{"href":"https:\/\/hakner.eu\/uk\/wp-json\/wp\/v2\/media?parent=1555"}],"curies":[{"name":"wp","href":"https:\/\/api.w.org\/{rel}","templated":true}]}}