{"id":1559,"date":"2022-10-26T15:22:38","date_gmt":"2022-10-26T13:22:38","guid":{"rendered":"https:\/\/hakner.eu\/%d0%b7%d0%be%d0%bd%d0%b0-b2b\/"},"modified":"2024-06-20T15:41:01","modified_gmt":"2024-06-20T13:41:01","slug":"strefa-b2b","status":"publish","type":"page","link":"https:\/\/hakner.eu\/uk\/strefa-b2b\/","title":{"rendered":"\u0417\u043e\u043d\u0430 B2B"},"content":{"rendered":"\n<p>\u0414\u043b\u044f \u043f\u0440\u043e\u0444\u0435\u0441\u0456\u0439\u043d\u0438\u0445 \u041a\u043b\u0456\u0454\u043d\u0442\u0456\u0432 \u043c\u0438 \u043f\u0456\u0434\u0433\u043e\u0442\u0443\u0432\u0430\u043b\u0438 \u0441\u043f\u0435\u0446\u0456\u0430\u043b\u044c\u043d\u0443 B2B-\u043f\u0440\u043e\u043f\u043e\u0437\u0438\u0446\u0456\u044e, \u0434\u043e\u0441\u0442\u0443\u043f\u043d\u0443 \u043f\u0456\u0441\u043b\u044f \u0432\u0445\u043e\u0434\u0443 \u0432 \u0417\u043e\u043d\u0443 B2B.<\/p>\n\n<h4 class=\"wp-block-heading\">\u041f\u0435\u0440\u0435\u0432\u0430\u0433\u0438, \u044f\u043a\u0456 \u0447\u0435\u043a\u0430\u044e\u0442\u044c \u043d\u0430 \u0412\u0430\u0448\u0443 \u043a\u043e\u043c\u043f\u0430\u043d\u0456\u044e \u0432 \u0417\u043e\u043d\u0456 B2B:<\/h4>\n\n<p><\/p>\n\n<ul class=\"wp-block-list\">\n<li>\u0444\u0456\u043a\u0441\u043e\u0432\u0430\u043d\u0456 \u0437\u043d\u0438\u0436\u043a\u0438 \u0432 \u0437\u0430\u043b\u0435\u0436\u043d\u043e\u0441\u0442\u0456 \u0432\u0456\u0434 \u043e\u0431\u043e\u0440\u043e\u0442\u0443<\/li>\n\n\n\n<li>\u043f\u0440\u0435\u0434\u0441\u0442\u0430\u0432\u043b\u0435\u043d\u043d\u044f \u0446\u0456\u043d \u0431\u0435\u0437 \u041f\u0414\u0412 \u0437 \u0443\u0440\u0430\u0445\u0443\u0432\u0430\u043d\u043d\u044f\u043c \u0412\u0430\u0448\u043e\u0457 \u0437\u043d\u0438\u0436\u043a\u0438<\/li>\n\n\n\n<li>\u043c\u043e\u0436\u043b\u0438\u0432\u0456\u0441\u0442\u044c \u0432\u0438\u043a\u043e\u0440\u0438\u0441\u0442\u0430\u043d\u043d\u044f \u043a\u043e\u043c\u0435\u0440\u0446\u0456\u0439\u043d\u043e\u0433\u043e \u043a\u0440\u0435\u0434\u0438\u0442\u0443 \u0442\u0430 \u0432\u0456\u0434\u0441\u0442\u0440\u043e\u0447\u043a\u0438 \u043f\u043b\u0430\u0442\u0435\u0436\u0456\u0432<\/li>\n\n\n\n<li>\u0430\u043a\u0446\u0456\u0457 \u0434\u0456\u044e\u0442\u044c \u0442\u0456\u043b\u044c\u043a\u0438 \u0434\u043b\u044f \u043e\u043f\u0442\u043e\u0432\u0438\u0445 \u043a\u043b\u0456\u0454\u043d\u0442\u0456\u0432<\/li>\n\n\n\n<li>\u043f\u0440\u043e\u0441\u0442\u0435 \u0437\u0431\u0435\u0440\u0435\u0436\u0435\u043d\u043d\u044f \u0430\u0434\u0440\u0435\u0441 \u0434\u043e\u0441\u0442\u0430\u0432\u043a\u0438 \u0442\u0430 \u0440\u0430\u0445\u0443\u043d\u043a\u0456\u0432<\/li>\n\n\n\n<li>\u0437\u0430\u043c\u043e\u0432\u043b\u0435\u043d\u043d\u044f \u0456\u0437 \u0417\u043e\u043d\u0438 B2B \u043c\u0430\u044e\u0442\u044c \u043d\u0430\u0439\u0432\u0438\u0449\u0438\u0439 \u043f\u0440\u0456\u043e\u0440\u0438\u0442\u0435\u0442 \u0440\u0435\u0430\u043b\u0456\u0437\u0430\u0446\u0456\u0457<\/li>\n\n\n\n<li>\u043c\u043e\u0436\u043b\u0438\u0432\u0456\u0441\u0442\u044c \u043e\u0444\u043e\u0440\u043c\u043b\u0435\u043d\u043d\u044f \u0437\u0430\u043c\u043e\u0432\u043b\u0435\u043d\u043d\u044f \u0432 \u0441\u0438\u0441\u0442\u0435\u043c\u0456 \u043f\u0435\u0440\u0435\u0434\u0437\u0430\u043c\u043e\u0432\u043b\u0435\u043d\u043d\u044f<\/li>\n\n\n\n<li>\u0440\u043e\u0437\u0448\u0438\u0440\u0435\u043d\u0430 \u043f\u0440\u043e\u043f\u043e\u0437\u0438\u0446\u0456\u044f \u0442\u043e\u0432\u0430\u0440\u0456\u0432<\/li>\n\n\n\n<li>\u0431\u0435\u0437\u043a\u043e\u0448\u0442\u043e\u0432\u043d\u0456 \u043a\u0430\u0442\u0430\u043b\u043e\u0433\u0438 \u0432 \u0435\u043b\u0435\u043a\u0442\u0440\u043e\u043d\u043d\u043e\u043c\u0443 \u0442\u0430 \u043f\u0430\u043f\u0435\u0440\u043e\u0432\u043e\u043c\u0443 \u0432\u0430\u0440\u0456\u0430\u043d\u0442\u0430\u0445<\/li>\n\n\n\n<li>\u0434\u043e\u043f\u043e\u043c\u043e\u0433\u0430 \u043d\u0430\u0448\u0438\u0445 \u043a\u043e\u043d\u0441\u0443\u043b\u044c\u0442\u0430\u043d\u0442\u0456\u0432 <\/li>\n<\/ul>\n\n<div class=\"wp-block-buttons is-layout-flex wp-block-buttons-is-layout-flex\">\n<div class=\"wp-block-button full\"><a class=\"wp-block-button__link wp-element-button\" href=\"https:\/\/gryc24.pl\/strefa-b2b.html\">\u041f\u0435\u0440\u0435\u0439\u0442\u0438 \u0432 \u0417\u043e\u043d\u0443 B2B<\/a><\/div>\n<\/div>\n","protected":false},"excerpt":{"rendered":"<p>\u0414\u043b\u044f \u043f\u0440\u043e\u0444\u0435\u0441\u0456\u0439\u043d\u0438\u0445 \u041a\u043b\u0456\u0454\u043d\u0442\u0456\u0432 \u043c\u0438 \u043f\u0456\u0434\u0433\u043e\u0442\u0443\u0432\u0430\u043b\u0438 \u0441\u043f\u0435\u0446\u0456\u0430\u043b\u044c\u043d\u0443 B2B-\u043f\u0440\u043e\u043f\u043e\u0437\u0438\u0446\u0456\u044e, \u0434\u043e\u0441\u0442\u0443\u043f\u043d\u0443 \u043f\u0456\u0441\u043b\u044f \u0432\u0445\u043e\u0434\u0443 \u0432 \u0417\u043e\u043d\u0443 B2B. \u041f\u0435\u0440\u0435\u0432\u0430\u0433\u0438, \u044f\u043a\u0456 \u0447\u0435\u043a\u0430\u044e\u0442\u044c \u043d\u0430 \u0412\u0430\u0448\u0443 \u043a\u043e\u043c\u043f\u0430\u043d\u0456\u044e \u0432 \u0417\u043e\u043d\u0456 B2B:<\/p>\n","protected":false},"author":1,"featured_media":1560,"parent":0,"menu_order":73,"comment_status":"closed","ping_status":"closed","template":"template_ecommerce.php","meta":{"_acf_changed":false,"qubely_global_settings":"","qubely_interactions":"","footnotes":""},"class_list":["post-1559","page","type-page","status-publish","has-post-thumbnail","hentry"],"acf":[],"yoast_head":"<!-- This site is optimized with the Yoast SEO plugin v27.2 - https:\/\/yoast.com\/product\/yoast-seo-wordpress\/ -->\n<title>\u0417\u043e\u043d\u0430 B2B - Hakner<\/title>\n<meta name=\"robots\" content=\"index, follow, max-snippet:-1, max-image-preview:large, max-video-preview:-1\" \/>\n<link rel=\"canonical\" href=\"https:\/\/hakner.eu\/ua\/strefa-b2b\/\" \/>\n<meta property=\"og:locale\" content=\"en_US\" \/>\n<meta property=\"og:type\" content=\"article\" \/>\n<meta property=\"og:title\" content=\"\u0417\u043e\u043d\u0430 B2B - Hakner\" \/>\n<meta property=\"og:description\" content=\"\u0414\u043b\u044f \u043f\u0440\u043e\u0444\u0435\u0441\u0456\u0439\u043d\u0438\u0445 \u041a\u043b\u0456\u0454\u043d\u0442\u0456\u0432 \u043c\u0438 \u043f\u0456\u0434\u0433\u043e\u0442\u0443\u0432\u0430\u043b\u0438 \u0441\u043f\u0435\u0446\u0456\u0430\u043b\u044c\u043d\u0443 B2B-\u043f\u0440\u043e\u043f\u043e\u0437\u0438\u0446\u0456\u044e, \u0434\u043e\u0441\u0442\u0443\u043f\u043d\u0443 \u043f\u0456\u0441\u043b\u044f \u0432\u0445\u043e\u0434\u0443 \u0432 \u0417\u043e\u043d\u0443 B2B. \u041f\u0435\u0440\u0435\u0432\u0430\u0433\u0438, \u044f\u043a\u0456 \u0447\u0435\u043a\u0430\u044e\u0442\u044c \u043d\u0430 \u0412\u0430\u0448\u0443 \u043a\u043e\u043c\u043f\u0430\u043d\u0456\u044e \u0432 \u0417\u043e\u043d\u0456 B2B:\" \/>\n<meta property=\"og:url\" content=\"https:\/\/hakner.eu\/ua\/strefa-b2b\/\" \/>\n<meta property=\"og:site_name\" content=\"Hakner\" \/>\n<meta property=\"article:modified_time\" content=\"2024-06-20T13:41:01+00:00\" \/>\n<meta property=\"og:image\" content=\"https:\/\/hakner.eu\/wp-content\/uploads\/2022\/12\/b2b.png\" \/>\n\t<meta property=\"og:image:width\" content=\"650\" \/>\n\t<meta property=\"og:image:height\" content=\"597\" \/>\n\t<meta property=\"og:image:type\" content=\"image\/png\" \/>\n<meta name=\"twitter:card\" content=\"summary_large_image\" \/>\n<meta name=\"twitter:label1\" content=\"Est. reading time\" \/>\n\t<meta name=\"twitter:data1\" content=\"1 minute\" \/>\n<script type=\"application\/ld+json\" class=\"yoast-schema-graph\">{\"@context\":\"https:\/\/schema.org\",\"@graph\":[{\"@type\":\"WebPage\",\"@id\":\"https:\/\/hakner.eu\/ua\/strefa-b2b\/\",\"url\":\"https:\/\/hakner.eu\/ua\/strefa-b2b\/\",\"name\":\"\u0417\u043e\u043d\u0430 B2B - Hakner\",\"isPartOf\":{\"@id\":\"https:\/\/hakner.eu\/#website\"},\"primaryImageOfPage\":{\"@id\":\"https:\/\/hakner.eu\/ua\/strefa-b2b\/#primaryimage\"},\"image\":{\"@id\":\"https:\/\/hakner.eu\/ua\/strefa-b2b\/#primaryimage\"},\"thumbnailUrl\":\"https:\/\/hakner.eu\/wp-content\/uploads\/2022\/12\/b2b.png\",\"datePublished\":\"2022-10-26T13:22:38+00:00\",\"dateModified\":\"2024-06-20T13:41:01+00:00\",\"breadcrumb\":{\"@id\":\"https:\/\/hakner.eu\/ua\/strefa-b2b\/#breadcrumb\"},\"inLanguage\":\"ua\",\"potentialAction\":[{\"@type\":\"ReadAction\",\"target\":[\"https:\/\/hakner.eu\/ua\/strefa-b2b\/\"]}]},{\"@type\":\"ImageObject\",\"inLanguage\":\"ua\",\"@id\":\"https:\/\/hakner.eu\/ua\/strefa-b2b\/#primaryimage\",\"url\":\"https:\/\/hakner.eu\/wp-content\/uploads\/2022\/12\/b2b.png\",\"contentUrl\":\"https:\/\/hakner.eu\/wp-content\/uploads\/2022\/12\/b2b.png\",\"width\":650,\"height\":597},{\"@type\":\"BreadcrumbList\",\"@id\":\"https:\/\/hakner.eu\/ua\/strefa-b2b\/#breadcrumb\",\"itemListElement\":[{\"@type\":\"ListItem\",\"position\":1,\"name\":\"Home\",\"item\":\"https:\/\/hakner.eu\/uk\/\"},{\"@type\":\"ListItem\",\"position\":2,\"name\":\"\u0417\u043e\u043d\u0430 B2B\"}]},{\"@type\":\"WebSite\",\"@id\":\"https:\/\/hakner.eu\/#website\",\"url\":\"https:\/\/hakner.eu\/\",\"name\":\"Hakner\",\"description\":\"Jako\u015b\u0107 Funkcjonalno\u015b\u0107 Design\",\"potentialAction\":[{\"@type\":\"SearchAction\",\"target\":{\"@type\":\"EntryPoint\",\"urlTemplate\":\"https:\/\/hakner.eu\/?s={search_term_string}\"},\"query-input\":{\"@type\":\"PropertyValueSpecification\",\"valueRequired\":true,\"valueName\":\"search_term_string\"}}],\"inLanguage\":\"ua\"}]}<\/script>\n<!-- \/ Yoast SEO plugin. -->","yoast_head_json":{"title":"\u0417\u043e\u043d\u0430 B2B - Hakner","robots":{"index":"index","follow":"follow","max-snippet":"max-snippet:-1","max-image-preview":"max-image-preview:large","max-video-preview":"max-video-preview:-1"},"canonical":"https:\/\/hakner.eu\/ua\/strefa-b2b\/","og_locale":"en_US","og_type":"article","og_title":"\u0417\u043e\u043d\u0430 B2B - Hakner","og_description":"\u0414\u043b\u044f \u043f\u0440\u043e\u0444\u0435\u0441\u0456\u0439\u043d\u0438\u0445 \u041a\u043b\u0456\u0454\u043d\u0442\u0456\u0432 \u043c\u0438 \u043f\u0456\u0434\u0433\u043e\u0442\u0443\u0432\u0430\u043b\u0438 \u0441\u043f\u0435\u0446\u0456\u0430\u043b\u044c\u043d\u0443 B2B-\u043f\u0440\u043e\u043f\u043e\u0437\u0438\u0446\u0456\u044e, \u0434\u043e\u0441\u0442\u0443\u043f\u043d\u0443 \u043f\u0456\u0441\u043b\u044f \u0432\u0445\u043e\u0434\u0443 \u0432 \u0417\u043e\u043d\u0443 B2B. \u041f\u0435\u0440\u0435\u0432\u0430\u0433\u0438, \u044f\u043a\u0456 \u0447\u0435\u043a\u0430\u044e\u0442\u044c \u043d\u0430 \u0412\u0430\u0448\u0443 \u043a\u043e\u043c\u043f\u0430\u043d\u0456\u044e \u0432 \u0417\u043e\u043d\u0456 B2B:","og_url":"https:\/\/hakner.eu\/ua\/strefa-b2b\/","og_site_name":"Hakner","article_modified_time":"2024-06-20T13:41:01+00:00","og_image":[{"width":650,"height":597,"url":"https:\/\/hakner.eu\/wp-content\/uploads\/2022\/12\/b2b.png","type":"image\/png"}],"twitter_card":"summary_large_image","twitter_misc":{"Est. reading time":"1 minute"},"schema":{"@context":"https:\/\/schema.org","@graph":[{"@type":"WebPage","@id":"https:\/\/hakner.eu\/ua\/strefa-b2b\/","url":"https:\/\/hakner.eu\/ua\/strefa-b2b\/","name":"\u0417\u043e\u043d\u0430 B2B - Hakner","isPartOf":{"@id":"https:\/\/hakner.eu\/#website"},"primaryImageOfPage":{"@id":"https:\/\/hakner.eu\/ua\/strefa-b2b\/#primaryimage"},"image":{"@id":"https:\/\/hakner.eu\/ua\/strefa-b2b\/#primaryimage"},"thumbnailUrl":"https:\/\/hakner.eu\/wp-content\/uploads\/2022\/12\/b2b.png","datePublished":"2022-10-26T13:22:38+00:00","dateModified":"2024-06-20T13:41:01+00:00","breadcrumb":{"@id":"https:\/\/hakner.eu\/ua\/strefa-b2b\/#breadcrumb"},"inLanguage":"ua","potentialAction":[{"@type":"ReadAction","target":["https:\/\/hakner.eu\/ua\/strefa-b2b\/"]}]},{"@type":"ImageObject","inLanguage":"ua","@id":"https:\/\/hakner.eu\/ua\/strefa-b2b\/#primaryimage","url":"https:\/\/hakner.eu\/wp-content\/uploads\/2022\/12\/b2b.png","contentUrl":"https:\/\/hakner.eu\/wp-content\/uploads\/2022\/12\/b2b.png","width":650,"height":597},{"@type":"BreadcrumbList","@id":"https:\/\/hakner.eu\/ua\/strefa-b2b\/#breadcrumb","itemListElement":[{"@type":"ListItem","position":1,"name":"Home","item":"https:\/\/hakner.eu\/uk\/"},{"@type":"ListItem","position":2,"name":"\u0417\u043e\u043d\u0430 B2B"}]},{"@type":"WebSite","@id":"https:\/\/hakner.eu\/#website","url":"https:\/\/hakner.eu\/","name":"Hakner","description":"Jako\u015b\u0107 Funkcjonalno\u015b\u0107 Design","potentialAction":[{"@type":"SearchAction","target":{"@type":"EntryPoint","urlTemplate":"https:\/\/hakner.eu\/?s={search_term_string}"},"query-input":{"@type":"PropertyValueSpecification","valueRequired":true,"valueName":"search_term_string"}}],"inLanguage":"ua"}]}},"_links":{"self":[{"href":"https:\/\/hakner.eu\/uk\/wp-json\/wp\/v2\/pages\/1559","targetHints":{"allow":["GET"]}}],"collection":[{"href":"https:\/\/hakner.eu\/uk\/wp-json\/wp\/v2\/pages"}],"about":[{"href":"https:\/\/hakner.eu\/uk\/wp-json\/wp\/v2\/types\/page"}],"author":[{"embeddable":true,"href":"https:\/\/hakner.eu\/uk\/wp-json\/wp\/v2\/users\/1"}],"replies":[{"embeddable":true,"href":"https:\/\/hakner.eu\/uk\/wp-json\/wp\/v2\/comments?post=1559"}],"version-history":[{"count":5,"href":"https:\/\/hakner.eu\/uk\/wp-json\/wp\/v2\/pages\/1559\/revisions"}],"predecessor-version":[{"id":1678,"href":"https:\/\/hakner.eu\/uk\/wp-json\/wp\/v2\/pages\/1559\/revisions\/1678"}],"wp:featuredmedia":[{"embeddable":true,"href":"https:\/\/hakner.eu\/uk\/wp-json\/wp\/v2\/media\/1560"}],"wp:attachment":[{"href":"https:\/\/hakner.eu\/uk\/wp-json\/wp\/v2\/media?parent=1559"}],"curies":[{"name":"wp","href":"https:\/\/api.w.org\/{rel}","templated":true}]}}