{"id":1563,"date":"2022-10-26T15:23:04","date_gmt":"2022-10-26T13:23:04","guid":{"rendered":"https:\/\/hakner.eu\/%d0%bf%d1%80%d0%be-%d0%b1%d1%80%d0%b5%d0%bd%d0%b4\/"},"modified":"2025-02-03T08:49:19","modified_gmt":"2025-02-03T07:49:19","slug":"%d0%bf%d1%80%d0%be-%d0%b1%d1%80%d0%b5%d0%bd%d0%b4","status":"publish","type":"page","link":"https:\/\/hakner.eu\/uk\/%d0%bf%d1%80%d0%be-%d0%b1%d1%80%d0%b5%d0%bd%d0%b4\/","title":{"rendered":"\u041f\u0440\u043e \u0431\u0440\u0435\u043d\u0434"},"content":{"rendered":"\n<p>\u0414\u043e\u0441\u0432\u0456\u0434, \u044f\u043a\u0456\u0441\u0442\u044c \u043f\u0440\u043e\u0434\u0443\u043a\u0446\u0456\u0457 \u0442\u0430 \u0457\u0457 \u0444\u0443\u043d\u043a\u0446\u0456\u043e\u043d\u0430\u043b\u044c\u043d\u0456\u0441\u0442\u044c \u0454 \u043e\u0441\u043d\u043e\u0432\u043e\u044e \u0432\u0438\u043d\u0438\u043a\u043d\u0435\u043d\u043d\u044f \u0431\u0440\u0435\u043d\u0434\u0443 HAKNER. \u0421\u044c\u043e\u0433\u043e\u0434\u043d\u0456 \u043c\u0438 \u0454 \u043f\u0440\u043e\u0432\u0456\u0434\u043d\u0438\u043c \u043f\u0430\u0440\u0442\u043d\u0435\u0440\u043e\u043c \u0456 \u043f\u043e\u0441\u0442\u0430\u0447\u0430\u043b\u044c\u043d\u0438\u043a\u043e\u043c \u0444\u0443\u0440\u043d\u0456\u0442\u0443\u0440\u0438 \u0434\u043b\u044f \u0432\u0438\u0440\u043e\u0431\u043d\u0438\u0446\u0442\u0432\u0430 \u043c\u0435\u0431\u043b\u0456\u0432, \u0441\u0430\u043d\u0442\u0435\u0445\u043d\u0456\u043a\u0438 \u0442\u0430 \u0430\u043a\u0441\u0435\u0441\u0443\u0430\u0440\u0456\u0432 \u0434\u043b\u044f \u043f\u0456\u0434\u0442\u0440\u0438\u043c\u043a\u0438 \u0444\u0443\u043d\u043a\u0446\u0456\u043e\u043d\u0430\u043b\u044c\u043d\u043e\u0441\u0442\u0456 \u043c\u0435\u0431\u043b\u0456\u0432. \u0417\u0430\u0432\u0434\u044f\u043a\u0438 \u0432\u0438\u0441\u043e\u043a\u0456\u0439 \u044f\u043a\u043e\u0441\u0442\u0456 \u043f\u0440\u043e\u0434\u0443\u043a\u0446\u0456\u044f \u0431\u0440\u0435\u043d\u0434\u0443 HAKNER \u0437\u0430\u0431\u0435\u0437\u043f\u0435\u0447\u0443\u0454 \u043a\u043e\u043c\u0444\u043e\u0440\u0442 \u0432\u0438\u043a\u043e\u0440\u0438\u0441\u0442\u0430\u043d\u043d\u044f \u0442\u0430 \u0435\u0441\u0442\u0435\u0442\u0438\u0447\u043d\u0456\u0441\u0442\u044c, \u0430 \u0442\u0430\u043a\u043e\u0436 \u0432\u0456\u0434\u043f\u043e\u0432\u0456\u0434\u0430\u0454 \u0432\u0438\u0441\u043e\u043a\u0438\u043c \u0432\u0438\u043c\u043e\u0433\u0430\u043c \u043d\u0430\u0448\u0438\u0445 \u041a\u043b\u0456\u0454\u043d\u0442\u0456\u0432. <\/p>\n\n\n\n<p>\u0423 \u0434\u0438\u0437\u0430\u0439\u043d\u0456 \u0456\u043d\u0442\u0435\u0440\u2019\u0454\u0440\u0443 \u0432\u0430\u0436\u043b\u0438\u0432\u0456 \u0434\u0435\u0442\u0430\u043b\u0456. \u0412\u043e\u043d\u0438 \u0437\u0430\u0432\u0436\u0434\u0438 \u0432\u043f\u043b\u0438\u0432\u0430\u044e\u0442\u044c \u043d\u0430 \u043a\u0456\u043d\u0446\u0435\u0432\u0438\u0439 \u0435\u0444\u0435\u043a\u0442, \u0442\u043e\u043c\u0443 \u0434\u043b\u044f \u0434\u043e\u0441\u044f\u0433\u043d\u0435\u043d\u043d\u044f \u043d\u0430\u0439\u043a\u0440\u0430\u0449\u043e\u0457 \u0435\u0441\u0442\u0435\u0442\u0438\u043a\u0438 \u0432\u0430\u0440\u0442\u043e \u0432\u0438\u043a\u043e\u0440\u0438\u0441\u0442\u043e\u0432\u0443\u0432\u0430\u0442\u0438 \u043b\u0438\u0448\u0435 \u044f\u043a\u0456\u0441\u043d\u0456 \u0442\u0430 \u0444\u0443\u043d\u043a\u0446\u0456\u043e\u043d\u0430\u043b\u044c\u043d\u0456 \u0435\u043b\u0435\u043c\u0435\u043d\u0442\u0438. \u0412\u0441\u044f \u043f\u0440\u043e\u0434\u0443\u043a\u0446\u0456\u044f \u0431\u0440\u0435\u043d\u0434\u0443 HAKNER \u043f\u043e\u0454\u0434\u043d\u0443\u0454 \u0432 \u0441\u043e\u0431\u0456 \u0432\u0456\u0447\u043d\u0443 \u043a\u043b\u0430\u0441\u0438\u043a\u0443, \u043d\u0430\u0439\u0432\u0438\u0449\u0443 \u044f\u043a\u0456\u0441\u0442\u044c \u0432\u0438\u043a\u043e\u043d\u0430\u043d\u043d\u044f \u0437 \u0447\u0443\u0434\u043e\u0432\u043e\u044e \u0444\u0443\u043d\u043a\u0446\u0456\u043e\u043d\u0430\u043b\u044c\u043d\u0456\u0441\u0442\u044e. \u0417\u0430\u0432\u0434\u044f\u043a\u0438 \u043d\u0456\u0439 \u0449\u043e\u0434\u0435\u043d\u043d\u0456 \u0434\u0456\u0457 \u0441\u0442\u0430\u044e\u0442\u044c \u043b\u0435\u0433\u0448\u0438\u043c\u0438 \u0442\u0430 \u0449\u0435 \u0437\u0440\u0443\u0447\u043d\u0456\u0448\u0438\u043c\u0438. <\/p>\n\n\n\n<p>\u041c\u0435\u0442\u043e\u044e \u0431\u0440\u0435\u043d\u0434\u0443 HAKNER \u0454 \u043d\u0430\u0434\u0430\u043d\u043d\u044f \u0442\u043e\u0432\u0430\u0440\u0456\u0432, \u044f\u043a\u0456 \u043f\u043e\u0437\u0438\u0442\u0438\u0432\u043d\u043e \u0432\u043f\u043b\u0438\u043d\u0443\u0442\u044c \u043d\u0430 \u0437\u0430\u0434\u043e\u0432\u043e\u043b\u0435\u043d\u0456\u0441\u0442\u044c \u043d\u0430\u0448\u0438\u0445 \u043a\u043b\u0456\u0454\u043d\u0442\u0456\u0432 \u0456 \u0441\u0442\u0432\u043e\u0440\u044f\u0442\u044c \u043d\u0430\u0439\u043a\u0440\u0430\u0449\u0456 \u0443\u043c\u043e\u0432\u0438 \u0434\u043b\u044f \u043a\u043e\u043c\u0444\u043e\u0440\u0442\u043d\u043e\u0433\u043e \u0432\u0438\u043a\u043e\u0440\u0438\u0441\u0442\u0430\u043d\u043d\u044f \u043f\u0440\u043e\u0434\u0443\u043a\u0446\u0456\u0457. <\/p>\n\n\n\n<p><strong>\u0421\u0435\u0440\u0442\u0438\u0444\u0456\u043a\u0430\u0442 \u0442\u043e\u0440\u0433\u043e\u0432\u043e\u0457 \u043c\u0430\u0440\u043a\u0438 \u0404\u0421<\/strong><\/p>\n\n\n\n<p>\u0420\u0435\u0454\u0441\u0442\u0440\u0430\u0446\u0456\u044f \u043d\u0430\u0448\u043e\u0457 \u0442\u043e\u0440\u0433\u043e\u0432\u043e\u0457 \u043c\u0430\u0440\u043a\u0438 \u0432 \u0404\u0432\u0440\u043e\u043f\u0435\u0439\u0441\u044c\u043a\u0456\u0439 \u0430\u0433\u0435\u043d\u0446\u0456\u0457 \u0456\u043d\u0442\u0435\u043b\u0435\u043a\u0442\u0443\u0430\u043b\u044c\u043d\u043e\u0457 \u0432\u043b\u0430\u0441\u043d\u043e\u0441\u0442\u0456 (EUIPO) \u0431\u0443\u043b\u0430 \u043e\u043f\u0443\u0431\u043b\u0456\u043a\u043e\u0432\u0430\u043d\u0430 8 \u0441\u0456\u0447\u043d\u044f 2025 \u0440 \u0432 \u0411\u044e\u043b\u0435\u0442\u0435\u043d\u0456 \u0404\u0432\u0440\u043e\u043f\u0435\u0439\u0441\u044c\u043a\u043e\u0433\u043e \u0421\u043e\u044e\u0437\u0443 \u043f\u0440\u043e \u0442\u043e\u0440\u0433\u043e\u0432\u0456 \u043c\u0430\u0440\u043a\u0438 \u2116 2025\/003. \u0426\u0435 \u0432\u0430\u0436\u043b\u0438\u0432\u0438\u0439 \u043a\u0440\u043e\u043a \u0443 \u0440\u043e\u0437\u0432\u0438\u0442\u043a\u0443 \u043d\u0430\u0448\u043e\u0433\u043e \u0431\u0440\u0435\u043d\u0434\u0443 \u0456 \u0449\u0435 \u043e\u0434\u0438\u043d \u0434\u043e\u043a\u0430\u0437, \u0449\u043e \u043a\u043e\u043c\u043f\u0430\u043d\u0456\u044f Hakner \u043f\u0456\u043a\u043b\u0443\u0454\u0442\u044c\u0441\u044f \u043f\u0440\u043e \u043f\u0440\u043e\u0444\u0435\u0441\u0456\u043e\u043d\u0430\u043b\u0456\u0437\u043c \u0442\u0430 \u0431\u0435\u0437\u043f\u0435\u043a\u0443.<\/p>\n\n\n\n<p><strong>\u0429\u043e \u043e\u0437\u043d\u0430\u0447\u0430\u0454 \u0441\u0435\u0440\u0442\u0438\u0444\u0456\u043a\u0430\u0442 \u0442\u043e\u0440\u0433\u043e\u0432\u043e\u0457 \u043c\u0430\u0440\u043a\u0438 \u0404\u0421?<\/strong><\/p>\n\n\n\n<p>\u0421\u0435\u0440\u0442\u0438\u0444\u0456\u043a\u0430\u0442 \u0442\u043e\u0440\u0433\u043e\u0432\u043e\u0457 \u043c\u0430\u0440\u043a\u0438 \u0404\u0421 \u2013 \u0446\u0435 \u043f\u0456\u0434\u0442\u0432\u0435\u0440\u0434\u0436\u0435\u043d\u043d\u044f, \u0449\u043e \u043d\u0430\u0448\u0430 \u0442\u043e\u0440\u0433\u043e\u0432\u0430 \u043c\u0430\u0440\u043a\u0430 \u0437\u0430\u0445\u0438\u0449\u0430\u0454\u0442\u044c\u0441\u044f \u043d\u0430 \u0442\u0435\u0440\u0438\u0442\u043e\u0440\u0456\u0457 \u0432\u0441\u044c\u043e\u0433\u043e \u0404\u0432\u0440\u043e\u043f\u0435\u0439\u0441\u044c\u043a\u043e\u0433\u043e \u0421\u043e\u044e\u0437\u0443. \u0426\u0435 \u043e\u0437\u043d\u0430\u0447\u0430\u0454:<\/p>\n\n\n\n<ul class=\"wp-block-list\">\n<li><strong>\u0410\u0432\u0442\u043e\u0440\u0438\u0442\u0435\u0442<\/strong>\u00a0\u2013 \u041d\u0430\u0448 \u0431\u0440\u0435\u043d\u0434 \u043f\u0435\u0440\u0435\u0432\u0456\u0440\u0435\u043d\u0438\u0439 \u0456 \u0437\u0430\u0440\u0435\u0454\u0441\u0442\u0440\u043e\u0432\u0430\u043d\u0438\u0439 \u0404\u0432\u0440\u043e\u043f\u0435\u0439\u0441\u044c\u043a\u043e\u044e \u0430\u0433\u0435\u043d\u0446\u0456\u0454\u044e \u0456\u043d\u0442\u0435\u043b\u0435\u043a\u0442\u0443\u0430\u043b\u044c\u043d\u043e\u0457 \u0432\u043b\u0430\u0441\u043d\u043e\u0441\u0442\u0456.<\/li>\n\n\n\n<li><strong>\u042e\u0440\u0438\u0434\u0438\u0447\u043d\u0438\u0439 \u0437\u0430\u0445\u0438\u0441\u0442<\/strong>\u00a0\u2013 \u0422\u043e\u0440\u0433\u043e\u0432\u0430 \u043c\u0430\u0440\u043a\u0430 Hakner \u044e\u0440\u0438\u0434\u0438\u0447\u043d\u043e \u0437\u0430\u0445\u0438\u0449\u0435\u043d\u0430, \u0449\u043e \u0437\u043c\u0456\u0446\u043d\u044e\u0454 \u043d\u0430\u0448\u0456 \u043f\u043e\u0437\u0438\u0446\u0456\u0457 \u043d\u0430 \u0440\u0438\u043d\u043a\u0443 \u0456 \u0434\u043e\u0437\u0432\u043e\u043b\u044f\u0454 \u0434\u0456\u044f\u0442\u0438 \u0449\u0435 \u0435\u0444\u0435\u043a\u0442\u0438\u0432\u043d\u0456\u0448\u0435.<\/li>\n\n\n\n<li><strong>\u0414\u043e\u0432\u0456\u0440\u0430<\/strong>\u00a0\u2013 \u0414\u043b\u044f \u043a\u043b\u0456\u0454\u043d\u0442\u0456\u0432, \u043f\u0430\u0440\u0442\u043d\u0435\u0440\u0456\u0432 \u0442\u0430 \u043f\u0456\u0434\u0440\u044f\u0434\u043d\u0438\u043a\u0456\u0432 \u0441\u0435\u0440\u0442\u0438\u0444\u0456\u043a\u0430\u0442 \u0454 \u0440\u0435\u0430\u043b\u044c\u043d\u0438\u043c \u0434\u043e\u043a\u0430\u0437\u043e\u043c \u0442\u043e\u0433\u043e, \u0449\u043e \u043c\u0438 \u0456\u043d\u0432\u0435\u0441\u0442\u0443\u0454\u043c\u043e \u0432 \u044f\u043a\u0456\u0441\u0442\u044c \u0442\u0430 \u0440\u043e\u0437\u0432\u0438\u0442\u043e\u043a \u0431\u0440\u0435\u043d\u0434\u0443.<\/li>\n<\/ul>\n\n\n\n<p>\u0421\u0435\u0440\u0442\u0438\u0444\u0456\u043a\u0430\u0442 \u0440\u0435\u0454\u0441\u0442\u0440\u0430\u0446\u0456\u0457 \u0434\u043e\u0441\u0442\u0443\u043f\u043d\u0438\u0439 \u0432 \u0435\u043b\u0435\u043a\u0442\u0440\u043e\u043d\u043d\u0456\u0439 \u0444\u043e\u0440\u043c\u0456, \u0439\u043e\u0433\u043e \u043c\u043e\u0436\u043d\u0430 \u0437\u0430\u0432\u0430\u043d\u0442\u0430\u0436\u0438\u0442\u0438 \u0442\u0430 \u043f\u0435\u0440\u0435\u0432\u0456\u0440\u0438\u0442\u0438 \u043d\u0430 \u0432\u0435\u0431\u0441\u0430\u0439\u0442\u0456 \u0404\u0432\u0440\u043e\u043f\u0435\u0439\u0441\u044c\u043a\u0456\u0439 \u0430\u0433\u0435\u043d\u0446\u0456\u0457 \u0456\u043d\u0442\u0435\u043b\u0435\u043a\u0442\u0443\u0430\u043b\u044c\u043d\u043e\u0457 \u0432\u043b\u0430\u0441\u043d\u043e\u0441\u0442\u0456 (EUIPO)<\/p>\n\n\n\n<div style=\"height:40px\" aria-hidden=\"true\" class=\"wp-block-spacer\"><\/div>\n\n\n\n<div class=\"wp-block-stackable-button-group stk-block-button-group stk-block stk-8225aa8\" data-block-id=\"8225aa8\"><style>.stk-8225aa8 .stk-button-group{flex-direction:row !important;}.stk-8225aa8 {min-height:0px !important;padding-top:0px !important;padding-right:0px !important;padding-bottom:0px !important;padding-left:0px !important;margin-bottom:0px !important;}.stk-8225aa8:hover{padding-top:0px !important;padding-right:0px !important;padding-bottom:0px !important;padding-left:0px !important;}@media screen and (max-width: 1023px){.stk-8225aa8 .stk-button-group{flex-direction:row !important;}}@media screen and (max-width: 767px){.stk-8225aa8 .stk-button-group{flex-direction:row !important;}}<\/style><div class=\"stk-row stk-inner-blocks has-text-align-center stk-block-content stk-button-group\">\n<div class=\"wp-block-stackable-button stk-block-button stk-block-expand__show-button stk-block stk-d01e2ba\" data-block-id=\"d01e2ba\"><style>.stk-d01e2ba .stk-button{padding-top:21px !important;padding-right:40px !important;padding-bottom:21px !important;padding-left:40px !important;background:#e63946 !important;}.stk-d01e2ba .stk-button:hover:after{background:#192e4c !important;opacity:1 !important;}.stk-d01e2ba .stk-button .stk--inner-svg svg:last-child{height:36px !important;width:36px !important;}.stk-d01e2ba .stk-button .stk--inner-svg svg:last-child, .stk-d01e2ba .stk-button .stk--inner-svg svg:last-child :is(g, path, rect, polygon, ellipse){fill:#ffffff !important;}.stk-d01e2ba .stk-button__inner-text{font-size:21px !important;color:#ffffff !important;}@media screen and (max-width: 1023px){.stk-d01e2ba .stk-button__inner-text{font-size:21px !important;}}<\/style><a aria-hidden=\"false\" role=\"button\" aria-expanded=\"false\" class=\"stk-link stk-button stk--hover-effect-darken\" href=\"https:\/\/gryc24.pl\/res\/files\/euipo.pdf\" target=\"_blank\" rel=\"noreferrer noopener\"><span class=\"stk--svg-wrapper\"><div class=\"stk--inner-svg\"><svg xmlns=\"http:\/\/www.w3.org\/2000\/svg\" viewBox=\"0 0 512 512\" aria-hidden=\"true\" width=\"32\" height=\"32\"><path d=\"M0 64C0 28.7 28.7 0 64 0L224 0l0 128c0 17.7 14.3 32 32 32l128 0 0 144-208 0c-35.3 0-64 28.7-64 64l0 144-48 0c-35.3 0-64-28.7-64-64L0 64zm384 64l-128 0L256 0 384 128zM176 352l32 0c30.9 0 56 25.1 56 56s-25.1 56-56 56l-16 0 0 32c0 8.8-7.2 16-16 16s-16-7.2-16-16l0-48 0-80c0-8.8 7.2-16 16-16zm32 80c13.3 0 24-10.7 24-24s-10.7-24-24-24l-16 0 0 48 16 0zm96-80l32 0c26.5 0 48 21.5 48 48l0 64c0 26.5-21.5 48-48 48l-32 0c-8.8 0-16-7.2-16-16l0-128c0-8.8 7.2-16 16-16zm32 128c8.8 0 16-7.2 16-16l0-64c0-8.8-7.2-16-16-16l-16 0 0 96 16 0zm80-112c0-8.8 7.2-16 16-16l48 0c8.8 0 16 7.2 16 16s-7.2 16-16 16l-32 0 0 32 32 0c8.8 0 16 7.2 16 16s-7.2 16-16 16l-32 0 0 48c0 8.8-7.2 16-16 16s-16-7.2-16-16l0-64 0-64z\"><\/path><\/svg><\/div><\/span><span class=\"has-text-color stk-button__inner-text\">\u041f\u0435\u0440\u0435\u0433\u043b\u044f\u043d\u0443\u0442\u0438 \u0441\u0435\u0440\u0442\u0438\u0444\u0456\u043a\u0430\u0442<\/span><\/a><\/div>\n<\/div><\/div>\n","protected":false},"excerpt":{"rendered":"<p>\u0414\u043e\u0441\u0432\u0456\u0434, \u044f\u043a\u0456\u0441\u0442\u044c \u043f\u0440\u043e\u0434\u0443\u043a\u0446\u0456\u0457 \u0442\u0430 \u0457\u0457 \u0444\u0443\u043d\u043a\u0446\u0456\u043e\u043d\u0430\u043b\u044c\u043d\u0456\u0441\u0442\u044c \u0454 \u043e\u0441\u043d\u043e\u0432\u043e\u044e \u0432\u0438\u043d\u0438\u043a\u043d\u0435\u043d\u043d\u044f \u0431\u0440\u0435\u043d\u0434\u0443 HAKNER. \u0421\u044c\u043e\u0433\u043e\u0434\u043d\u0456 \u043c\u0438 \u0454 \u043f\u0440\u043e\u0432\u0456\u0434\u043d\u0438\u043c \u043f\u0430\u0440\u0442\u043d\u0435\u0440\u043e\u043c \u0456 \u043f\u043e\u0441\u0442\u0430\u0447\u0430\u043b\u044c\u043d\u0438\u043a\u043e\u043c \u0444\u0443\u0440\u043d\u0456\u0442\u0443\u0440\u0438 \u0434\u043b\u044f \u0432\u0438\u0440\u043e\u0431\u043d\u0438\u0446\u0442\u0432\u0430 \u043c\u0435\u0431\u043b\u0456\u0432, \u0441\u0430\u043d\u0442\u0435\u0445\u043d\u0456\u043a\u0438 \u0442\u0430 \u0430\u043a\u0441\u0435\u0441\u0443\u0430\u0440\u0456\u0432 \u0434\u043b\u044f \u043f\u0456\u0434\u0442\u0440\u0438\u043c\u043a\u0438 \u0444\u0443\u043d\u043a\u0446\u0456\u043e\u043d\u0430\u043b\u044c\u043d\u043e\u0441\u0442\u0456 \u043c\u0435\u0431\u043b\u0456\u0432. \u0417\u0430\u0432\u0434\u044f\u043a\u0438 \u0432\u0438\u0441\u043e\u043a\u0456\u0439 \u044f\u043a\u043e\u0441\u0442\u0456 \u043f\u0440\u043e\u0434\u0443\u043a\u0446\u0456\u044f \u0431\u0440\u0435\u043d\u0434\u0443 HAKNER \u0437\u0430\u0431\u0435\u0437\u043f\u0435\u0447\u0443\u0454 \u043a\u043e\u043c\u0444\u043e\u0440\u0442 \u0432\u0438\u043a\u043e\u0440\u0438\u0441\u0442\u0430\u043d\u043d\u044f \u0442\u0430 \u0435\u0441\u0442\u0435\u0442\u0438\u0447\u043d\u0456\u0441\u0442\u044c, \u0430 \u0442\u0430\u043a\u043e\u0436 \u0432\u0456\u0434\u043f\u043e\u0432\u0456\u0434\u0430\u0454 \u0432\u0438\u0441\u043e\u043a\u0438\u043c \u0432\u0438\u043c\u043e\u0433\u0430\u043c \u043d\u0430\u0448\u0438\u0445 \u041a\u043b\u0456\u0454\u043d\u0442\u0456\u0432. \u0423 \u0434\u0438\u0437\u0430\u0439\u043d\u0456 \u0456\u043d\u0442\u0435\u0440\u2019\u0454\u0440\u0443 \u0432\u0430\u0436\u043b\u0438\u0432\u0456 \u0434\u0435\u0442\u0430\u043b\u0456. \u0412\u043e\u043d\u0438 \u0437\u0430\u0432\u0436\u0434\u0438 \u0432\u043f\u043b\u0438\u0432\u0430\u044e\u0442\u044c [&hellip;]<\/p>\n","protected":false},"author":1,"featured_media":0,"parent":0,"menu_order":52,"comment_status":"closed","ping_status":"closed","template":"","meta":{"_acf_changed":false,"qubely_global_settings":"","qubely_interactions":"","footnotes":""},"class_list":["post-1563","page","type-page","status-publish","hentry"],"acf":[],"yoast_head":"<!-- This site is optimized with the Yoast SEO plugin v27.2 - https:\/\/yoast.com\/product\/yoast-seo-wordpress\/ -->\n<title>\u041f\u0440\u043e \u0431\u0440\u0435\u043d\u0434 - Hakner<\/title>\n<meta name=\"robots\" content=\"index, follow, max-snippet:-1, max-image-preview:large, max-video-preview:-1\" \/>\n<link rel=\"canonical\" href=\"https:\/\/hakner.eu\/uk\/\u043f\u0440\u043e-\u0431\u0440\u0435\u043d\u0434\/\" \/>\n<meta property=\"og:locale\" content=\"en_US\" \/>\n<meta property=\"og:type\" content=\"article\" \/>\n<meta property=\"og:title\" content=\"\u041f\u0440\u043e \u0431\u0440\u0435\u043d\u0434 - Hakner\" \/>\n<meta property=\"og:description\" content=\"\u0414\u043e\u0441\u0432\u0456\u0434, \u044f\u043a\u0456\u0441\u0442\u044c \u043f\u0440\u043e\u0434\u0443\u043a\u0446\u0456\u0457 \u0442\u0430 \u0457\u0457 \u0444\u0443\u043d\u043a\u0446\u0456\u043e\u043d\u0430\u043b\u044c\u043d\u0456\u0441\u0442\u044c \u0454 \u043e\u0441\u043d\u043e\u0432\u043e\u044e \u0432\u0438\u043d\u0438\u043a\u043d\u0435\u043d\u043d\u044f \u0431\u0440\u0435\u043d\u0434\u0443 HAKNER. \u0421\u044c\u043e\u0433\u043e\u0434\u043d\u0456 \u043c\u0438 \u0454 \u043f\u0440\u043e\u0432\u0456\u0434\u043d\u0438\u043c \u043f\u0430\u0440\u0442\u043d\u0435\u0440\u043e\u043c \u0456 \u043f\u043e\u0441\u0442\u0430\u0447\u0430\u043b\u044c\u043d\u0438\u043a\u043e\u043c \u0444\u0443\u0440\u043d\u0456\u0442\u0443\u0440\u0438 \u0434\u043b\u044f \u0432\u0438\u0440\u043e\u0431\u043d\u0438\u0446\u0442\u0432\u0430 \u043c\u0435\u0431\u043b\u0456\u0432, \u0441\u0430\u043d\u0442\u0435\u0445\u043d\u0456\u043a\u0438 \u0442\u0430 \u0430\u043a\u0441\u0435\u0441\u0443\u0430\u0440\u0456\u0432 \u0434\u043b\u044f \u043f\u0456\u0434\u0442\u0440\u0438\u043c\u043a\u0438 \u0444\u0443\u043d\u043a\u0446\u0456\u043e\u043d\u0430\u043b\u044c\u043d\u043e\u0441\u0442\u0456 \u043c\u0435\u0431\u043b\u0456\u0432. \u0417\u0430\u0432\u0434\u044f\u043a\u0438 \u0432\u0438\u0441\u043e\u043a\u0456\u0439 \u044f\u043a\u043e\u0441\u0442\u0456 \u043f\u0440\u043e\u0434\u0443\u043a\u0446\u0456\u044f \u0431\u0440\u0435\u043d\u0434\u0443 HAKNER \u0437\u0430\u0431\u0435\u0437\u043f\u0435\u0447\u0443\u0454 \u043a\u043e\u043c\u0444\u043e\u0440\u0442 \u0432\u0438\u043a\u043e\u0440\u0438\u0441\u0442\u0430\u043d\u043d\u044f \u0442\u0430 \u0435\u0441\u0442\u0435\u0442\u0438\u0447\u043d\u0456\u0441\u0442\u044c, \u0430 \u0442\u0430\u043a\u043e\u0436 \u0432\u0456\u0434\u043f\u043e\u0432\u0456\u0434\u0430\u0454 \u0432\u0438\u0441\u043e\u043a\u0438\u043c \u0432\u0438\u043c\u043e\u0433\u0430\u043c \u043d\u0430\u0448\u0438\u0445 \u041a\u043b\u0456\u0454\u043d\u0442\u0456\u0432. \u0423 \u0434\u0438\u0437\u0430\u0439\u043d\u0456 \u0456\u043d\u0442\u0435\u0440\u2019\u0454\u0440\u0443 \u0432\u0430\u0436\u043b\u0438\u0432\u0456 \u0434\u0435\u0442\u0430\u043b\u0456. \u0412\u043e\u043d\u0438 \u0437\u0430\u0432\u0436\u0434\u0438 \u0432\u043f\u043b\u0438\u0432\u0430\u044e\u0442\u044c [&hellip;]\" \/>\n<meta property=\"og:url\" content=\"https:\/\/hakner.eu\/uk\/\u043f\u0440\u043e-\u0431\u0440\u0435\u043d\u0434\/\" \/>\n<meta property=\"og:site_name\" content=\"Hakner\" \/>\n<meta property=\"article:modified_time\" content=\"2025-02-03T07:49:19+00:00\" \/>\n<meta name=\"twitter:card\" content=\"summary_large_image\" \/>\n<meta name=\"twitter:label1\" content=\"Est. reading time\" \/>\n\t<meta name=\"twitter:data1\" content=\"2 minutes\" \/>\n<script type=\"application\/ld+json\" class=\"yoast-schema-graph\">{\"@context\":\"https:\/\/schema.org\",\"@graph\":[{\"@type\":\"WebPage\",\"@id\":\"https:\/\/hakner.eu\/uk\/%d0%bf%d1%80%d0%be-%d0%b1%d1%80%d0%b5%d0%bd%d0%b4\/\",\"url\":\"https:\/\/hakner.eu\/uk\/%d0%bf%d1%80%d0%be-%d0%b1%d1%80%d0%b5%d0%bd%d0%b4\/\",\"name\":\"\u041f\u0440\u043e \u0431\u0440\u0435\u043d\u0434 - Hakner\",\"isPartOf\":{\"@id\":\"https:\/\/hakner.eu\/#website\"},\"datePublished\":\"2022-10-26T13:23:04+00:00\",\"dateModified\":\"2025-02-03T07:49:19+00:00\",\"breadcrumb\":{\"@id\":\"https:\/\/hakner.eu\/uk\/%d0%bf%d1%80%d0%be-%d0%b1%d1%80%d0%b5%d0%bd%d0%b4\/#breadcrumb\"},\"inLanguage\":\"ua\",\"potentialAction\":[{\"@type\":\"ReadAction\",\"target\":[\"https:\/\/hakner.eu\/uk\/%d0%bf%d1%80%d0%be-%d0%b1%d1%80%d0%b5%d0%bd%d0%b4\/\"]}]},{\"@type\":\"BreadcrumbList\",\"@id\":\"https:\/\/hakner.eu\/uk\/%d0%bf%d1%80%d0%be-%d0%b1%d1%80%d0%b5%d0%bd%d0%b4\/#breadcrumb\",\"itemListElement\":[{\"@type\":\"ListItem\",\"position\":1,\"name\":\"Home\",\"item\":\"https:\/\/hakner.eu\/uk\/\"},{\"@type\":\"ListItem\",\"position\":2,\"name\":\"\u041f\u0440\u043e \u0431\u0440\u0435\u043d\u0434\"}]},{\"@type\":\"WebSite\",\"@id\":\"https:\/\/hakner.eu\/#website\",\"url\":\"https:\/\/hakner.eu\/\",\"name\":\"Hakner\",\"description\":\"Jako\u015b\u0107 Funkcjonalno\u015b\u0107 Design\",\"potentialAction\":[{\"@type\":\"SearchAction\",\"target\":{\"@type\":\"EntryPoint\",\"urlTemplate\":\"https:\/\/hakner.eu\/?s={search_term_string}\"},\"query-input\":{\"@type\":\"PropertyValueSpecification\",\"valueRequired\":true,\"valueName\":\"search_term_string\"}}],\"inLanguage\":\"ua\"}]}<\/script>\n<!-- \/ Yoast SEO plugin. -->","yoast_head_json":{"title":"\u041f\u0440\u043e \u0431\u0440\u0435\u043d\u0434 - Hakner","robots":{"index":"index","follow":"follow","max-snippet":"max-snippet:-1","max-image-preview":"max-image-preview:large","max-video-preview":"max-video-preview:-1"},"canonical":"https:\/\/hakner.eu\/uk\/\u043f\u0440\u043e-\u0431\u0440\u0435\u043d\u0434\/","og_locale":"en_US","og_type":"article","og_title":"\u041f\u0440\u043e \u0431\u0440\u0435\u043d\u0434 - Hakner","og_description":"\u0414\u043e\u0441\u0432\u0456\u0434, \u044f\u043a\u0456\u0441\u0442\u044c \u043f\u0440\u043e\u0434\u0443\u043a\u0446\u0456\u0457 \u0442\u0430 \u0457\u0457 \u0444\u0443\u043d\u043a\u0446\u0456\u043e\u043d\u0430\u043b\u044c\u043d\u0456\u0441\u0442\u044c \u0454 \u043e\u0441\u043d\u043e\u0432\u043e\u044e \u0432\u0438\u043d\u0438\u043a\u043d\u0435\u043d\u043d\u044f \u0431\u0440\u0435\u043d\u0434\u0443 HAKNER. \u0421\u044c\u043e\u0433\u043e\u0434\u043d\u0456 \u043c\u0438 \u0454 \u043f\u0440\u043e\u0432\u0456\u0434\u043d\u0438\u043c \u043f\u0430\u0440\u0442\u043d\u0435\u0440\u043e\u043c \u0456 \u043f\u043e\u0441\u0442\u0430\u0447\u0430\u043b\u044c\u043d\u0438\u043a\u043e\u043c \u0444\u0443\u0440\u043d\u0456\u0442\u0443\u0440\u0438 \u0434\u043b\u044f \u0432\u0438\u0440\u043e\u0431\u043d\u0438\u0446\u0442\u0432\u0430 \u043c\u0435\u0431\u043b\u0456\u0432, \u0441\u0430\u043d\u0442\u0435\u0445\u043d\u0456\u043a\u0438 \u0442\u0430 \u0430\u043a\u0441\u0435\u0441\u0443\u0430\u0440\u0456\u0432 \u0434\u043b\u044f \u043f\u0456\u0434\u0442\u0440\u0438\u043c\u043a\u0438 \u0444\u0443\u043d\u043a\u0446\u0456\u043e\u043d\u0430\u043b\u044c\u043d\u043e\u0441\u0442\u0456 \u043c\u0435\u0431\u043b\u0456\u0432. \u0417\u0430\u0432\u0434\u044f\u043a\u0438 \u0432\u0438\u0441\u043e\u043a\u0456\u0439 \u044f\u043a\u043e\u0441\u0442\u0456 \u043f\u0440\u043e\u0434\u0443\u043a\u0446\u0456\u044f \u0431\u0440\u0435\u043d\u0434\u0443 HAKNER \u0437\u0430\u0431\u0435\u0437\u043f\u0435\u0447\u0443\u0454 \u043a\u043e\u043c\u0444\u043e\u0440\u0442 \u0432\u0438\u043a\u043e\u0440\u0438\u0441\u0442\u0430\u043d\u043d\u044f \u0442\u0430 \u0435\u0441\u0442\u0435\u0442\u0438\u0447\u043d\u0456\u0441\u0442\u044c, \u0430 \u0442\u0430\u043a\u043e\u0436 \u0432\u0456\u0434\u043f\u043e\u0432\u0456\u0434\u0430\u0454 \u0432\u0438\u0441\u043e\u043a\u0438\u043c \u0432\u0438\u043c\u043e\u0433\u0430\u043c \u043d\u0430\u0448\u0438\u0445 \u041a\u043b\u0456\u0454\u043d\u0442\u0456\u0432. \u0423 \u0434\u0438\u0437\u0430\u0439\u043d\u0456 \u0456\u043d\u0442\u0435\u0440\u2019\u0454\u0440\u0443 \u0432\u0430\u0436\u043b\u0438\u0432\u0456 \u0434\u0435\u0442\u0430\u043b\u0456. \u0412\u043e\u043d\u0438 \u0437\u0430\u0432\u0436\u0434\u0438 \u0432\u043f\u043b\u0438\u0432\u0430\u044e\u0442\u044c [&hellip;]","og_url":"https:\/\/hakner.eu\/uk\/\u043f\u0440\u043e-\u0431\u0440\u0435\u043d\u0434\/","og_site_name":"Hakner","article_modified_time":"2025-02-03T07:49:19+00:00","twitter_card":"summary_large_image","twitter_misc":{"Est. reading time":"2 minutes"},"schema":{"@context":"https:\/\/schema.org","@graph":[{"@type":"WebPage","@id":"https:\/\/hakner.eu\/uk\/%d0%bf%d1%80%d0%be-%d0%b1%d1%80%d0%b5%d0%bd%d0%b4\/","url":"https:\/\/hakner.eu\/uk\/%d0%bf%d1%80%d0%be-%d0%b1%d1%80%d0%b5%d0%bd%d0%b4\/","name":"\u041f\u0440\u043e \u0431\u0440\u0435\u043d\u0434 - Hakner","isPartOf":{"@id":"https:\/\/hakner.eu\/#website"},"datePublished":"2022-10-26T13:23:04+00:00","dateModified":"2025-02-03T07:49:19+00:00","breadcrumb":{"@id":"https:\/\/hakner.eu\/uk\/%d0%bf%d1%80%d0%be-%d0%b1%d1%80%d0%b5%d0%bd%d0%b4\/#breadcrumb"},"inLanguage":"ua","potentialAction":[{"@type":"ReadAction","target":["https:\/\/hakner.eu\/uk\/%d0%bf%d1%80%d0%be-%d0%b1%d1%80%d0%b5%d0%bd%d0%b4\/"]}]},{"@type":"BreadcrumbList","@id":"https:\/\/hakner.eu\/uk\/%d0%bf%d1%80%d0%be-%d0%b1%d1%80%d0%b5%d0%bd%d0%b4\/#breadcrumb","itemListElement":[{"@type":"ListItem","position":1,"name":"Home","item":"https:\/\/hakner.eu\/uk\/"},{"@type":"ListItem","position":2,"name":"\u041f\u0440\u043e \u0431\u0440\u0435\u043d\u0434"}]},{"@type":"WebSite","@id":"https:\/\/hakner.eu\/#website","url":"https:\/\/hakner.eu\/","name":"Hakner","description":"Jako\u015b\u0107 Funkcjonalno\u015b\u0107 Design","potentialAction":[{"@type":"SearchAction","target":{"@type":"EntryPoint","urlTemplate":"https:\/\/hakner.eu\/?s={search_term_string}"},"query-input":{"@type":"PropertyValueSpecification","valueRequired":true,"valueName":"search_term_string"}}],"inLanguage":"ua"}]}},"_links":{"self":[{"href":"https:\/\/hakner.eu\/uk\/wp-json\/wp\/v2\/pages\/1563","targetHints":{"allow":["GET"]}}],"collection":[{"href":"https:\/\/hakner.eu\/uk\/wp-json\/wp\/v2\/pages"}],"about":[{"href":"https:\/\/hakner.eu\/uk\/wp-json\/wp\/v2\/types\/page"}],"author":[{"embeddable":true,"href":"https:\/\/hakner.eu\/uk\/wp-json\/wp\/v2\/users\/1"}],"replies":[{"embeddable":true,"href":"https:\/\/hakner.eu\/uk\/wp-json\/wp\/v2\/comments?post=1563"}],"version-history":[{"count":4,"href":"https:\/\/hakner.eu\/uk\/wp-json\/wp\/v2\/pages\/1563\/revisions"}],"predecessor-version":[{"id":7005,"href":"https:\/\/hakner.eu\/uk\/wp-json\/wp\/v2\/pages\/1563\/revisions\/7005"}],"wp:attachment":[{"href":"https:\/\/hakner.eu\/uk\/wp-json\/wp\/v2\/media?parent=1563"}],"curies":[{"name":"wp","href":"https:\/\/api.w.org\/{rel}","templated":true}]}}